{"id":111,"date":"2018-04-13T14:32:51","date_gmt":"2018-04-13T11:32:51","guid":{"rendered":"http:\/\/savvusann.ee\/?page_id=111"},"modified":"2021-04-05T11:15:30","modified_gmt":"2021-04-05T08:15:30","slug":"linke-suitsusaunade-teemalehtedele","status":"publish","type":"page","link":"https:\/\/savvusann.ee\/et\/linke-suitsusaunade-teemalehtedele\/","title":{"rendered":"Vana-V\u00f5romaa suitsusaunade koost\u00f6\u00f6kogu"},"content":{"rendered":"<p><strong>Vana-V\u00f5romaa suitsusaunade koost\u00f6\u00f6kogu<\/strong> on erinevate organisatsioonide esindajate ning aktiivsete kodanike vabatahtlik tegutsemis\u00fchendus, mida liidab \u00fchine eesm\u00e4rk &#8211; hoida ja toetada suitsusaunakombestiku eluj\u00f5ulisust Vana-V\u00f5romaal.<\/p>\n<p>Suitsusaunap\u00e4randi hoidmiseks ning tutvustamiseks v\u00f5ib tegevusi algatada iga\u00fcks kas eraisikuna, seltsiga v\u00f5i ettev\u00f5ttena. Koost\u00f6\u00f6kogu saab ettev\u00f5tmiste \u00f5nnestumisele kaasa aidata: leida vajalikke kontakte, jagada teadmisi, viia kokku inimesi ning organisatsioone.<\/p>\n<p>Koost\u00f6\u00f6kogu peab tegutsemisel silmas <a href=\"https:\/\/savvusann.ee\/wp-content\/uploads\/2019\/03\/tegkava_kodolehele.pdf\" target=\"_blank\" rel=\"noopener noreferrer\">saunap\u00e4randi edendamise tegevuskava 2012-2020.<\/a><\/p>\n<p>Koost\u00f6\u00f6kogu on teinud kokkuv\u00f5tliku \u00fclevaate, <a href=\"https:\/\/savvusann.ee\/wp-content\/uploads\/2019\/12\/tegevuskava_t\u00e4\u00fctmine_2013-2019_kokkovote_nov2019-1.pdf\" target=\"_blank\" rel=\"noopener noreferrer\">mis on plaanitud tegevustest toimunud 2012-2019<\/a><a href=\"https:\/\/savvusann.ee\/wp-content\/uploads\/2019\/12\/tegevuskava_t\u00e4\u00fctmine_2013-2019_kokkovote_nov2019.pdf\" target=\"_blank\" rel=\"noopener noreferrer\">. <\/a>Kavandatakse edasisi plaane.<\/p>\n<p>Koost\u00f6\u00f6kogus on saunaperesid, suitsusauna teenuseid pakkuvaid ettev\u00f5tjaid, piirkonna muuseumid, uurimisasutused, saunade ehitamise ja remondiga seotud ettev\u00f5tjaid, p\u00e4randispetsialiste. Koost\u00f6\u00f6kogu on avatud liituda soovijatele.<\/p>\n<p>Koost\u00f6\u00f6kogu tegevusi koordineerivaks organisatsiooniks on MT\u00dc V\u00f5ro Selts VKKF.<\/p>\n<p>Tule oma ideedega ja tegutsemissooviga kampa!<\/p>\n<p>Kontaktid:<\/p>\n<p>K\u00fclli Eichenbaum<\/p>\n<p>koost\u00f6\u00f6kogu infojuht<\/p>\n<p>tel 56611924<\/p>\n<p><a href=\"&#x6d;&#x61;&#105;&#108;to&#x3a;&#x6b;&#x79;&#108;li&#x2e;&#x65;&#x69;&#99;&#104;e&#x6e;&#x62;&#x61;&#117;&#109;&#64;&#x67;&#x6d;&#x61;&#105;&#108;&#46;c&#x6f;&#x6d;\">kyll&#105;&#46;&#101;&#105;&#99;&#x68;&#x65;&#x6e;&#x62;&#x61;&#x75;&#x6d;&#64;gma&#105;&#108;&#46;&#99;&#111;&#x6d;<\/a><\/p>\n<p>&nbsp;<\/p>\n<p>Eda Veeroja<\/p>\n<p>Mooska talu perenaine<\/p>\n<p>tel 5032341<\/p>\n<p><a href=\"m&#97;&#105;&#x6c;&#x74;&#x6f;:&#101;&#100;&#x61;&#x2e;&#x76;ee&#114;&#x6f;&#x6a;&#x61;&#64;g&#109;&#97;&#x69;&#x6c;&#x2e;c&#111;&#109;\">&#x65;d&#x61;&#46;&#x76;&#101;&#x65;&#x72;o&#x6a;&#97;&#x40;&#103;&#x6d;&#97;i&#x6c;&#46;&#x63;&#111;&#x6d;<\/a><\/p>\n<p>&nbsp;<\/p>\n<h3>Linke suitsusaunade teemalehtedele<\/h3>\n<p><a href=\"https:\/\/rahvakultuur.ee\/vkp\/nimistu\/\" target=\"_blank\" rel=\"noopener\">Eesti vaimse kultuurip\u00e4randi nimistu<\/a><br \/>\nkanded suitsusauna ja saunas lihasuitsutamise kohta<\/p>\n<p><a href=\"http:\/\/mooska.eu\/\" target=\"_blank\" rel=\"noopener noreferrer\">Haanjamaa suitsusaun<\/a> v\u00f5tab vastu k\u00fclalisi ja \u00f5petab lihasuitsutamist<\/p>\n<p><a href=\"http:\/\/www.hinokad.eu\/Suitsusaunad\" target=\"_blank\" rel=\"noopener noreferrer\">MT\u00dc Hinokad<\/a> \u2013 uurivad ja kirjutavad suitsusaunast, loe kerise ehitamisest ja koobassaunadest<\/p>\n<p><a href=\"http:\/\/www.savusauna.fi\/\" target=\"_blank\" rel=\"noopener noreferrer\">Soome suitsusaunaklubi<\/a><\/p>\n<p>Saunatarbeid vaata ja osta Vana-V\u00f5romaa e-poest <a href=\"https:\/\/umapuut.ee\/kategooria\/saunakaubad\/\" target=\"_blank\" rel=\"noopener\">Uma Puut<\/a><\/p>\n","protected":false},"excerpt":{"rendered":"<p>Vana-V\u00f5romaa suitsusaunade koost\u00f6\u00f6kogu on erinevate organisatsioonide esindajate ning aktiivsete kodanike vabatahtlik tegutsemis\u00fchendus, mida liidab \u00fchine eesm\u00e4rk &#8211; hoida ja toetada suitsusaunakombestiku eluj\u00f5ulisust Vana-V\u00f5romaal. Suitsusaunap\u00e4randi hoidmiseks [&hellip;]<\/p>\n","protected":false},"author":1,"featured_media":0,"parent":0,"menu_order":0,"comment_status":"closed","ping_status":"closed","template":"","meta":{"footnotes":""},"class_list":["post-111","page","type-page","status-publish","hentry"],"yoast_head":"<!-- This site is optimized with the Yoast SEO plugin v27.4 - https:\/\/yoast.com\/product\/yoast-seo-wordpress\/ -->\n<title>Vana-V\u00f5romaa suitsusaunade koost\u00f6\u00f6kogu - Savvusann<\/title>\n<meta name=\"description\" content=\"Vana-V\u00f5romaa suitsusaunade koost\u00f6\u00f6kogu, suitsusaunade koost\u00f6\u00f6kogu, savvusannu kuunt\u00fc\u00fckogo,\" \/>\n<meta name=\"robots\" content=\"index, follow, max-snippet:-1, max-image-preview:large, max-video-preview:-1\" \/>\n<link rel=\"canonical\" href=\"https:\/\/savvusann.ee\/et\/linke-suitsusaunade-teemalehtedele\/\" \/>\n<meta property=\"og:locale\" content=\"et_EE\" \/>\n<meta property=\"og:type\" content=\"article\" \/>\n<meta property=\"og:title\" content=\"Vana-V\u00f5romaa suitsusaunade koost\u00f6\u00f6kogu - Savvusann\" \/>\n<meta property=\"og:description\" content=\"Vana-V\u00f5romaa suitsusaunade koost\u00f6\u00f6kogu, suitsusaunade koost\u00f6\u00f6kogu, savvusannu kuunt\u00fc\u00fckogo,\" \/>\n<meta property=\"og:url\" content=\"https:\/\/savvusann.ee\/et\/linke-suitsusaunade-teemalehtedele\/\" \/>\n<meta property=\"og:site_name\" content=\"Savvusann\" \/>\n<meta property=\"article:modified_time\" content=\"2021-04-05T08:15:30+00:00\" \/>\n<meta name=\"twitter:card\" content=\"summary_large_image\" \/>\n<meta name=\"twitter:label1\" content=\"Est. reading time\" \/>\n\t<meta name=\"twitter:data1\" content=\"1 minut\" \/>\n<script type=\"application\/ld+json\" class=\"yoast-schema-graph\">{\"@context\":\"https:\\\/\\\/schema.org\",\"@graph\":[{\"@type\":\"WebPage\",\"@id\":\"https:\\\/\\\/savvusann.ee\\\/et\\\/linke-suitsusaunade-teemalehtedele\\\/\",\"url\":\"https:\\\/\\\/savvusann.ee\\\/et\\\/linke-suitsusaunade-teemalehtedele\\\/\",\"name\":\"Vana-V\u00f5romaa suitsusaunade koost\u00f6\u00f6kogu - Savvusann\",\"isPartOf\":{\"@id\":\"https:\\\/\\\/savvusann.ee\\\/et\\\/#website\"},\"datePublished\":\"2018-04-13T11:32:51+00:00\",\"dateModified\":\"2021-04-05T08:15:30+00:00\",\"description\":\"Vana-V\u00f5romaa suitsusaunade koost\u00f6\u00f6kogu, suitsusaunade koost\u00f6\u00f6kogu, savvusannu kuunt\u00fc\u00fckogo,\",\"breadcrumb\":{\"@id\":\"https:\\\/\\\/savvusann.ee\\\/et\\\/linke-suitsusaunade-teemalehtedele\\\/#breadcrumb\"},\"inLanguage\":\"et\",\"potentialAction\":[{\"@type\":\"ReadAction\",\"target\":[\"https:\\\/\\\/savvusann.ee\\\/et\\\/linke-suitsusaunade-teemalehtedele\\\/\"]}]},{\"@type\":\"BreadcrumbList\",\"@id\":\"https:\\\/\\\/savvusann.ee\\\/et\\\/linke-suitsusaunade-teemalehtedele\\\/#breadcrumb\",\"itemListElement\":[{\"@type\":\"ListItem\",\"position\":1,\"name\":\"Home\",\"item\":\"https:\\\/\\\/savvusann.ee\\\/et\\\/\"},{\"@type\":\"ListItem\",\"position\":2,\"name\":\"Vana-V\u00f5romaa suitsusaunade koost\u00f6\u00f6kogu\"}]},{\"@type\":\"WebSite\",\"@id\":\"https:\\\/\\\/savvusann.ee\\\/et\\\/#website\",\"url\":\"https:\\\/\\\/savvusann.ee\\\/et\\\/\",\"name\":\"Savvusann\",\"description\":\"Vana-V\u00f5romaa Savvusann\",\"potentialAction\":[{\"@type\":\"SearchAction\",\"target\":{\"@type\":\"EntryPoint\",\"urlTemplate\":\"https:\\\/\\\/savvusann.ee\\\/et\\\/?s={search_term_string}\"},\"query-input\":{\"@type\":\"PropertyValueSpecification\",\"valueRequired\":true,\"valueName\":\"search_term_string\"}}],\"inLanguage\":\"et\"}]}<\/script>\n<!-- \/ Yoast SEO plugin. -->","yoast_head_json":{"title":"Vana-V\u00f5romaa suitsusaunade koost\u00f6\u00f6kogu - Savvusann","description":"Vana-V\u00f5romaa suitsusaunade koost\u00f6\u00f6kogu, suitsusaunade koost\u00f6\u00f6kogu, savvusannu kuunt\u00fc\u00fckogo,","robots":{"index":"index","follow":"follow","max-snippet":"max-snippet:-1","max-image-preview":"max-image-preview:large","max-video-preview":"max-video-preview:-1"},"canonical":"https:\/\/savvusann.ee\/et\/linke-suitsusaunade-teemalehtedele\/","og_locale":"et_EE","og_type":"article","og_title":"Vana-V\u00f5romaa suitsusaunade koost\u00f6\u00f6kogu - Savvusann","og_description":"Vana-V\u00f5romaa suitsusaunade koost\u00f6\u00f6kogu, suitsusaunade koost\u00f6\u00f6kogu, savvusannu kuunt\u00fc\u00fckogo,","og_url":"https:\/\/savvusann.ee\/et\/linke-suitsusaunade-teemalehtedele\/","og_site_name":"Savvusann","article_modified_time":"2021-04-05T08:15:30+00:00","twitter_card":"summary_large_image","twitter_misc":{"Est. reading time":"1 minut"},"schema":{"@context":"https:\/\/schema.org","@graph":[{"@type":"WebPage","@id":"https:\/\/savvusann.ee\/et\/linke-suitsusaunade-teemalehtedele\/","url":"https:\/\/savvusann.ee\/et\/linke-suitsusaunade-teemalehtedele\/","name":"Vana-V\u00f5romaa suitsusaunade koost\u00f6\u00f6kogu - Savvusann","isPartOf":{"@id":"https:\/\/savvusann.ee\/et\/#website"},"datePublished":"2018-04-13T11:32:51+00:00","dateModified":"2021-04-05T08:15:30+00:00","description":"Vana-V\u00f5romaa suitsusaunade koost\u00f6\u00f6kogu, suitsusaunade koost\u00f6\u00f6kogu, savvusannu kuunt\u00fc\u00fckogo,","breadcrumb":{"@id":"https:\/\/savvusann.ee\/et\/linke-suitsusaunade-teemalehtedele\/#breadcrumb"},"inLanguage":"et","potentialAction":[{"@type":"ReadAction","target":["https:\/\/savvusann.ee\/et\/linke-suitsusaunade-teemalehtedele\/"]}]},{"@type":"BreadcrumbList","@id":"https:\/\/savvusann.ee\/et\/linke-suitsusaunade-teemalehtedele\/#breadcrumb","itemListElement":[{"@type":"ListItem","position":1,"name":"Home","item":"https:\/\/savvusann.ee\/et\/"},{"@type":"ListItem","position":2,"name":"Vana-V\u00f5romaa suitsusaunade koost\u00f6\u00f6kogu"}]},{"@type":"WebSite","@id":"https:\/\/savvusann.ee\/et\/#website","url":"https:\/\/savvusann.ee\/et\/","name":"Savvusann","description":"Vana-V\u00f5romaa Savvusann","potentialAction":[{"@type":"SearchAction","target":{"@type":"EntryPoint","urlTemplate":"https:\/\/savvusann.ee\/et\/?s={search_term_string}"},"query-input":{"@type":"PropertyValueSpecification","valueRequired":true,"valueName":"search_term_string"}}],"inLanguage":"et"}]}},"_links":{"self":[{"href":"https:\/\/savvusann.ee\/et\/wp-json\/wp\/v2\/pages\/111","targetHints":{"allow":["GET"]}}],"collection":[{"href":"https:\/\/savvusann.ee\/et\/wp-json\/wp\/v2\/pages"}],"about":[{"href":"https:\/\/savvusann.ee\/et\/wp-json\/wp\/v2\/types\/page"}],"author":[{"embeddable":true,"href":"https:\/\/savvusann.ee\/et\/wp-json\/wp\/v2\/users\/1"}],"replies":[{"embeddable":true,"href":"https:\/\/savvusann.ee\/et\/wp-json\/wp\/v2\/comments?post=111"}],"version-history":[{"count":9,"href":"https:\/\/savvusann.ee\/et\/wp-json\/wp\/v2\/pages\/111\/revisions"}],"predecessor-version":[{"id":2090,"href":"https:\/\/savvusann.ee\/et\/wp-json\/wp\/v2\/pages\/111\/revisions\/2090"}],"wp:attachment":[{"href":"https:\/\/savvusann.ee\/et\/wp-json\/wp\/v2\/media?parent=111"}],"curies":[{"name":"wp","href":"https:\/\/api.w.org\/{rel}","templated":true}]}}