{"id":114,"date":"2018-04-13T14:39:30","date_gmt":"2018-04-13T11:39:30","guid":{"rendered":"http:\/\/savvusann.ee\/?page_id=114"},"modified":"2023-02-17T09:46:49","modified_gmt":"2023-02-17T07:46:49","slug":"turismisaunad","status":"publish","type":"page","link":"https:\/\/savvusann.ee\/et\/tule-kulla\/turismisaunad\/","title":{"rendered":"Suitsusaunad turismitaludes ja muuseumites"},"content":{"rendered":"<h3>Kui omal ega ka \u00fchelgi tuttaval suitsusauna pole, siis tule V\u00f5romaale suitsusauna.<\/h3>\n<p>Vana-V\u00f5romaal on p\u00e4ris palju turismitalusid, kes pakuvad oma k\u00fclastajatele muu hulgas ka suitsusaunas k\u00e4imist. Kui Sul varasemat kogemust pole, vali talu, kus keegi pererahvast kindlasti k\u00fclalistega sauna kaasa tuleb ja seletusi jagab.<\/p>\n<p>Suitsusauna ja saunap\u00e4rimusega saab p\u00f5gusat tutvust teha\u00a0 ka Vana-V\u00f5romaa muuseumites.<\/p>\n<p><span style=\"color: #008000;\"><strong>Suitsusauna on v\u00f5imalik broneerida visitvoru.ee online keskkonna kaudu<\/strong><\/span><br \/>\n<span style=\"color: #008000;\">Link visitvoru lehel\u00a0<strong><a style=\"color: #008000;\" href=\"https:\/\/www.visitvoru.ee\/broneeri_suitsusaun\">https:\/\/www.visitvoru.ee\/broneeri_suitsusaun<\/a><\/strong>\u00a0viib Vana-V\u00f5romaale ja n\u00e4itab kohe huvilisele, millised talud ootavad saunalisi.<\/span><\/p>\n<p><span style=\"color: #008000;\"><strong>Sama lehe l\u00f5pus j\u00f5uad\u00a0 Navicup kaardile, kus on n\u00e4ha k\u00f5ikide Vana-V\u00f5romaa suitsusaunade asukohad.\u00a0<\/strong><\/span><\/p>\n<p>Infoleht <a href=\"https:\/\/savvusann.ee\/wp-content\/uploads\/2019\/08\/savvusann_eestikeelne_infoleht_2019_veeb.pdf\" target=\"_blank\" rel=\"noopener noreferrer\">Vana-V\u00f5romaa suitsusaunatavadest<\/a>.<\/p>\n<p><a href=\"https:\/\/savvusann.ee\/wp-content\/uploads\/2019\/09\/savvusann_venekeelne_infoleht2019_veeb.pdf\" target=\"_blank\" rel=\"noopener noreferrer\">Infoleht venekeelsena<\/a><\/p>\n<p><a href=\"https:\/\/savvusann.ee\/wp-content\/uploads\/2019\/08\/savvusann_soomekeelne_infoleht_2019_veeb.pdf\" target=\"_blank\" rel=\"noopener noreferrer\">Infoleht soome keeles<\/a><\/p>\n<p><a href=\"https:\/\/savvusann.ee\/wp-content\/uploads\/2019\/08\/savvusann_inglisekeelne_infoleht_2019_veeb.pdf\" target=\"_blank\" rel=\"noopener noreferrer\">Infoleht inglise keeles<\/a><\/p>\n<p><a href=\"https:\/\/savvusann.ee\/wp-content\/uploads\/2019\/04\/savvusann_saksakeelne_infoleht_2019_veebi.pdf\" target=\"_blank\" rel=\"noopener noreferrer\">Infoleht saksa keeles<\/a><\/p>\n<h3>Suitsusaunad Vana-V\u00f5romaa ja Setomaa turismitaludes:<strong>\u00a0<\/strong><\/h3>\n<p><a href=\"http:\/\/www.elmaritalu.ee\" target=\"_blank\" rel=\"noopener noreferrer\"><strong>Elmari talu<\/strong><\/a><\/p>\n<p><a href=\"https:\/\/www.puhkaeestis.ee\/et\/miniretriit-ehk-suitsusauna-paastu-ja-vaikusepaev-hundiallika-talus\" target=\"_blank\" rel=\"noopener\"><strong>Hundiallika suitsusaun<\/strong><\/a><\/p>\n<p><a href=\"https:\/\/hamsa.ee\/\" target=\"_blank\" rel=\"noopener noreferrer\"><strong>H\u00e4msaare puhketalu<\/strong><\/a><\/p>\n<p><a href=\"http:\/\/joeveerepuhkekula.weebly.com\/tutvustus.html\" target=\"_blank\" rel=\"noopener noreferrer\"><strong>J\u00f5eveere talu<\/strong><\/a><\/p>\n<p><a href=\"https:\/\/www.facebook.com\/pg\/Kalda-Loodustalu-Postiteel-243149136638699\/about\/?ref=page_internal\" target=\"_blank\" rel=\"noopener noreferrer\"><strong>Kalda Loodustalu Postiteel<\/strong><\/a><\/p>\n<p><strong><a href=\"https:\/\/kiidi.ee\/\" target=\"_blank\" rel=\"noopener noreferrer\">Kiidi turismitalu suitsusaun<\/a><\/strong><\/p>\n<p><strong><a href=\"https:\/\/hotelwebsitebooking.com\/kivioru-suitsusaun\/rooms\" target=\"_blank\" rel=\"noopener\">Kivioru suitsusaun<\/a><\/strong><\/p>\n<p><strong><a href=\"https:\/\/www.puhkaeestis.ee\/et\/korgemae-puhketalu-suitsusaun\" target=\"_blank\" rel=\"noopener noreferrer\">K\u00f5rgem\u00e4e puhketalu<\/a><\/strong><\/p>\n<p><a href=\"https:\/\/www.puhkaeestis.ee\/et\/kulalistemaja-kevvai-suitsusaun\" target=\"_blank\" rel=\"noopener noreferrer\"><strong>K\u00fclalistemaja Kevvai suitsusaun<\/strong><\/a><\/p>\n<p><a href=\"http:\/\/www.mooska.eu\" target=\"_blank\" rel=\"noopener noreferrer\"><strong>Mooska suitsusaun<\/strong><\/a><\/p>\n<p><a href=\"http:\/\/talupuhkemaja.ee\/et\/home\" target=\"_blank\" rel=\"noopener noreferrer\"><strong>M\u00e4nni talu puhkemaja<\/strong><\/a><\/p>\n<p><a href=\"https:\/\/www.puhkaeestis.ee\/et\/pedaja-puhketalu-suitsusaun-kumblustunn-ja-autosaun\" target=\"_blank\" rel=\"noopener noreferrer\"><strong>Pedaja Puhketalu suitsusaun<\/strong><\/a><\/p>\n<p><a href=\"http:\/\/www.puhkemaja.ee\" target=\"_blank\" rel=\"noopener noreferrer\"><strong>Piusa \u00dcrgoru puhkemaja<\/strong><\/a><\/p>\n<p><a href=\"https:\/\/www.puhkaeestis.ee\/et\/rosna-puhkemaja-suitsusaun\" target=\"_blank\" rel=\"noopener noreferrer\"><strong>R\u00f5sna Puhkemaja suitsusaun<\/strong><\/a><\/p>\n<p><a href=\"https:\/\/www.puhkaeestis.ee\/et\/paivora-talu-suitsusaun\" target=\"_blank\" rel=\"noopener noreferrer\"><strong>P\u00e4ivora talu suitsusaun<\/strong><\/a><\/p>\n<p><a href=\"http:\/\/www.saunamaa.ee\/\" target=\"_blank\" rel=\"noopener noreferrer\"><strong>Saunamaa<\/strong><\/a><\/p>\n<p><strong><a href=\"https:\/\/seedripuhketalu.ee\/suitsusauna-kompleks\/\" target=\"_blank\" rel=\"noopener noreferrer\">Seedri puhketalu<\/a><\/strong><\/p>\n<p><a href=\"https:\/\/www.puhkaeestis.ee\/et\/taevaskoja-salamaa-saunamaa\" target=\"_blank\" rel=\"noopener noreferrer\"><strong>Taevaskoja Salamaa Saunamaa<\/strong><\/a><\/p>\n<p><a href=\"http:\/\/www.tikutalu.ee\/suitsusaun\" target=\"_blank\" rel=\"noopener noreferrer\"><strong>Tiku suitsusaun<\/strong><\/a><\/p>\n<p><a href=\"http:\/\/www.noiariik.ee\" target=\"_blank\" rel=\"noopener noreferrer\"><strong>Uhtj\u00e4rve \u00dcrgoru N\u00f5iariik<\/strong><\/a><\/p>\n<p><a href=\"http:\/\/www.metsavennatalu.ee\/index.php?act=article&amp;id=39\" target=\"_blank\" rel=\"noopener noreferrer\"><strong>Metsavenna talu<\/strong><\/a><\/p>\n<p><a href=\"http:\/\/www.pinna.ee\" target=\"_blank\" rel=\"noopener noreferrer\"><strong>Pinnam\u00e4e puhkemaja <\/strong><\/a><\/p>\n<p><a href=\"http:\/\/www.suhka.ee\" target=\"_blank\" rel=\"noopener noreferrer\"><strong>Suhka talu<\/strong><\/a><\/p>\n<p><a href=\"https:\/\/vabadusetalu.wordpress.com\/\" target=\"_blank\" rel=\"noopener\"><strong>Vabaduse talu suitsusaun<\/strong><\/a><\/p>\n<p><strong><a href=\"https:\/\/www.facebook.com\/%C3%84rni-suitsusaun-110216774188303\/\" target=\"_blank\" rel=\"noopener\">\u00c4rni suitsusaun<\/a><\/strong><\/p>\n<p><a href=\"http:\/\/www.oruvilla.ee\" target=\"_blank\" rel=\"noopener noreferrer\"><strong>\u00d6\u00f6bikuoru Villa<\/strong><\/a><\/p>\n<p>Viimati \u00fcle vaadatud\u00a0 25.01.2023<\/p>\n<h3><strong>Suitsusaunad Vana-V\u00f5romaa<\/strong> <strong>muuseumites\u00a0 ja k\u00fclastuskeskustes: <\/strong><\/h3>\n<p><strong>\u00a0<\/strong><a href=\"http:\/\/www.monistemuuseum.ee\" target=\"_blank\" rel=\"noopener noreferrer\"><strong>M\u00f5niste muuseum<\/strong><\/a><\/p>\n<p>Talumuuseumis saab vaadata ja sisse astuda kahte suitsusauna &#8211; vanem saun on eksponaat 19. sajandist, aga uuem saun on selline, mida ka k\u00f6etakse ja seal m\u00f5nikord lihagi suitsutatakse.<\/p>\n<div id=\"attachment_1475\" style=\"width: 410px\" class=\"wp-caption alignnone\"><a href=\"https:\/\/savvusann.ee\/wp-content\/uploads\/2019\/08\/moniste_vana_sann_toomas_kalve_v.jpg\" target=\"_blank\" rel=\"noopener noreferrer\" data-rel=\"lightbox-image-0\" data-rl_title=\"\" data-rl_caption=\"\" title=\"\"><img decoding=\"async\" aria-describedby=\"caption-attachment-1475\" class=\"wp-image-1475 size-medium\" src=\"https:\/\/savvusann.ee\/wp-content\/uploads\/2019\/08\/moniste_vana_sann_toomas_kalve_v-400x267.jpg\" alt=\"\" width=\"400\" height=\"267\" srcset=\"https:\/\/savvusann.ee\/wp-content\/uploads\/2019\/08\/moniste_vana_sann_toomas_kalve_v-400x267.jpg 400w, https:\/\/savvusann.ee\/wp-content\/uploads\/2019\/08\/moniste_vana_sann_toomas_kalve_v-768x512.jpg 768w, https:\/\/savvusann.ee\/wp-content\/uploads\/2019\/08\/moniste_vana_sann_toomas_kalve_v-1024x683.jpg 1024w, https:\/\/savvusann.ee\/wp-content\/uploads\/2019\/08\/moniste_vana_sann_toomas_kalve_v.jpg 1500w\" sizes=\"(max-width: 400px) 100vw, 400px\" \/><\/a><p id=\"caption-attachment-1475\" class=\"wp-caption-text\">M\u00f5niste muuseumi saun 19. sajandist<\/p><\/div>\n<p>&nbsp;<\/p>\n<div id=\"attachment_1473\" style=\"width: 410px\" class=\"wp-caption alignnone\"><a href=\"https:\/\/savvusann.ee\/wp-content\/uploads\/2019\/08\/moniste_sann_2018_sykys_Hele_Tulviste_v.jpg\" target=\"_blank\" rel=\"noopener noreferrer\" data-rel=\"lightbox-image-1\" data-rl_title=\"\" data-rl_caption=\"\" title=\"\"><img decoding=\"async\" aria-describedby=\"caption-attachment-1473\" class=\"wp-image-1473 size-medium\" src=\"https:\/\/savvusann.ee\/wp-content\/uploads\/2019\/08\/moniste_sann_2018_sykys_Hele_Tulviste_v-400x266.jpg\" alt=\"\" width=\"400\" height=\"266\" srcset=\"https:\/\/savvusann.ee\/wp-content\/uploads\/2019\/08\/moniste_sann_2018_sykys_Hele_Tulviste_v-400x266.jpg 400w, https:\/\/savvusann.ee\/wp-content\/uploads\/2019\/08\/moniste_sann_2018_sykys_Hele_Tulviste_v-768x510.jpg 768w, https:\/\/savvusann.ee\/wp-content\/uploads\/2019\/08\/moniste_sann_2018_sykys_Hele_Tulviste_v-1024x680.jpg 1024w, https:\/\/savvusann.ee\/wp-content\/uploads\/2019\/08\/moniste_sann_2018_sykys_Hele_Tulviste_v.jpg 1072w\" sizes=\"(max-width: 400px) 100vw, 400px\" \/><\/a><p id=\"caption-attachment-1473\" class=\"wp-caption-text\">M\u00f5niste muuseumis on renoveeritud 20. saj algusajast p\u00e4rinev suitsusaun, mis oli algselt koolipere saun.<\/p><\/div>\n<p><a href=\"https:\/\/karilatsimuuseum.ee\/\" target=\"_blank\" rel=\"noopener noreferrer\"><strong>Karilatsi Vaba\u00f5humuuseum<\/strong><\/a><\/p>\n<p><a href=\"https:\/\/savvusann.ee\/wp-content\/uploads\/2019\/08\/karilatsi_sann_2011_ke.jpg\" target=\"_blank\" rel=\"noopener noreferrer\" data-rel=\"lightbox-image-2\" data-rl_title=\"\" data-rl_caption=\"\" title=\"\"><img decoding=\"async\" class=\"alignnone wp-image-1481 size-medium\" src=\"https:\/\/savvusann.ee\/wp-content\/uploads\/2019\/08\/karilatsi_sann_2011_ke-400x300.jpg\" alt=\"\" width=\"400\" height=\"300\" srcset=\"https:\/\/savvusann.ee\/wp-content\/uploads\/2019\/08\/karilatsi_sann_2011_ke-400x300.jpg 400w, https:\/\/savvusann.ee\/wp-content\/uploads\/2019\/08\/karilatsi_sann_2011_ke-768x576.jpg 768w, https:\/\/savvusann.ee\/wp-content\/uploads\/2019\/08\/karilatsi_sann_2011_ke.jpg 922w\" sizes=\"(max-width: 400px) 100vw, 400px\" \/><\/a><\/p>\n<p>Muuseumi koolitalu juures on suitsusaun, mida aegajalt k\u00f6etakse, n\u00f5nda on saunas \u00f5ige h\u00f5ng.<\/p>\n<p><a href=\"http:\/\/www.lauluisa.ee\/pusinaitused\" target=\"_blank\" rel=\"noopener noreferrer\"><strong>Dr. Fr. R. Kreutzwaldi Memoriaalmuuseum<\/strong><\/a><\/p>\n<p><a href=\"https:\/\/savvusann.ee\/wp-content\/uploads\/2019\/08\/kreutzwaldi_sann_valastvaade_2015_ke.jpg\" target=\"_blank\" rel=\"noopener noreferrer\" data-rel=\"lightbox-image-3\" data-rl_title=\"\" data-rl_caption=\"\" title=\"\"><img decoding=\"async\" class=\"alignnone wp-image-1479 size-medium\" src=\"https:\/\/savvusann.ee\/wp-content\/uploads\/2019\/08\/kreutzwaldi_sann_valastvaade_2015_ke-400x300.jpg\" alt=\"\" width=\"400\" height=\"300\" srcset=\"https:\/\/savvusann.ee\/wp-content\/uploads\/2019\/08\/kreutzwaldi_sann_valastvaade_2015_ke-400x300.jpg 400w, https:\/\/savvusann.ee\/wp-content\/uploads\/2019\/08\/kreutzwaldi_sann_valastvaade_2015_ke-768x576.jpg 768w, https:\/\/savvusann.ee\/wp-content\/uploads\/2019\/08\/kreutzwaldi_sann_valastvaade_2015_ke-1024x768.jpg 1024w, https:\/\/savvusann.ee\/wp-content\/uploads\/2019\/08\/kreutzwaldi_sann_valastvaade_2015_ke.jpg 1536w\" sizes=\"(max-width: 400px) 100vw, 400px\" \/><\/a><\/p>\n<p>Lauluisa kodu hoovil on v\u00e4ike suitsusaun, kus tohtrih\u00e4rra saunas k\u00e4is. Eesruumis\u00a0 on pesuk\u00f6\u00f6k, kus pesu pesti.<\/p>\n<div id=\"attachment_1477\" style=\"width: 310px\" class=\"wp-caption alignnone\"><a href=\"https:\/\/savvusann.ee\/wp-content\/uploads\/2019\/08\/kreutz_sann_2019_kristi_vikman.jpg\" target=\"_blank\" rel=\"noopener noreferrer\" data-rel=\"lightbox-image-4\" data-rl_title=\"\" data-rl_caption=\"\" title=\"\"><img decoding=\"async\" aria-describedby=\"caption-attachment-1477\" class=\"wp-image-1477 size-medium\" src=\"https:\/\/savvusann.ee\/wp-content\/uploads\/2019\/08\/kreutz_sann_2019_kristi_vikman-300x400.jpg\" alt=\"\" width=\"300\" height=\"400\" srcset=\"https:\/\/savvusann.ee\/wp-content\/uploads\/2019\/08\/kreutz_sann_2019_kristi_vikman-300x400.jpg 300w, https:\/\/savvusann.ee\/wp-content\/uploads\/2019\/08\/kreutz_sann_2019_kristi_vikman-768x1024.jpg 768w, https:\/\/savvusann.ee\/wp-content\/uploads\/2019\/08\/kreutz_sann_2019_kristi_vikman.jpg 816w\" sizes=\"(max-width: 300px) 100vw, 300px\" \/><\/a><p id=\"caption-attachment-1477\" class=\"wp-caption-text\">Saunaruum kerise ja lavaga.<\/p><\/div>\n<p><strong><a href=\"https:\/\/vorumuuseum.ee\/\" target=\"_blank\" rel=\"noopener noreferrer\">Vana-V\u00f5romaa kultuurikoda<\/a><\/strong><\/p>\n<p>Kultuurikoja muuseumis on suitsusauna makett, infotahvlid\u00a0 ja UNESCO tunnistus, et v\u00f5rokeste saunakombed on kantud \u00fclemaailmselt t\u00e4htsasse vaimse kultuurip\u00e4randi nimekirja.<\/p>\n<p><a href=\"https:\/\/savvusann.ee\/wp-content\/uploads\/2019\/08\/kultuurikojas_virbitys-ja-savvusann_kristi_vikman.jpg\" target=\"_blank\" rel=\"noopener noreferrer\" data-rel=\"lightbox-image-5\" data-rl_title=\"\" data-rl_caption=\"\" title=\"\"><img decoding=\"async\" class=\"alignnone wp-image-1483 size-medium\" src=\"https:\/\/savvusann.ee\/wp-content\/uploads\/2019\/08\/kultuurikojas_virbitys-ja-savvusann_kristi_vikman-400x300.jpg\" alt=\"\" width=\"400\" height=\"300\" srcset=\"https:\/\/savvusann.ee\/wp-content\/uploads\/2019\/08\/kultuurikojas_virbitys-ja-savvusann_kristi_vikman-400x300.jpg 400w, https:\/\/savvusann.ee\/wp-content\/uploads\/2019\/08\/kultuurikojas_virbitys-ja-savvusann_kristi_vikman-768x576.jpg 768w, https:\/\/savvusann.ee\/wp-content\/uploads\/2019\/08\/kultuurikojas_virbitys-ja-savvusann_kristi_vikman-1024x768.jpg 1024w, https:\/\/savvusann.ee\/wp-content\/uploads\/2019\/08\/kultuurikojas_virbitys-ja-savvusann_kristi_vikman.jpg 1097w\" sizes=\"(max-width: 400px) 100vw, 400px\" \/><\/a><\/p>\n<p>Virtuaalreaalsuse prillide abiga saab ka ise suitsusaunas k\u00e4ia.<\/p>\n<p><a href=\"https:\/\/www.loodusegakoos.ee\/kuhuminna\/rahvuspargid\/karula-rahvuspark\/1733\" target=\"_blank\" rel=\"noopener noreferrer\"><strong>Karula Rahvuspargi k\u00fclastuskeskuse suitsusaun<\/strong><\/a><\/p>\n<p><a href=\"https:\/\/savvusann.ee\/wp-content\/uploads\/2019\/08\/karula-kylastuskeskuse-sann2012_v.jpg\" target=\"_blank\" rel=\"noopener noreferrer\" data-rel=\"lightbox-image-6\" data-rl_title=\"\" data-rl_caption=\"\" title=\"\"><img decoding=\"async\" class=\"alignnone wp-image-1486 size-medium\" src=\"https:\/\/savvusann.ee\/wp-content\/uploads\/2019\/08\/karula-kylastuskeskuse-sann2012_v-400x300.jpg\" alt=\"\" width=\"400\" height=\"300\" srcset=\"https:\/\/savvusann.ee\/wp-content\/uploads\/2019\/08\/karula-kylastuskeskuse-sann2012_v-400x300.jpg 400w, https:\/\/savvusann.ee\/wp-content\/uploads\/2019\/08\/karula-kylastuskeskuse-sann2012_v-768x576.jpg 768w, https:\/\/savvusann.ee\/wp-content\/uploads\/2019\/08\/karula-kylastuskeskuse-sann2012_v-1024x768.jpg 1024w, https:\/\/savvusann.ee\/wp-content\/uploads\/2019\/08\/karula-kylastuskeskuse-sann2012_v.jpg 1536w\" sizes=\"(max-width: 400px) 100vw, 400px\" \/><\/a><\/p>\n<p>K\u00fclastuskeskuses \u00c4hij\u00e4rvel on suitsusaun, mida saab k\u00fclastada.<\/p>\n<p><a href=\"https:\/\/www.youtube.com\/watch?v=HNeN12SW5Fc\" target=\"_blank\" rel=\"noopener noreferrer\">Vaata\u00a0 ka Karula rahvuspargist videot, kus on juttu suitsusaunast.<\/a><\/p>\n<p><a href=\"http:\/\/www.pokumaa.ee\" target=\"_blank\" rel=\"noopener noreferrer\"><strong>Pokumaal Padasoom\u00e4e talu<\/strong><\/a><\/p>\n<p><a href=\"https:\/\/savvusann.ee\/wp-content\/uploads\/2019\/08\/pokumaa_sann_toomas_kalve_2013.jpg\" data-rel=\"lightbox-image-7\" data-rl_title=\"\" data-rl_caption=\"\" title=\"\"><img decoding=\"async\" class=\"size-medium wp-image-1488 alignnone\" src=\"https:\/\/savvusann.ee\/wp-content\/uploads\/2019\/08\/pokumaa_sann_toomas_kalve_2013-400x266.jpg\" alt=\"\" width=\"400\" height=\"266\" srcset=\"https:\/\/savvusann.ee\/wp-content\/uploads\/2019\/08\/pokumaa_sann_toomas_kalve_2013-400x266.jpg 400w, https:\/\/savvusann.ee\/wp-content\/uploads\/2019\/08\/pokumaa_sann_toomas_kalve_2013-768x511.jpg 768w, https:\/\/savvusann.ee\/wp-content\/uploads\/2019\/08\/pokumaa_sann_toomas_kalve_2013-1024x681.jpg 1024w, https:\/\/savvusann.ee\/wp-content\/uploads\/2019\/08\/pokumaa_sann_toomas_kalve_2013.jpg 1503w\" sizes=\"(max-width: 400px) 100vw, 400px\" \/><\/a><\/p>\n<p>Pokupere elupaigas Padasoom\u00e4e talus\u00a0 on suitsusaun.<\/p>\n<h3>Vaata veel:<\/h3>\n<p><strong><a href=\"http:\/\/www.visitpolva.ee\/\">visitpolva.ee<\/a><\/strong><\/p>\n<p><strong><a href=\"http:\/\/www.visitvoru.ee\/\">visitvoru.ee<\/a><\/strong><\/p>\n<p>&nbsp;<\/p>\n","protected":false},"excerpt":{"rendered":"<p>Kui omal ega ka \u00fchelgi tuttaval suitsusauna pole, siis tule V\u00f5romaale suitsusauna. Vana-V\u00f5romaal on p\u00e4ris palju turismitalusid, kes pakuvad oma k\u00fclastajatele muu hulgas ka suitsusaunas [&hellip;]<\/p>\n","protected":false},"author":1,"featured_media":0,"parent":109,"menu_order":1,"comment_status":"closed","ping_status":"closed","template":"","meta":{"footnotes":""},"class_list":["post-114","page","type-page","status-publish","hentry"],"yoast_head":"<!-- This site is optimized with the Yoast SEO plugin v27.4 - https:\/\/yoast.com\/product\/yoast-seo-wordpress\/ -->\n<title>Suitsusaunad turismitaludes ja muuseumites - Savvusann<\/title>\n<meta name=\"robots\" content=\"index, follow, max-snippet:-1, max-image-preview:large, max-video-preview:-1\" \/>\n<link rel=\"canonical\" href=\"https:\/\/savvusann.ee\/et\/tule-kulla\/turismisaunad\/\" \/>\n<meta property=\"og:locale\" content=\"et_EE\" \/>\n<meta property=\"og:type\" content=\"article\" \/>\n<meta property=\"og:title\" content=\"Suitsusaunad turismitaludes ja muuseumites - Savvusann\" \/>\n<meta property=\"og:description\" content=\"Kui omal ega ka \u00fchelgi tuttaval suitsusauna pole, siis tule V\u00f5romaale suitsusauna. Vana-V\u00f5romaal on p\u00e4ris palju turismitalusid, kes pakuvad oma k\u00fclastajatele muu hulgas ka suitsusaunas [&hellip;]\" \/>\n<meta property=\"og:url\" content=\"https:\/\/savvusann.ee\/et\/tule-kulla\/turismisaunad\/\" \/>\n<meta property=\"og:site_name\" content=\"Savvusann\" \/>\n<meta property=\"article:modified_time\" content=\"2023-02-17T07:46:49+00:00\" \/>\n<meta property=\"og:image\" content=\"https:\/\/savvusann.ee\/wp-content\/uploads\/2019\/08\/moniste_vana_sann_toomas_kalve_v-400x267.jpg\" \/>\n<meta name=\"twitter:card\" content=\"summary_large_image\" \/>\n<meta name=\"twitter:label1\" content=\"Est. reading time\" \/>\n\t<meta name=\"twitter:data1\" content=\"4 minutit\" \/>\n<script type=\"application\/ld+json\" class=\"yoast-schema-graph\">{\"@context\":\"https:\\\/\\\/schema.org\",\"@graph\":[{\"@type\":\"WebPage\",\"@id\":\"https:\\\/\\\/savvusann.ee\\\/et\\\/tule-kulla\\\/turismisaunad\\\/\",\"url\":\"https:\\\/\\\/savvusann.ee\\\/et\\\/tule-kulla\\\/turismisaunad\\\/\",\"name\":\"Suitsusaunad turismitaludes ja muuseumites - Savvusann\",\"isPartOf\":{\"@id\":\"https:\\\/\\\/savvusann.ee\\\/et\\\/#website\"},\"primaryImageOfPage\":{\"@id\":\"https:\\\/\\\/savvusann.ee\\\/et\\\/tule-kulla\\\/turismisaunad\\\/#primaryimage\"},\"image\":{\"@id\":\"https:\\\/\\\/savvusann.ee\\\/et\\\/tule-kulla\\\/turismisaunad\\\/#primaryimage\"},\"thumbnailUrl\":\"https:\\\/\\\/savvusann.ee\\\/wp-content\\\/uploads\\\/2019\\\/08\\\/moniste_vana_sann_toomas_kalve_v-400x267.jpg\",\"datePublished\":\"2018-04-13T11:39:30+00:00\",\"dateModified\":\"2023-02-17T07:46:49+00:00\",\"breadcrumb\":{\"@id\":\"https:\\\/\\\/savvusann.ee\\\/et\\\/tule-kulla\\\/turismisaunad\\\/#breadcrumb\"},\"inLanguage\":\"et\",\"potentialAction\":[{\"@type\":\"ReadAction\",\"target\":[\"https:\\\/\\\/savvusann.ee\\\/et\\\/tule-kulla\\\/turismisaunad\\\/\"]}]},{\"@type\":\"ImageObject\",\"inLanguage\":\"et\",\"@id\":\"https:\\\/\\\/savvusann.ee\\\/et\\\/tule-kulla\\\/turismisaunad\\\/#primaryimage\",\"url\":\"https:\\\/\\\/savvusann.ee\\\/wp-content\\\/uploads\\\/2019\\\/08\\\/moniste_vana_sann_toomas_kalve_v-400x267.jpg\",\"contentUrl\":\"https:\\\/\\\/savvusann.ee\\\/wp-content\\\/uploads\\\/2019\\\/08\\\/moniste_vana_sann_toomas_kalve_v-400x267.jpg\"},{\"@type\":\"BreadcrumbList\",\"@id\":\"https:\\\/\\\/savvusann.ee\\\/et\\\/tule-kulla\\\/turismisaunad\\\/#breadcrumb\",\"itemListElement\":[{\"@type\":\"ListItem\",\"position\":1,\"name\":\"Home\",\"item\":\"https:\\\/\\\/savvusann.ee\\\/et\\\/\"},{\"@type\":\"ListItem\",\"position\":2,\"name\":\"Tule k\u00fclla\",\"item\":\"https:\\\/\\\/savvusann.ee\\\/et\\\/tule-kulla\\\/\"},{\"@type\":\"ListItem\",\"position\":3,\"name\":\"Suitsusaunad turismitaludes ja muuseumites\"}]},{\"@type\":\"WebSite\",\"@id\":\"https:\\\/\\\/savvusann.ee\\\/et\\\/#website\",\"url\":\"https:\\\/\\\/savvusann.ee\\\/et\\\/\",\"name\":\"Savvusann\",\"description\":\"Vana-V\u00f5romaa Savvusann\",\"potentialAction\":[{\"@type\":\"SearchAction\",\"target\":{\"@type\":\"EntryPoint\",\"urlTemplate\":\"https:\\\/\\\/savvusann.ee\\\/et\\\/?s={search_term_string}\"},\"query-input\":{\"@type\":\"PropertyValueSpecification\",\"valueRequired\":true,\"valueName\":\"search_term_string\"}}],\"inLanguage\":\"et\"}]}<\/script>\n<!-- \/ Yoast SEO plugin. -->","yoast_head_json":{"title":"Suitsusaunad turismitaludes ja muuseumites - Savvusann","robots":{"index":"index","follow":"follow","max-snippet":"max-snippet:-1","max-image-preview":"max-image-preview:large","max-video-preview":"max-video-preview:-1"},"canonical":"https:\/\/savvusann.ee\/et\/tule-kulla\/turismisaunad\/","og_locale":"et_EE","og_type":"article","og_title":"Suitsusaunad turismitaludes ja muuseumites - Savvusann","og_description":"Kui omal ega ka \u00fchelgi tuttaval suitsusauna pole, siis tule V\u00f5romaale suitsusauna. Vana-V\u00f5romaal on p\u00e4ris palju turismitalusid, kes pakuvad oma k\u00fclastajatele muu hulgas ka suitsusaunas [&hellip;]","og_url":"https:\/\/savvusann.ee\/et\/tule-kulla\/turismisaunad\/","og_site_name":"Savvusann","article_modified_time":"2023-02-17T07:46:49+00:00","og_image":[{"url":"https:\/\/savvusann.ee\/wp-content\/uploads\/2019\/08\/moniste_vana_sann_toomas_kalve_v-400x267.jpg","type":"","width":"","height":""}],"twitter_card":"summary_large_image","twitter_misc":{"Est. reading time":"4 minutit"},"schema":{"@context":"https:\/\/schema.org","@graph":[{"@type":"WebPage","@id":"https:\/\/savvusann.ee\/et\/tule-kulla\/turismisaunad\/","url":"https:\/\/savvusann.ee\/et\/tule-kulla\/turismisaunad\/","name":"Suitsusaunad turismitaludes ja muuseumites - Savvusann","isPartOf":{"@id":"https:\/\/savvusann.ee\/et\/#website"},"primaryImageOfPage":{"@id":"https:\/\/savvusann.ee\/et\/tule-kulla\/turismisaunad\/#primaryimage"},"image":{"@id":"https:\/\/savvusann.ee\/et\/tule-kulla\/turismisaunad\/#primaryimage"},"thumbnailUrl":"https:\/\/savvusann.ee\/wp-content\/uploads\/2019\/08\/moniste_vana_sann_toomas_kalve_v-400x267.jpg","datePublished":"2018-04-13T11:39:30+00:00","dateModified":"2023-02-17T07:46:49+00:00","breadcrumb":{"@id":"https:\/\/savvusann.ee\/et\/tule-kulla\/turismisaunad\/#breadcrumb"},"inLanguage":"et","potentialAction":[{"@type":"ReadAction","target":["https:\/\/savvusann.ee\/et\/tule-kulla\/turismisaunad\/"]}]},{"@type":"ImageObject","inLanguage":"et","@id":"https:\/\/savvusann.ee\/et\/tule-kulla\/turismisaunad\/#primaryimage","url":"https:\/\/savvusann.ee\/wp-content\/uploads\/2019\/08\/moniste_vana_sann_toomas_kalve_v-400x267.jpg","contentUrl":"https:\/\/savvusann.ee\/wp-content\/uploads\/2019\/08\/moniste_vana_sann_toomas_kalve_v-400x267.jpg"},{"@type":"BreadcrumbList","@id":"https:\/\/savvusann.ee\/et\/tule-kulla\/turismisaunad\/#breadcrumb","itemListElement":[{"@type":"ListItem","position":1,"name":"Home","item":"https:\/\/savvusann.ee\/et\/"},{"@type":"ListItem","position":2,"name":"Tule k\u00fclla","item":"https:\/\/savvusann.ee\/et\/tule-kulla\/"},{"@type":"ListItem","position":3,"name":"Suitsusaunad turismitaludes ja muuseumites"}]},{"@type":"WebSite","@id":"https:\/\/savvusann.ee\/et\/#website","url":"https:\/\/savvusann.ee\/et\/","name":"Savvusann","description":"Vana-V\u00f5romaa Savvusann","potentialAction":[{"@type":"SearchAction","target":{"@type":"EntryPoint","urlTemplate":"https:\/\/savvusann.ee\/et\/?s={search_term_string}"},"query-input":{"@type":"PropertyValueSpecification","valueRequired":true,"valueName":"search_term_string"}}],"inLanguage":"et"}]}},"_links":{"self":[{"href":"https:\/\/savvusann.ee\/et\/wp-json\/wp\/v2\/pages\/114","targetHints":{"allow":["GET"]}}],"collection":[{"href":"https:\/\/savvusann.ee\/et\/wp-json\/wp\/v2\/pages"}],"about":[{"href":"https:\/\/savvusann.ee\/et\/wp-json\/wp\/v2\/types\/page"}],"author":[{"embeddable":true,"href":"https:\/\/savvusann.ee\/et\/wp-json\/wp\/v2\/users\/1"}],"replies":[{"embeddable":true,"href":"https:\/\/savvusann.ee\/et\/wp-json\/wp\/v2\/comments?post=114"}],"version-history":[{"count":51,"href":"https:\/\/savvusann.ee\/et\/wp-json\/wp\/v2\/pages\/114\/revisions"}],"predecessor-version":[{"id":2711,"href":"https:\/\/savvusann.ee\/et\/wp-json\/wp\/v2\/pages\/114\/revisions\/2711"}],"up":[{"embeddable":true,"href":"https:\/\/savvusann.ee\/et\/wp-json\/wp\/v2\/pages\/109"}],"wp:attachment":[{"href":"https:\/\/savvusann.ee\/et\/wp-json\/wp\/v2\/media?parent=114"}],"curies":[{"name":"wp","href":"https:\/\/api.w.org\/{rel}","templated":true}]}}