{"id":120,"date":"2018-04-13T15:26:50","date_gmt":"2018-04-13T12:26:50","guid":{"rendered":"http:\/\/savvusann.ee\/?page_id=120"},"modified":"2022-06-06T16:19:59","modified_gmt":"2022-06-06T13:19:59","slug":"saun-muuseumis","status":"publish","type":"page","link":"https:\/\/savvusann.ee\/et\/tule-kulla\/saun-muuseumis\/","title":{"rendered":"Suitsusaunad Vana-V\u00f5romaa muuseumites:"},"content":{"rendered":"<h3><strong>Suitsusaunad Vana-V\u00f5romaa<\/strong> <strong>muuseumites: <\/strong><\/h3>\n<p><strong>\u00a0<\/strong><a href=\"http:\/\/www.monistemuuseum.ee\" target=\"_blank\" rel=\"noopener noreferrer\"><strong>M\u00f5niste muuseum<\/strong><\/a><\/p>\n<p>Talumuuseumis saab vaadata ja sisse astuda kahte suitsusauna &#8211; vanem saun on eksponaat 19. sajandist, aga uuem saun on selline, mida ka k\u00f6etakse ja seal m\u00f5nikord lihagi suitsutatakse.<\/p>\n<div id=\"attachment_1475\" style=\"width: 410px\" class=\"wp-caption alignnone\"><a href=\"https:\/\/savvusann.ee\/wp-content\/uploads\/2019\/08\/moniste_vana_sann_toomas_kalve_v.jpg\" target=\"_blank\" rel=\"noopener noreferrer\" data-rel=\"lightbox-image-0\" data-rl_title=\"\" data-rl_caption=\"\" title=\"\"><img decoding=\"async\" aria-describedby=\"caption-attachment-1475\" class=\"wp-image-1475 size-medium\" src=\"https:\/\/savvusann.ee\/wp-content\/uploads\/2019\/08\/moniste_vana_sann_toomas_kalve_v-400x267.jpg\" alt=\"\" width=\"400\" height=\"267\" srcset=\"https:\/\/savvusann.ee\/wp-content\/uploads\/2019\/08\/moniste_vana_sann_toomas_kalve_v-400x267.jpg 400w, https:\/\/savvusann.ee\/wp-content\/uploads\/2019\/08\/moniste_vana_sann_toomas_kalve_v-768x512.jpg 768w, https:\/\/savvusann.ee\/wp-content\/uploads\/2019\/08\/moniste_vana_sann_toomas_kalve_v-1024x683.jpg 1024w, https:\/\/savvusann.ee\/wp-content\/uploads\/2019\/08\/moniste_vana_sann_toomas_kalve_v.jpg 1500w\" sizes=\"(max-width: 400px) 100vw, 400px\" \/><\/a><p id=\"caption-attachment-1475\" class=\"wp-caption-text\">M\u00f5niste muuseumi saun 19. sajandist<\/p><\/div>\n<p>&nbsp;<\/p>\n<div id=\"attachment_1473\" style=\"width: 410px\" class=\"wp-caption alignnone\"><a href=\"https:\/\/savvusann.ee\/wp-content\/uploads\/2019\/08\/moniste_sann_2018_sykys_Hele_Tulviste_v.jpg\" target=\"_blank\" rel=\"noopener noreferrer\" data-rel=\"lightbox-image-1\" data-rl_title=\"\" data-rl_caption=\"\" title=\"\"><img decoding=\"async\" aria-describedby=\"caption-attachment-1473\" class=\"wp-image-1473 size-medium\" src=\"https:\/\/savvusann.ee\/wp-content\/uploads\/2019\/08\/moniste_sann_2018_sykys_Hele_Tulviste_v-400x266.jpg\" alt=\"\" width=\"400\" height=\"266\" srcset=\"https:\/\/savvusann.ee\/wp-content\/uploads\/2019\/08\/moniste_sann_2018_sykys_Hele_Tulviste_v-400x266.jpg 400w, https:\/\/savvusann.ee\/wp-content\/uploads\/2019\/08\/moniste_sann_2018_sykys_Hele_Tulviste_v-768x510.jpg 768w, https:\/\/savvusann.ee\/wp-content\/uploads\/2019\/08\/moniste_sann_2018_sykys_Hele_Tulviste_v-1024x680.jpg 1024w, https:\/\/savvusann.ee\/wp-content\/uploads\/2019\/08\/moniste_sann_2018_sykys_Hele_Tulviste_v.jpg 1072w\" sizes=\"(max-width: 400px) 100vw, 400px\" \/><\/a><p id=\"caption-attachment-1473\" class=\"wp-caption-text\">M\u00f5niste muuseumis on renoveeritud 20. saj algusajast p\u00e4rinev suitsusaun, mis oli algselt koolipere saun.<\/p><\/div>\n<p><a href=\"https:\/\/karilatsimuuseum.ee\/\" target=\"_blank\" rel=\"noopener noreferrer\"><strong>Karilatsi Vaba\u00f5humuuseum<\/strong><\/a><\/p>\n<p><a href=\"https:\/\/savvusann.ee\/wp-content\/uploads\/2019\/08\/karilatsi_sann_2011_ke.jpg\" target=\"_blank\" rel=\"noopener noreferrer\" data-rel=\"lightbox-image-2\" data-rl_title=\"\" data-rl_caption=\"\" title=\"\"><img decoding=\"async\" class=\"alignnone wp-image-1481 size-medium\" src=\"https:\/\/savvusann.ee\/wp-content\/uploads\/2019\/08\/karilatsi_sann_2011_ke-400x300.jpg\" alt=\"\" width=\"400\" height=\"300\" srcset=\"https:\/\/savvusann.ee\/wp-content\/uploads\/2019\/08\/karilatsi_sann_2011_ke-400x300.jpg 400w, https:\/\/savvusann.ee\/wp-content\/uploads\/2019\/08\/karilatsi_sann_2011_ke-768x576.jpg 768w, https:\/\/savvusann.ee\/wp-content\/uploads\/2019\/08\/karilatsi_sann_2011_ke.jpg 922w\" sizes=\"(max-width: 400px) 100vw, 400px\" \/><\/a><\/p>\n<p>Muuseumi koolitalu juures on suitsusaun, mida aegajalt k\u00f6etakse, n\u00f5nda on saunas \u00f5ige h\u00f5ng.<\/p>\n<p><a href=\"http:\/\/www.lauluisa.ee\/pusinaitused\" target=\"_blank\" rel=\"noopener noreferrer\"><strong>Dr. Fr. R. Kreutzwaldi Memoriaalmuuseum<\/strong><\/a><\/p>\n<p><a href=\"https:\/\/savvusann.ee\/wp-content\/uploads\/2019\/08\/kreutzwaldi_sann_valastvaade_2015_ke.jpg\" target=\"_blank\" rel=\"noopener noreferrer\" data-rel=\"lightbox-image-3\" data-rl_title=\"\" data-rl_caption=\"\" title=\"\"><img decoding=\"async\" class=\"alignnone wp-image-1479 size-medium\" src=\"https:\/\/savvusann.ee\/wp-content\/uploads\/2019\/08\/kreutzwaldi_sann_valastvaade_2015_ke-400x300.jpg\" alt=\"\" width=\"400\" height=\"300\" srcset=\"https:\/\/savvusann.ee\/wp-content\/uploads\/2019\/08\/kreutzwaldi_sann_valastvaade_2015_ke-400x300.jpg 400w, https:\/\/savvusann.ee\/wp-content\/uploads\/2019\/08\/kreutzwaldi_sann_valastvaade_2015_ke-768x576.jpg 768w, https:\/\/savvusann.ee\/wp-content\/uploads\/2019\/08\/kreutzwaldi_sann_valastvaade_2015_ke-1024x768.jpg 1024w, https:\/\/savvusann.ee\/wp-content\/uploads\/2019\/08\/kreutzwaldi_sann_valastvaade_2015_ke.jpg 1536w\" sizes=\"(max-width: 400px) 100vw, 400px\" \/><\/a><\/p>\n<p>Lauluisa kodu hoovil on v\u00e4ike suitsusaun, kus tohtrih\u00e4rra saunas k\u00e4is. Eesruumis\u00a0 on pesuk\u00f6\u00f6k, kus pesu pesti.<\/p>\n<div id=\"attachment_1477\" style=\"width: 310px\" class=\"wp-caption alignnone\"><a href=\"https:\/\/savvusann.ee\/wp-content\/uploads\/2019\/08\/kreutz_sann_2019_kristi_vikman.jpg\" target=\"_blank\" rel=\"noopener noreferrer\" data-rel=\"lightbox-image-4\" data-rl_title=\"\" data-rl_caption=\"\" title=\"\"><img decoding=\"async\" aria-describedby=\"caption-attachment-1477\" class=\"wp-image-1477 size-medium\" src=\"https:\/\/savvusann.ee\/wp-content\/uploads\/2019\/08\/kreutz_sann_2019_kristi_vikman-300x400.jpg\" alt=\"\" width=\"300\" height=\"400\" srcset=\"https:\/\/savvusann.ee\/wp-content\/uploads\/2019\/08\/kreutz_sann_2019_kristi_vikman-300x400.jpg 300w, https:\/\/savvusann.ee\/wp-content\/uploads\/2019\/08\/kreutz_sann_2019_kristi_vikman-768x1024.jpg 768w, https:\/\/savvusann.ee\/wp-content\/uploads\/2019\/08\/kreutz_sann_2019_kristi_vikman.jpg 816w\" sizes=\"(max-width: 300px) 100vw, 300px\" \/><\/a><p id=\"caption-attachment-1477\" class=\"wp-caption-text\">Saunaruum kerise ja lavaga.<\/p><\/div>\n<p><strong><a href=\"https:\/\/vorumuuseum.ee\/\" target=\"_blank\" rel=\"noopener noreferrer\">Vana-V\u00f5romaa kultuurikoda<\/a><\/strong><\/p>\n<p>Kultuurikoja muuseumis on suitsusauna makett, infotahvlid\u00a0 ja UNESCO tunnistus, et v\u00f5rokeste saunakombed on kantud \u00fclemaailmselt t\u00e4htsasse vaimse kultuurip\u00e4randi nimekirja.<\/p>\n<p><a href=\"https:\/\/savvusann.ee\/wp-content\/uploads\/2019\/08\/kultuurikojas_virbitys-ja-savvusann_kristi_vikman.jpg\" target=\"_blank\" rel=\"noopener noreferrer\" data-rel=\"lightbox-image-5\" data-rl_title=\"\" data-rl_caption=\"\" title=\"\"><img decoding=\"async\" class=\"alignnone wp-image-1483 size-medium\" src=\"https:\/\/savvusann.ee\/wp-content\/uploads\/2019\/08\/kultuurikojas_virbitys-ja-savvusann_kristi_vikman-400x300.jpg\" alt=\"\" width=\"400\" height=\"300\" srcset=\"https:\/\/savvusann.ee\/wp-content\/uploads\/2019\/08\/kultuurikojas_virbitys-ja-savvusann_kristi_vikman-400x300.jpg 400w, https:\/\/savvusann.ee\/wp-content\/uploads\/2019\/08\/kultuurikojas_virbitys-ja-savvusann_kristi_vikman-768x576.jpg 768w, https:\/\/savvusann.ee\/wp-content\/uploads\/2019\/08\/kultuurikojas_virbitys-ja-savvusann_kristi_vikman-1024x768.jpg 1024w, https:\/\/savvusann.ee\/wp-content\/uploads\/2019\/08\/kultuurikojas_virbitys-ja-savvusann_kristi_vikman.jpg 1097w\" sizes=\"(max-width: 400px) 100vw, 400px\" \/><\/a><\/p>\n<p>Virtuaalreaalsuse prillide abiga saab ka ise suitsusaunas k\u00e4ia.<\/p>\n<p>&nbsp;<\/p>\n","protected":false},"excerpt":{"rendered":"<p>Suitsusaunad Vana-V\u00f5romaa muuseumites: \u00a0M\u00f5niste muuseum Talumuuseumis saab vaadata ja sisse astuda kahte suitsusauna &#8211; vanem saun on eksponaat 19. sajandist, aga uuem saun on selline, [&hellip;]<\/p>\n","protected":false},"author":1,"featured_media":0,"parent":109,"menu_order":2,"comment_status":"closed","ping_status":"closed","template":"","meta":{"footnotes":""},"class_list":["post-120","page","type-page","status-publish","hentry"],"yoast_head":"<!-- This site is optimized with the Yoast SEO plugin v27.5 - https:\/\/yoast.com\/product\/yoast-seo-wordpress\/ -->\n<title>Suitsusaunad Vana-V\u00f5romaa muuseumites: - Savvusann<\/title>\n<meta name=\"robots\" content=\"index, follow, max-snippet:-1, max-image-preview:large, max-video-preview:-1\" \/>\n<link rel=\"canonical\" href=\"https:\/\/savvusann.ee\/et\/tule-kulla\/saun-muuseumis\/\" \/>\n<meta property=\"og:locale\" content=\"et_EE\" \/>\n<meta property=\"og:type\" content=\"article\" \/>\n<meta property=\"og:title\" content=\"Suitsusaunad Vana-V\u00f5romaa muuseumites: - Savvusann\" \/>\n<meta property=\"og:description\" content=\"Suitsusaunad Vana-V\u00f5romaa muuseumites: \u00a0M\u00f5niste muuseum Talumuuseumis saab vaadata ja sisse astuda kahte suitsusauna &#8211; vanem saun on eksponaat 19. sajandist, aga uuem saun on selline, [&hellip;]\" \/>\n<meta property=\"og:url\" content=\"https:\/\/savvusann.ee\/et\/tule-kulla\/saun-muuseumis\/\" \/>\n<meta property=\"og:site_name\" content=\"Savvusann\" \/>\n<meta property=\"article:modified_time\" content=\"2022-06-06T13:19:59+00:00\" \/>\n<meta property=\"og:image\" content=\"https:\/\/savvusann.ee\/wp-content\/uploads\/2019\/08\/moniste_vana_sann_toomas_kalve_v-400x267.jpg\" \/>\n<meta name=\"twitter:card\" content=\"summary_large_image\" \/>\n<meta name=\"twitter:label1\" content=\"Est. reading time\" \/>\n\t<meta name=\"twitter:data1\" content=\"2 minutit\" \/>\n<script type=\"application\/ld+json\" class=\"yoast-schema-graph\">{\"@context\":\"https:\\\/\\\/schema.org\",\"@graph\":[{\"@type\":\"WebPage\",\"@id\":\"https:\\\/\\\/savvusann.ee\\\/et\\\/tule-kulla\\\/saun-muuseumis\\\/\",\"url\":\"https:\\\/\\\/savvusann.ee\\\/et\\\/tule-kulla\\\/saun-muuseumis\\\/\",\"name\":\"Suitsusaunad Vana-V\u00f5romaa muuseumites: - Savvusann\",\"isPartOf\":{\"@id\":\"https:\\\/\\\/savvusann.ee\\\/et\\\/#website\"},\"primaryImageOfPage\":{\"@id\":\"https:\\\/\\\/savvusann.ee\\\/et\\\/tule-kulla\\\/saun-muuseumis\\\/#primaryimage\"},\"image\":{\"@id\":\"https:\\\/\\\/savvusann.ee\\\/et\\\/tule-kulla\\\/saun-muuseumis\\\/#primaryimage\"},\"thumbnailUrl\":\"https:\\\/\\\/savvusann.ee\\\/wp-content\\\/uploads\\\/2019\\\/08\\\/moniste_vana_sann_toomas_kalve_v-400x267.jpg\",\"datePublished\":\"2018-04-13T12:26:50+00:00\",\"dateModified\":\"2022-06-06T13:19:59+00:00\",\"breadcrumb\":{\"@id\":\"https:\\\/\\\/savvusann.ee\\\/et\\\/tule-kulla\\\/saun-muuseumis\\\/#breadcrumb\"},\"inLanguage\":\"et\",\"potentialAction\":[{\"@type\":\"ReadAction\",\"target\":[\"https:\\\/\\\/savvusann.ee\\\/et\\\/tule-kulla\\\/saun-muuseumis\\\/\"]}]},{\"@type\":\"ImageObject\",\"inLanguage\":\"et\",\"@id\":\"https:\\\/\\\/savvusann.ee\\\/et\\\/tule-kulla\\\/saun-muuseumis\\\/#primaryimage\",\"url\":\"https:\\\/\\\/savvusann.ee\\\/wp-content\\\/uploads\\\/2019\\\/08\\\/moniste_vana_sann_toomas_kalve_v-400x267.jpg\",\"contentUrl\":\"https:\\\/\\\/savvusann.ee\\\/wp-content\\\/uploads\\\/2019\\\/08\\\/moniste_vana_sann_toomas_kalve_v-400x267.jpg\"},{\"@type\":\"BreadcrumbList\",\"@id\":\"https:\\\/\\\/savvusann.ee\\\/et\\\/tule-kulla\\\/saun-muuseumis\\\/#breadcrumb\",\"itemListElement\":[{\"@type\":\"ListItem\",\"position\":1,\"name\":\"Home\",\"item\":\"https:\\\/\\\/savvusann.ee\\\/et\\\/\"},{\"@type\":\"ListItem\",\"position\":2,\"name\":\"Tule k\u00fclla\",\"item\":\"https:\\\/\\\/savvusann.ee\\\/et\\\/tule-kulla\\\/\"},{\"@type\":\"ListItem\",\"position\":3,\"name\":\"Suitsusaunad Vana-V\u00f5romaa muuseumites:\"}]},{\"@type\":\"WebSite\",\"@id\":\"https:\\\/\\\/savvusann.ee\\\/et\\\/#website\",\"url\":\"https:\\\/\\\/savvusann.ee\\\/et\\\/\",\"name\":\"Savvusann\",\"description\":\"Vana-V\u00f5romaa Savvusann\",\"potentialAction\":[{\"@type\":\"SearchAction\",\"target\":{\"@type\":\"EntryPoint\",\"urlTemplate\":\"https:\\\/\\\/savvusann.ee\\\/et\\\/?s={search_term_string}\"},\"query-input\":{\"@type\":\"PropertyValueSpecification\",\"valueRequired\":true,\"valueName\":\"search_term_string\"}}],\"inLanguage\":\"et\"}]}<\/script>\n<!-- \/ Yoast SEO plugin. -->","yoast_head_json":{"title":"Suitsusaunad Vana-V\u00f5romaa muuseumites: - Savvusann","robots":{"index":"index","follow":"follow","max-snippet":"max-snippet:-1","max-image-preview":"max-image-preview:large","max-video-preview":"max-video-preview:-1"},"canonical":"https:\/\/savvusann.ee\/et\/tule-kulla\/saun-muuseumis\/","og_locale":"et_EE","og_type":"article","og_title":"Suitsusaunad Vana-V\u00f5romaa muuseumites: - Savvusann","og_description":"Suitsusaunad Vana-V\u00f5romaa muuseumites: \u00a0M\u00f5niste muuseum Talumuuseumis saab vaadata ja sisse astuda kahte suitsusauna &#8211; vanem saun on eksponaat 19. sajandist, aga uuem saun on selline, [&hellip;]","og_url":"https:\/\/savvusann.ee\/et\/tule-kulla\/saun-muuseumis\/","og_site_name":"Savvusann","article_modified_time":"2022-06-06T13:19:59+00:00","og_image":[{"url":"https:\/\/savvusann.ee\/wp-content\/uploads\/2019\/08\/moniste_vana_sann_toomas_kalve_v-400x267.jpg","type":"","width":"","height":""}],"twitter_card":"summary_large_image","twitter_misc":{"Est. reading time":"2 minutit"},"schema":{"@context":"https:\/\/schema.org","@graph":[{"@type":"WebPage","@id":"https:\/\/savvusann.ee\/et\/tule-kulla\/saun-muuseumis\/","url":"https:\/\/savvusann.ee\/et\/tule-kulla\/saun-muuseumis\/","name":"Suitsusaunad Vana-V\u00f5romaa muuseumites: - Savvusann","isPartOf":{"@id":"https:\/\/savvusann.ee\/et\/#website"},"primaryImageOfPage":{"@id":"https:\/\/savvusann.ee\/et\/tule-kulla\/saun-muuseumis\/#primaryimage"},"image":{"@id":"https:\/\/savvusann.ee\/et\/tule-kulla\/saun-muuseumis\/#primaryimage"},"thumbnailUrl":"https:\/\/savvusann.ee\/wp-content\/uploads\/2019\/08\/moniste_vana_sann_toomas_kalve_v-400x267.jpg","datePublished":"2018-04-13T12:26:50+00:00","dateModified":"2022-06-06T13:19:59+00:00","breadcrumb":{"@id":"https:\/\/savvusann.ee\/et\/tule-kulla\/saun-muuseumis\/#breadcrumb"},"inLanguage":"et","potentialAction":[{"@type":"ReadAction","target":["https:\/\/savvusann.ee\/et\/tule-kulla\/saun-muuseumis\/"]}]},{"@type":"ImageObject","inLanguage":"et","@id":"https:\/\/savvusann.ee\/et\/tule-kulla\/saun-muuseumis\/#primaryimage","url":"https:\/\/savvusann.ee\/wp-content\/uploads\/2019\/08\/moniste_vana_sann_toomas_kalve_v-400x267.jpg","contentUrl":"https:\/\/savvusann.ee\/wp-content\/uploads\/2019\/08\/moniste_vana_sann_toomas_kalve_v-400x267.jpg"},{"@type":"BreadcrumbList","@id":"https:\/\/savvusann.ee\/et\/tule-kulla\/saun-muuseumis\/#breadcrumb","itemListElement":[{"@type":"ListItem","position":1,"name":"Home","item":"https:\/\/savvusann.ee\/et\/"},{"@type":"ListItem","position":2,"name":"Tule k\u00fclla","item":"https:\/\/savvusann.ee\/et\/tule-kulla\/"},{"@type":"ListItem","position":3,"name":"Suitsusaunad Vana-V\u00f5romaa muuseumites:"}]},{"@type":"WebSite","@id":"https:\/\/savvusann.ee\/et\/#website","url":"https:\/\/savvusann.ee\/et\/","name":"Savvusann","description":"Vana-V\u00f5romaa Savvusann","potentialAction":[{"@type":"SearchAction","target":{"@type":"EntryPoint","urlTemplate":"https:\/\/savvusann.ee\/et\/?s={search_term_string}"},"query-input":{"@type":"PropertyValueSpecification","valueRequired":true,"valueName":"search_term_string"}}],"inLanguage":"et"}]}},"_links":{"self":[{"href":"https:\/\/savvusann.ee\/et\/wp-json\/wp\/v2\/pages\/120","targetHints":{"allow":["GET"]}}],"collection":[{"href":"https:\/\/savvusann.ee\/et\/wp-json\/wp\/v2\/pages"}],"about":[{"href":"https:\/\/savvusann.ee\/et\/wp-json\/wp\/v2\/types\/page"}],"author":[{"embeddable":true,"href":"https:\/\/savvusann.ee\/et\/wp-json\/wp\/v2\/users\/1"}],"replies":[{"embeddable":true,"href":"https:\/\/savvusann.ee\/et\/wp-json\/wp\/v2\/comments?post=120"}],"version-history":[{"count":5,"href":"https:\/\/savvusann.ee\/et\/wp-json\/wp\/v2\/pages\/120\/revisions"}],"predecessor-version":[{"id":2445,"href":"https:\/\/savvusann.ee\/et\/wp-json\/wp\/v2\/pages\/120\/revisions\/2445"}],"up":[{"embeddable":true,"href":"https:\/\/savvusann.ee\/et\/wp-json\/wp\/v2\/pages\/109"}],"wp:attachment":[{"href":"https:\/\/savvusann.ee\/et\/wp-json\/wp\/v2\/media?parent=120"}],"curies":[{"name":"wp","href":"https:\/\/api.w.org\/{rel}","templated":true}]}}