{"id":128,"date":"2018-04-13T23:04:42","date_gmt":"2018-04-13T20:04:42","guid":{"rendered":"http:\/\/savvusann.ee\/?page_id=128"},"modified":"2021-09-27T16:39:52","modified_gmt":"2021-09-27T13:39:52","slug":"saunakombed-unescos","status":"publish","type":"page","link":"https:\/\/savvusann.ee\/et\/saunakombed-unescos\/","title":{"rendered":"Saunakombed UNESCOS"},"content":{"rendered":"<p><a href=\"http:\/\/savvusann.ee\/wp-content\/uploads\/2018\/04\/unescu_raamitud_v.jpg\" data-rel=\"lightbox-image-0\" data-rl_title=\"\" data-rl_caption=\"\" title=\"\"><img decoding=\"async\" class=\"alignright size-medium wp-image-174\" src=\"http:\/\/savvusann.ee\/wp-content\/uploads\/2018\/04\/unescu_raamitud_v-400x300.jpg\" alt=\"UNESCO tunnistus ja otsus\" width=\"400\" height=\"300\" srcset=\"https:\/\/savvusann.ee\/wp-content\/uploads\/2018\/04\/unescu_raamitud_v-400x300.jpg 400w, https:\/\/savvusann.ee\/wp-content\/uploads\/2018\/04\/unescu_raamitud_v.jpg 768w\" sizes=\"(max-width: 400px) 100vw, 400px\" \/><\/a>V\u00f5rokeste kogukonda on jaanuaris 2015 j\u00f5udnud UNESCO vaimse kultuurip\u00e4randi komitee istungi dokumendid: otsus ning tunnistus V\u00f5romaa suitsusaunatraditsiooni kandmisest inimkonna vaimse kultuurip\u00e4randi esindusnimekirja.<\/p>\n<p>Vaata <a href=\"http:\/\/savvusann.ee\/wp-content\/uploads\/2018\/04\/0095100018-Certificate-EN.pdf\" target=\"_blank\" rel=\"noopener\">inglisekeelset tunnistust<\/a> ning <a href=\"http:\/\/savvusann.ee\/wp-content\/uploads\/2018\/04\/Committee_Decision-9_COM_10_16_EN.pdf\" target=\"_blank\" rel=\"noopener\">otsust<\/a> ja <a href=\"http:\/\/savvusann.ee\/wp-content\/uploads\/2018\/04\/unesco_otsuse_tolge_est.pdf\" target=\"_blank\" rel=\"noopener\">dokumentide t\u00f5lget eesti keelde<\/a>.<\/p>\n<p>Tutvu <a href=\"https:\/\/ich.unesco.org\/en\/RL\/smoke-sauna-tradition-in-vromaa-00951\" target=\"_blank\" rel=\"noopener\">UNESCO vaimse kultuurip\u00e4randi nimistu kodulehek\u00fcljel<\/a> oleva infoga!<\/p>\n<p>V\u00f5romaa suitsusaunatavade materjalid leiad:<\/p>\n<p><a href=\"https:\/\/ich.unesco.org\/en\/RL\/smoke-sauna-tradition-in-voromaa-00951\" target=\"_blank\" rel=\"noopener\">Smoke sauna tradition in V\u00f5romaa<\/a><\/p>\n<p>Vaata lisaks <a href=\"http:\/\/savvusann.ee\/et\/vana-voromaa-suitsusaunakombestik-kanti-unesco-vaimse-kultuuriparandi-esindusnimekirja\/\">Vana-V\u00f5romaa suitsusaunakombestik kanti UNESCO vaimse kultuurip\u00e4randi esindusnimekirja<\/a><\/p>\n","protected":false},"excerpt":{"rendered":"<p>V\u00f5rokeste kogukonda on jaanuaris 2015 j\u00f5udnud UNESCO vaimse kultuurip\u00e4randi komitee istungi dokumendid: otsus ning tunnistus V\u00f5romaa suitsusaunatraditsiooni kandmisest inimkonna vaimse kultuurip\u00e4randi esindusnimekirja. Vaata inglisekeelset tunnistust [&hellip;]<\/p>\n","protected":false},"author":1,"featured_media":0,"parent":0,"menu_order":0,"comment_status":"closed","ping_status":"closed","template":"","meta":{"footnotes":""},"class_list":["post-128","page","type-page","status-publish","hentry"],"yoast_head":"<!-- This site is optimized with the Yoast SEO plugin v27.4 - https:\/\/yoast.com\/product\/yoast-seo-wordpress\/ -->\n<title>Saunakombed UNESCOS - Savvusann<\/title>\n<meta name=\"robots\" content=\"index, follow, max-snippet:-1, max-image-preview:large, max-video-preview:-1\" \/>\n<link rel=\"canonical\" href=\"https:\/\/savvusann.ee\/et\/saunakombed-unescos\/\" \/>\n<meta property=\"og:locale\" content=\"et_EE\" \/>\n<meta property=\"og:type\" content=\"article\" \/>\n<meta property=\"og:title\" content=\"Saunakombed UNESCOS - Savvusann\" \/>\n<meta property=\"og:description\" content=\"V\u00f5rokeste kogukonda on jaanuaris 2015 j\u00f5udnud UNESCO vaimse kultuurip\u00e4randi komitee istungi dokumendid: otsus ning tunnistus V\u00f5romaa suitsusaunatraditsiooni kandmisest inimkonna vaimse kultuurip\u00e4randi esindusnimekirja. Vaata inglisekeelset tunnistust [&hellip;]\" \/>\n<meta property=\"og:url\" content=\"https:\/\/savvusann.ee\/et\/saunakombed-unescos\/\" \/>\n<meta property=\"og:site_name\" content=\"Savvusann\" \/>\n<meta property=\"article:modified_time\" content=\"2021-09-27T13:39:52+00:00\" \/>\n<meta property=\"og:image\" content=\"http:\/\/savvusann.ee\/wp-content\/uploads\/2018\/04\/unescu_raamitud_v-400x300.jpg\" \/>\n<meta name=\"twitter:card\" content=\"summary_large_image\" \/>\n<meta name=\"twitter:label1\" content=\"Est. reading time\" \/>\n\t<meta name=\"twitter:data1\" content=\"1 minut\" \/>\n<script type=\"application\/ld+json\" class=\"yoast-schema-graph\">{\"@context\":\"https:\\\/\\\/schema.org\",\"@graph\":[{\"@type\":\"WebPage\",\"@id\":\"https:\\\/\\\/savvusann.ee\\\/et\\\/saunakombed-unescos\\\/\",\"url\":\"https:\\\/\\\/savvusann.ee\\\/et\\\/saunakombed-unescos\\\/\",\"name\":\"Saunakombed UNESCOS - Savvusann\",\"isPartOf\":{\"@id\":\"https:\\\/\\\/savvusann.ee\\\/et\\\/#website\"},\"primaryImageOfPage\":{\"@id\":\"https:\\\/\\\/savvusann.ee\\\/et\\\/saunakombed-unescos\\\/#primaryimage\"},\"image\":{\"@id\":\"https:\\\/\\\/savvusann.ee\\\/et\\\/saunakombed-unescos\\\/#primaryimage\"},\"thumbnailUrl\":\"http:\\\/\\\/savvusann.ee\\\/wp-content\\\/uploads\\\/2018\\\/04\\\/unescu_raamitud_v-400x300.jpg\",\"datePublished\":\"2018-04-13T20:04:42+00:00\",\"dateModified\":\"2021-09-27T13:39:52+00:00\",\"breadcrumb\":{\"@id\":\"https:\\\/\\\/savvusann.ee\\\/et\\\/saunakombed-unescos\\\/#breadcrumb\"},\"inLanguage\":\"et\",\"potentialAction\":[{\"@type\":\"ReadAction\",\"target\":[\"https:\\\/\\\/savvusann.ee\\\/et\\\/saunakombed-unescos\\\/\"]}]},{\"@type\":\"ImageObject\",\"inLanguage\":\"et\",\"@id\":\"https:\\\/\\\/savvusann.ee\\\/et\\\/saunakombed-unescos\\\/#primaryimage\",\"url\":\"http:\\\/\\\/savvusann.ee\\\/wp-content\\\/uploads\\\/2018\\\/04\\\/unescu_raamitud_v-400x300.jpg\",\"contentUrl\":\"http:\\\/\\\/savvusann.ee\\\/wp-content\\\/uploads\\\/2018\\\/04\\\/unescu_raamitud_v-400x300.jpg\"},{\"@type\":\"BreadcrumbList\",\"@id\":\"https:\\\/\\\/savvusann.ee\\\/et\\\/saunakombed-unescos\\\/#breadcrumb\",\"itemListElement\":[{\"@type\":\"ListItem\",\"position\":1,\"name\":\"Home\",\"item\":\"https:\\\/\\\/savvusann.ee\\\/et\\\/\"},{\"@type\":\"ListItem\",\"position\":2,\"name\":\"Saunakombed UNESCOS\"}]},{\"@type\":\"WebSite\",\"@id\":\"https:\\\/\\\/savvusann.ee\\\/et\\\/#website\",\"url\":\"https:\\\/\\\/savvusann.ee\\\/et\\\/\",\"name\":\"Savvusann\",\"description\":\"Vana-V\u00f5romaa Savvusann\",\"potentialAction\":[{\"@type\":\"SearchAction\",\"target\":{\"@type\":\"EntryPoint\",\"urlTemplate\":\"https:\\\/\\\/savvusann.ee\\\/et\\\/?s={search_term_string}\"},\"query-input\":{\"@type\":\"PropertyValueSpecification\",\"valueRequired\":true,\"valueName\":\"search_term_string\"}}],\"inLanguage\":\"et\"}]}<\/script>\n<!-- \/ Yoast SEO plugin. -->","yoast_head_json":{"title":"Saunakombed UNESCOS - Savvusann","robots":{"index":"index","follow":"follow","max-snippet":"max-snippet:-1","max-image-preview":"max-image-preview:large","max-video-preview":"max-video-preview:-1"},"canonical":"https:\/\/savvusann.ee\/et\/saunakombed-unescos\/","og_locale":"et_EE","og_type":"article","og_title":"Saunakombed UNESCOS - Savvusann","og_description":"V\u00f5rokeste kogukonda on jaanuaris 2015 j\u00f5udnud UNESCO vaimse kultuurip\u00e4randi komitee istungi dokumendid: otsus ning tunnistus V\u00f5romaa suitsusaunatraditsiooni kandmisest inimkonna vaimse kultuurip\u00e4randi esindusnimekirja. Vaata inglisekeelset tunnistust [&hellip;]","og_url":"https:\/\/savvusann.ee\/et\/saunakombed-unescos\/","og_site_name":"Savvusann","article_modified_time":"2021-09-27T13:39:52+00:00","og_image":[{"url":"http:\/\/savvusann.ee\/wp-content\/uploads\/2018\/04\/unescu_raamitud_v-400x300.jpg","type":"","width":"","height":""}],"twitter_card":"summary_large_image","twitter_misc":{"Est. reading time":"1 minut"},"schema":{"@context":"https:\/\/schema.org","@graph":[{"@type":"WebPage","@id":"https:\/\/savvusann.ee\/et\/saunakombed-unescos\/","url":"https:\/\/savvusann.ee\/et\/saunakombed-unescos\/","name":"Saunakombed UNESCOS - Savvusann","isPartOf":{"@id":"https:\/\/savvusann.ee\/et\/#website"},"primaryImageOfPage":{"@id":"https:\/\/savvusann.ee\/et\/saunakombed-unescos\/#primaryimage"},"image":{"@id":"https:\/\/savvusann.ee\/et\/saunakombed-unescos\/#primaryimage"},"thumbnailUrl":"http:\/\/savvusann.ee\/wp-content\/uploads\/2018\/04\/unescu_raamitud_v-400x300.jpg","datePublished":"2018-04-13T20:04:42+00:00","dateModified":"2021-09-27T13:39:52+00:00","breadcrumb":{"@id":"https:\/\/savvusann.ee\/et\/saunakombed-unescos\/#breadcrumb"},"inLanguage":"et","potentialAction":[{"@type":"ReadAction","target":["https:\/\/savvusann.ee\/et\/saunakombed-unescos\/"]}]},{"@type":"ImageObject","inLanguage":"et","@id":"https:\/\/savvusann.ee\/et\/saunakombed-unescos\/#primaryimage","url":"http:\/\/savvusann.ee\/wp-content\/uploads\/2018\/04\/unescu_raamitud_v-400x300.jpg","contentUrl":"http:\/\/savvusann.ee\/wp-content\/uploads\/2018\/04\/unescu_raamitud_v-400x300.jpg"},{"@type":"BreadcrumbList","@id":"https:\/\/savvusann.ee\/et\/saunakombed-unescos\/#breadcrumb","itemListElement":[{"@type":"ListItem","position":1,"name":"Home","item":"https:\/\/savvusann.ee\/et\/"},{"@type":"ListItem","position":2,"name":"Saunakombed UNESCOS"}]},{"@type":"WebSite","@id":"https:\/\/savvusann.ee\/et\/#website","url":"https:\/\/savvusann.ee\/et\/","name":"Savvusann","description":"Vana-V\u00f5romaa Savvusann","potentialAction":[{"@type":"SearchAction","target":{"@type":"EntryPoint","urlTemplate":"https:\/\/savvusann.ee\/et\/?s={search_term_string}"},"query-input":{"@type":"PropertyValueSpecification","valueRequired":true,"valueName":"search_term_string"}}],"inLanguage":"et"}]}},"_links":{"self":[{"href":"https:\/\/savvusann.ee\/et\/wp-json\/wp\/v2\/pages\/128","targetHints":{"allow":["GET"]}}],"collection":[{"href":"https:\/\/savvusann.ee\/et\/wp-json\/wp\/v2\/pages"}],"about":[{"href":"https:\/\/savvusann.ee\/et\/wp-json\/wp\/v2\/types\/page"}],"author":[{"embeddable":true,"href":"https:\/\/savvusann.ee\/et\/wp-json\/wp\/v2\/users\/1"}],"replies":[{"embeddable":true,"href":"https:\/\/savvusann.ee\/et\/wp-json\/wp\/v2\/comments?post=128"}],"version-history":[{"count":5,"href":"https:\/\/savvusann.ee\/et\/wp-json\/wp\/v2\/pages\/128\/revisions"}],"predecessor-version":[{"id":2230,"href":"https:\/\/savvusann.ee\/et\/wp-json\/wp\/v2\/pages\/128\/revisions\/2230"}],"wp:attachment":[{"href":"https:\/\/savvusann.ee\/et\/wp-json\/wp\/v2\/media?parent=128"}],"curies":[{"name":"wp","href":"https:\/\/api.w.org\/{rel}","templated":true}]}}