{"id":130,"date":"2018-04-13T23:04:59","date_gmt":"2018-04-13T20:04:59","guid":{"rendered":"http:\/\/savvusann.ee\/?page_id=130"},"modified":"2019-10-15T16:22:56","modified_gmt":"2019-10-15T13:22:56","slug":"suidsusannasumfoonia","status":"publish","type":"page","link":"https:\/\/savvusann.ee\/et\/suidsusannasumfoonia\/","title":{"rendered":"Suidsusannas\u00fcmfoonia"},"content":{"rendered":"<p><a href=\"https:\/\/savvusann.ee\/wp-content\/uploads\/2019\/03\/Suidsusannas\u00fcmfoonia_plakat_jpg.jpg\" target=\"_blank\" rel=\"noopener noreferrer\" data-rel=\"lightbox-image-0\" data-rl_title=\"\" data-rl_caption=\"\" title=\"\"><img decoding=\"async\" class=\"alignleft wp-image-1130 size-medium\" src=\"https:\/\/savvusann.ee\/wp-content\/uploads\/2019\/03\/Suidsusannas\u00fcmfoonia_plakat_jpg-285x400.jpg\" alt=\"\" width=\"285\" height=\"400\" srcset=\"https:\/\/savvusann.ee\/wp-content\/uploads\/2019\/03\/Suidsusannas\u00fcmfoonia_plakat_jpg-285x400.jpg 285w, https:\/\/savvusann.ee\/wp-content\/uploads\/2019\/03\/Suidsusannas\u00fcmfoonia_plakat_jpg-768x1078.jpg 768w, https:\/\/savvusann.ee\/wp-content\/uploads\/2019\/03\/Suidsusannas\u00fcmfoonia_plakat_jpg-730x1024.jpg 730w, https:\/\/savvusann.ee\/wp-content\/uploads\/2019\/03\/Suidsusannas\u00fcmfoonia_plakat_jpg.jpg 850w\" sizes=\"(max-width: 285px) 100vw, 285px\" \/><\/a><\/p>\n<p><strong>Suidsusannas\u00fcmfoonia oli\u00a0<\/strong><strong><br \/>\nMuusikalavastus \u00fches vaatuses<\/strong><\/p>\n<p><strong><br \/>\nLuvvas Ilma ja m\u00f5stas Inemiisi<\/strong><\/p>\n<p>Etendused toimusid:<\/p>\n<p>2. ja 3. augustil 2019 kell 19.00<br \/>\n4. augustil kell 16.00<br \/>\nMooste Folgikojas\u00a0 L\u00f5una-Eestis<\/p>\n<p>Helilooja: M\u00e4rt-Matis Lill<br \/>\nDirigent: Kaspars Putni\u0146\u0161<br \/>\nLavastaja: Tarmo Tagamets (Rakvere Teater)<br \/>\nKunstnik: Liisa Soolepp<br \/>\nValguskunstnikud: Mari-Riin Paavo (Ugala Teater) ja Sander Aleks Paavo (Ugala Teater)<br \/>\nElektroonika: Tammo Sumera<br \/>\nLibreto: M\u00e4rt-Matis Lill ja Taago Tubin (Ugala Teater) <a href=\"https:\/\/savvusann.ee\/wp-content\/uploads\/2019\/10\/Suidsusannas\u00fcmfoonia_libreto.pdf\" target=\"_blank\" rel=\"noopener noreferrer\"><span style=\"color: #800000;\"><strong>LOE LIBRETOT<\/strong><\/span><\/a><\/p>\n<p>Esitasid: Eesti Filharmoonia Kammerkoor, ERSO muusikud (lindilt ja live\u2019is), p\u00e4rimusmuusikud Mari Kalkun ja Meelika Hainsoo ning n\u00e4itlejad Lauli Otsar, Sten Karpov (Endla Teater) ja Agu Trolla.<\/p>\n<p>Kaasahaarav muusikalavastus viis vaatajad suitsusaunamaailma, kus elustusid loomism\u00fc\u00fcdid ja kangelaslood olnud aegadest. Elav traditsioon aitas tuua m\u00fc\u00fctilised lood t\u00e4nap\u00e4evasesse muusikateatrisse, kus neid esitasid p\u00e4rimusmuusikud, Eesti esinduskoor ja kammeransambel.<\/p>\n<p>\u201eSuidsusannas\u00fcmfoonia\u201c on inspireeritud L\u00f5una-Eesti p\u00e4rimusest, \u201eKalevalast&#8221; ja Hasso Krulli eeposest \u201eKui kivid olid veel pehmed&#8221;. Etenduste toimumiskoht Mooste asub Vanal-V\u00f5romaal, mille suitsusaunakombestik on kantud UNESCO vaimse kultuurip\u00e4randi esindusnimekirja.<\/p>\n<p>Muusikalavastus oli p\u00fchendatud Eesti Vabariigi 100. s\u00fcnnip\u00e4evale.<\/p>\n<p>Korraldaja: Eesti Filharmoonia Kammerkoor<\/p>\n<p>S\u00fcmfoonia etenduste p\u00e4evadel oli ka lisaprogramm Mooste m\u00f5isas ja l\u00e4hi\u00fcmbruses Vana-V\u00f5romaal. Vaata, mis toimus <a href=\"https:\/\/savvusann.ee\/wp-content\/uploads\/2019\/04\/suidsusannasymfoonia_lisaprogramm_kava-1.pdf\" target=\"_blank\" rel=\"noopener noreferrer\">P\u00c4EVAPROGRAMMIS<\/a>.<\/p>\n<p>&nbsp;<\/p>\n<p>&nbsp;<\/p>\n<p>&nbsp;<\/p>\n","protected":false},"excerpt":{"rendered":"<p>Suidsusannas\u00fcmfoonia oli\u00a0 Muusikalavastus \u00fches vaatuses Luvvas Ilma ja m\u00f5stas Inemiisi Etendused toimusid: 2. ja 3. augustil 2019 kell 19.00 4. augustil kell 16.00 Mooste Folgikojas\u00a0 [&hellip;]<\/p>\n","protected":false},"author":1,"featured_media":0,"parent":0,"menu_order":0,"comment_status":"closed","ping_status":"closed","template":"","meta":{"footnotes":""},"class_list":["post-130","page","type-page","status-publish","hentry"],"yoast_head":"<!-- This site is optimized with the Yoast SEO plugin v27.4 - https:\/\/yoast.com\/product\/yoast-seo-wordpress\/ -->\n<title>Suidsusannas\u00fcmfoonia - Savvusann<\/title>\n<meta name=\"description\" content=\"suitsusaunas\u00fcmfoonia, Mooste Folgikoda, Eesti Filharmoonia Kammerkoor, suitsusaunamaailm, n\u00e4itus suitsusaunakultuurist, suitsusauna virtuaalreaalsus, virbit\u00fcs, saunatarvete m\u00fc\u00fck, viht, t\u00f6\u00f6tuba, suitsusauna k\u00fctmine, ekskursioon suitsusaunadesse, suitsusaunakultuuri tutvustav loeng, suitsusaunade koost\u00f6\u00f6kogu, Vana-V\u00f5romaa suitsusaunade koost\u00f6\u00f6kogu\" \/>\n<meta name=\"robots\" content=\"index, follow, max-snippet:-1, max-image-preview:large, max-video-preview:-1\" \/>\n<link rel=\"canonical\" href=\"https:\/\/savvusann.ee\/et\/suidsusannasumfoonia\/\" \/>\n<meta property=\"og:locale\" content=\"et_EE\" \/>\n<meta property=\"og:type\" content=\"article\" \/>\n<meta property=\"og:title\" content=\"Suidsusannas\u00fcmfoonia - Savvusann\" \/>\n<meta property=\"og:description\" content=\"suitsusaunas\u00fcmfoonia, Mooste Folgikoda, Eesti Filharmoonia Kammerkoor, suitsusaunamaailm, n\u00e4itus suitsusaunakultuurist, suitsusauna virtuaalreaalsus, virbit\u00fcs, saunatarvete m\u00fc\u00fck, viht, t\u00f6\u00f6tuba, suitsusauna k\u00fctmine, ekskursioon suitsusaunadesse, suitsusaunakultuuri tutvustav loeng, suitsusaunade koost\u00f6\u00f6kogu, Vana-V\u00f5romaa suitsusaunade koost\u00f6\u00f6kogu\" \/>\n<meta property=\"og:url\" content=\"https:\/\/savvusann.ee\/et\/suidsusannasumfoonia\/\" \/>\n<meta property=\"og:site_name\" content=\"Savvusann\" \/>\n<meta property=\"article:modified_time\" content=\"2019-10-15T13:22:56+00:00\" \/>\n<meta property=\"og:image\" content=\"https:\/\/savvusann.ee\/wp-content\/uploads\/2019\/03\/Suidsusannas\u00fcmfoonia_plakat_jpg-285x400.jpg\" \/>\n<meta name=\"twitter:card\" content=\"summary_large_image\" \/>\n<meta name=\"twitter:label1\" content=\"Est. reading time\" \/>\n\t<meta name=\"twitter:data1\" content=\"1 minut\" \/>\n<script type=\"application\/ld+json\" class=\"yoast-schema-graph\">{\"@context\":\"https:\\\/\\\/schema.org\",\"@graph\":[{\"@type\":\"WebPage\",\"@id\":\"https:\\\/\\\/savvusann.ee\\\/et\\\/suidsusannasumfoonia\\\/\",\"url\":\"https:\\\/\\\/savvusann.ee\\\/et\\\/suidsusannasumfoonia\\\/\",\"name\":\"Suidsusannas\u00fcmfoonia - Savvusann\",\"isPartOf\":{\"@id\":\"https:\\\/\\\/savvusann.ee\\\/et\\\/#website\"},\"datePublished\":\"2018-04-13T20:04:59+00:00\",\"dateModified\":\"2019-10-15T13:22:56+00:00\",\"description\":\"suitsusaunas\u00fcmfoonia, Mooste Folgikoda, Eesti Filharmoonia Kammerkoor, suitsusaunamaailm, n\u00e4itus suitsusaunakultuurist, suitsusauna virtuaalreaalsus, virbit\u00fcs, saunatarvete m\u00fc\u00fck, viht, t\u00f6\u00f6tuba, suitsusauna k\u00fctmine, ekskursioon suitsusaunadesse, suitsusaunakultuuri tutvustav loeng, suitsusaunade koost\u00f6\u00f6kogu, Vana-V\u00f5romaa suitsusaunade koost\u00f6\u00f6kogu\",\"breadcrumb\":{\"@id\":\"https:\\\/\\\/savvusann.ee\\\/et\\\/suidsusannasumfoonia\\\/#breadcrumb\"},\"inLanguage\":\"et\",\"potentialAction\":[{\"@type\":\"ReadAction\",\"target\":[\"https:\\\/\\\/savvusann.ee\\\/et\\\/suidsusannasumfoonia\\\/\"]}]},{\"@type\":\"BreadcrumbList\",\"@id\":\"https:\\\/\\\/savvusann.ee\\\/et\\\/suidsusannasumfoonia\\\/#breadcrumb\",\"itemListElement\":[{\"@type\":\"ListItem\",\"position\":1,\"name\":\"Home\",\"item\":\"https:\\\/\\\/savvusann.ee\\\/et\\\/\"},{\"@type\":\"ListItem\",\"position\":2,\"name\":\"Suidsusannas\u00fcmfoonia\"}]},{\"@type\":\"WebSite\",\"@id\":\"https:\\\/\\\/savvusann.ee\\\/et\\\/#website\",\"url\":\"https:\\\/\\\/savvusann.ee\\\/et\\\/\",\"name\":\"Savvusann\",\"description\":\"Vana-V\u00f5romaa Savvusann\",\"potentialAction\":[{\"@type\":\"SearchAction\",\"target\":{\"@type\":\"EntryPoint\",\"urlTemplate\":\"https:\\\/\\\/savvusann.ee\\\/et\\\/?s={search_term_string}\"},\"query-input\":{\"@type\":\"PropertyValueSpecification\",\"valueRequired\":true,\"valueName\":\"search_term_string\"}}],\"inLanguage\":\"et\"}]}<\/script>\n<!-- \/ Yoast SEO plugin. -->","yoast_head_json":{"title":"Suidsusannas\u00fcmfoonia - Savvusann","description":"suitsusaunas\u00fcmfoonia, Mooste Folgikoda, Eesti Filharmoonia Kammerkoor, suitsusaunamaailm, n\u00e4itus suitsusaunakultuurist, suitsusauna virtuaalreaalsus, virbit\u00fcs, saunatarvete m\u00fc\u00fck, viht, t\u00f6\u00f6tuba, suitsusauna k\u00fctmine, ekskursioon suitsusaunadesse, suitsusaunakultuuri tutvustav loeng, suitsusaunade koost\u00f6\u00f6kogu, Vana-V\u00f5romaa suitsusaunade koost\u00f6\u00f6kogu","robots":{"index":"index","follow":"follow","max-snippet":"max-snippet:-1","max-image-preview":"max-image-preview:large","max-video-preview":"max-video-preview:-1"},"canonical":"https:\/\/savvusann.ee\/et\/suidsusannasumfoonia\/","og_locale":"et_EE","og_type":"article","og_title":"Suidsusannas\u00fcmfoonia - Savvusann","og_description":"suitsusaunas\u00fcmfoonia, Mooste Folgikoda, Eesti Filharmoonia Kammerkoor, suitsusaunamaailm, n\u00e4itus suitsusaunakultuurist, suitsusauna virtuaalreaalsus, virbit\u00fcs, saunatarvete m\u00fc\u00fck, viht, t\u00f6\u00f6tuba, suitsusauna k\u00fctmine, ekskursioon suitsusaunadesse, suitsusaunakultuuri tutvustav loeng, suitsusaunade koost\u00f6\u00f6kogu, Vana-V\u00f5romaa suitsusaunade koost\u00f6\u00f6kogu","og_url":"https:\/\/savvusann.ee\/et\/suidsusannasumfoonia\/","og_site_name":"Savvusann","article_modified_time":"2019-10-15T13:22:56+00:00","og_image":[{"url":"https:\/\/savvusann.ee\/wp-content\/uploads\/2019\/03\/Suidsusannas\u00fcmfoonia_plakat_jpg-285x400.jpg","type":"","width":"","height":""}],"twitter_card":"summary_large_image","twitter_misc":{"Est. reading time":"1 minut"},"schema":{"@context":"https:\/\/schema.org","@graph":[{"@type":"WebPage","@id":"https:\/\/savvusann.ee\/et\/suidsusannasumfoonia\/","url":"https:\/\/savvusann.ee\/et\/suidsusannasumfoonia\/","name":"Suidsusannas\u00fcmfoonia - Savvusann","isPartOf":{"@id":"https:\/\/savvusann.ee\/et\/#website"},"datePublished":"2018-04-13T20:04:59+00:00","dateModified":"2019-10-15T13:22:56+00:00","description":"suitsusaunas\u00fcmfoonia, Mooste Folgikoda, Eesti Filharmoonia Kammerkoor, suitsusaunamaailm, n\u00e4itus suitsusaunakultuurist, suitsusauna virtuaalreaalsus, virbit\u00fcs, saunatarvete m\u00fc\u00fck, viht, t\u00f6\u00f6tuba, suitsusauna k\u00fctmine, ekskursioon suitsusaunadesse, suitsusaunakultuuri tutvustav loeng, suitsusaunade koost\u00f6\u00f6kogu, Vana-V\u00f5romaa suitsusaunade koost\u00f6\u00f6kogu","breadcrumb":{"@id":"https:\/\/savvusann.ee\/et\/suidsusannasumfoonia\/#breadcrumb"},"inLanguage":"et","potentialAction":[{"@type":"ReadAction","target":["https:\/\/savvusann.ee\/et\/suidsusannasumfoonia\/"]}]},{"@type":"BreadcrumbList","@id":"https:\/\/savvusann.ee\/et\/suidsusannasumfoonia\/#breadcrumb","itemListElement":[{"@type":"ListItem","position":1,"name":"Home","item":"https:\/\/savvusann.ee\/et\/"},{"@type":"ListItem","position":2,"name":"Suidsusannas\u00fcmfoonia"}]},{"@type":"WebSite","@id":"https:\/\/savvusann.ee\/et\/#website","url":"https:\/\/savvusann.ee\/et\/","name":"Savvusann","description":"Vana-V\u00f5romaa Savvusann","potentialAction":[{"@type":"SearchAction","target":{"@type":"EntryPoint","urlTemplate":"https:\/\/savvusann.ee\/et\/?s={search_term_string}"},"query-input":{"@type":"PropertyValueSpecification","valueRequired":true,"valueName":"search_term_string"}}],"inLanguage":"et"}]}},"_links":{"self":[{"href":"https:\/\/savvusann.ee\/et\/wp-json\/wp\/v2\/pages\/130","targetHints":{"allow":["GET"]}}],"collection":[{"href":"https:\/\/savvusann.ee\/et\/wp-json\/wp\/v2\/pages"}],"about":[{"href":"https:\/\/savvusann.ee\/et\/wp-json\/wp\/v2\/types\/page"}],"author":[{"embeddable":true,"href":"https:\/\/savvusann.ee\/et\/wp-json\/wp\/v2\/users\/1"}],"replies":[{"embeddable":true,"href":"https:\/\/savvusann.ee\/et\/wp-json\/wp\/v2\/comments?post=130"}],"version-history":[{"count":17,"href":"https:\/\/savvusann.ee\/et\/wp-json\/wp\/v2\/pages\/130\/revisions"}],"predecessor-version":[{"id":1570,"href":"https:\/\/savvusann.ee\/et\/wp-json\/wp\/v2\/pages\/130\/revisions\/1570"}],"wp:attachment":[{"href":"https:\/\/savvusann.ee\/et\/wp-json\/wp\/v2\/media?parent=130"}],"curies":[{"name":"wp","href":"https:\/\/api.w.org\/{rel}","templated":true}]}}