{"id":181,"date":"2018-04-14T22:33:02","date_gmt":"2018-04-14T19:33:02","guid":{"rendered":"http:\/\/savvusann.ee\/?page_id=181"},"modified":"2018-04-14T22:33:02","modified_gmt":"2018-04-14T19:33:02","slug":"suitsusaunade-ajaloost-eestis","status":"publish","type":"page","link":"https:\/\/savvusann.ee\/et\/suitsusaunast\/suitsusaunade-ajaloost-eestis\/","title":{"rendered":"Suitsusaunade ajaloost Eestis"},"content":{"rendered":"<p><strong>Saun ning saunatava on k\u00f5igi l\u00e4\u00e4nemeresoome rahvaste juures tuntud ja teatud v\u00e4ga ammustest aegadest. Eesti talusaunade kaugema ajaloo kohta v\u00f5ib teavet saada \u00fcksikutest kirjalikest allikatest alates 13. sajandist, kus enamasti k\u00f5rvalteatena mainitakse \u00fches v\u00f5i teises kandis sauna olemasolu. 17. sajandi alguspoolelt on andmeid Saaremaa idaosa taluhoonete kohta, kus enamasti on iga talu juures ka saun olnud. Sama v\u00e4idavad teated Kagu-Eesti kohta 18.-19. sajandist. <\/strong><\/p>\n<p>\u00dclevaate Eesti saunade ning saunatavade kohta on koostanud Tamara Habicht 1960-1970 aastatel tehtud uurimuste p\u00f5hjal. Nimetatud t\u00f6\u00f6le tuginedes on koostatud ka k\u00e4esolev l\u00fchikokkuv\u00f5te.<\/p>\n<p>Ajalooliselt on suitsusaunu olnud k\u00f5ige tihedamini L\u00f5una-Eestis (see tuleneb ka suurest asustustihedusest selles kandis). Suitsusaunad olid kasutusel ka Ida-Eestis (Ida- ja L\u00e4\u00e4ne Virumaa, Tartumaa), l\u00e4\u00e4nesaartel ning looderannikul. Kesk- ja L\u00e4\u00e4ne &#8211; Eestis on suur saunadeta ala (umbes 1\/3 Eestist), kus pesemine-vihtlemine toimus rehetares ja sauna eraldi hoonena ei olnud.<br \/>\nL\u00f5una-, Ida- ja L\u00e4\u00e4ne-Eesti saunade puhul on ajalooliselt j\u00e4lgitavad selged erinevused nii saunade ehitustehnikas, plaanis kui ka ahjut\u00fc\u00fcbis, samuti saunaga seotud kommetes ja suulises p\u00e4randis. Veel 19. sajandi keskel olid k\u00f5ik Eesti talusaunad suitsusaunad \u2013 v\u00e4iksed \u00fchekambrilised nurgakividele ehitatud muldp\u00f5randaga ristpalkhooned, mida k\u00f6eti sideaineta \u00fcleslaotud kerisahjuga. Ehitusmaterjal hangiti l\u00e4hi\u00fcmbrusest ja sellest tulenevalt olid n\u00e4iteks saunaahjud paekivialadel hoopis teistsugused kui L\u00f5una-Eestis, kus ahjud tehti maakividest. Eriti vanap\u00e4rased saunad olid kas t\u00e4ienisti v\u00f5i pooleldi maa sisse ehitatud nn maasaunad, millel oli enamasti muldkatus.<\/p>\n<p>M\u00f5ningad muutused saunade ehituslikus osas hakkasid toimuma 19. saj teisel poolel, kui rahva eluj\u00e4rg paranes. Saunadesse pandi poolpalkidest v\u00f5i laudadest p\u00f5randaid, ehitati juurde eeskoda v\u00f5i ehitati saun juba kaheosaline. Katuseid hakati katma roo, \u00f5lgede, puukoore ja kisklaudade asemel laastudega, m\u00f5nel pool tehti l\u00e4bi katuse tossukorstnaid, kustkaudu suitsu v\u00e4lja lasta. Saunaahjude tegemisel pruugiti uute materjalidena savikive (tellised) ja sideainena savi \u2013 seega hakkas muutuma ka ahju ehitus. Saunaahju ehitamine kinnise kerisega ahjuks andis v\u00f5imaluse juhtida suits korstnasse ning seega oli p\u00f5him\u00f5tteliselt muutunud suitsusaun puhtaks saunaks. Korstnaga saunade ehitamine hakkas levima 20. sajandi esimesel poolel ja sai m\u00f5nes piirkonnas uute saunade ehitamisel valdavaks. T. Habicti kogutud andmetel oli 1920. aastatel korstnaga saunu rohkelt ehitatud m\u00f5nedes P\u00f5hja-Eesti kihelkondades, Ida-Virumaal, ka P\u00e4rnu- ja Viljandimaal, n\u00f5nda et neid juba rohkem oli kui suitsusaunu. \u00dcsna ilmeka pildi annab T. Habichti poolt koostatud suitsusaunade levikukaart 1960 aastate kohta:<\/p>\n<p><a href=\"http:\/\/savvusann.ee\/wp-content\/uploads\/2018\/04\/vaiksem_habichtkaart.jpg\" data-rel=\"lightbox-image-0\" data-rl_title=\"\" data-rl_caption=\"\" title=\"\"><img decoding=\"async\" class=\"alignright size-medium wp-image-182\" src=\"http:\/\/savvusann.ee\/wp-content\/uploads\/2018\/04\/vaiksem_habichtkaart-400x333.jpg\" alt=\"Suitsusaunade ajaloost\" width=\"400\" height=\"333\" srcset=\"https:\/\/savvusann.ee\/wp-content\/uploads\/2018\/04\/vaiksem_habichtkaart-400x333.jpg 400w, https:\/\/savvusann.ee\/wp-content\/uploads\/2018\/04\/vaiksem_habichtkaart.jpg 589w\" sizes=\"(max-width: 400px) 100vw, 400px\" \/><\/a>Ainus piirkond Eestis, kus perioodil 1940-1970 on suitsusaunu juurde ehitatud on Kagu-Eesti ja Mulgimaa idaosa. Vanemaid suitsusaunu on nendes piirkondades tihedalt, lisaks on vanemaid suitsusaunu sel ajal olnud veel \u00fcsna arvukalt Saaremaal, Muhus, Kihnus ning Loode-Eesti paaris kihelkonnas.<\/p>\n<p>Suitsusauna hindasid inimesed \u00fcldiselt paremaks ning korstnaga saunu ei kiidetud sugugi. Peamiste erinevustena toodi v\u00e4lja, et korstnaga saun ei l\u00e4he n\u00f5nda soojaks kui suitsusaun, saunaruum on p\u00f5randapool jahe, leili viskamise ajal l\u00e4heb r\u00f5skeks. Kinnise kerise leil on terav ning tema m\u00f5ju kaob ruttu, peale leili v\u00f5tmist on uimane olla. Sellises saunas puudub harjumusp\u00e4rane suitsuh\u00f5ng. Nagu \u00fctles \u00fcks R\u00f5uge kandi mees: \u201dega noid korsnaga sannu neh ki\u00e4 kit\u00e4-ei. Ei tii\u2019 ka ki\u00e4ki. \u00dcle uma savvusanna ol\u00f5-ei n\u00e4id \u00fcttegi.\u201d<\/p>\n<p>Kui mujalpool ilmselt lepiti \u201cmoodsa\u201d korstnaga sauna ebameeldivate k\u00fclgedega, siis vanal V\u00f5rumaal ja Setomaal peetakse p\u00f5liste elanike poolt t\u00e4nap\u00e4evani suitsusauna endiselt \u00f5igeks saunaks.<\/p>\n<p>Suitsusaunade ehituses on ka 20 sajandi jooksul \u00fcht-teist muutunud. Palke freesitakse ning k\u00e4sitsit\u00f6\u00f6d tehakse ehitusel v\u00e4hem. Enamasti tehakse sauna alla vundament. Katuse kuju on varieeruv ja kattematerjalid on muutunud \u2013 kasutatakse eterniiti, plekki. Saunale tehakse suuremad aknad, eesruum on suurem. Muutumatuna on p\u00fcsinud aga m\u00f5ned sauna ehitamise p\u00f5him\u00f5tted: saunaseinad tehakse okaspuust, lava ja sisustus aga lehtpuust, sauna suuruse valimisel on esmat\u00e4htis soojapidavus, \u00fcpris muutumatuna on s\u00e4ilinud ka kerise ja lava omavaheline paigutus saunas. N\u00f5nda kaua, kui peetakse t\u00e4htsaks suitsusauna, elab edasi ka teadmine sauna t\u00e4hendusest, p\u00fcsivad oskused sauna ehitada, sauna k\u00fctta ja saunas k\u00e4ia. Suitsusaunaga on seotud hulk tavasid ja t\u00f5ekspidamisi, mis teistsuguses saunas k\u00e4ies kaotavad oma t\u00e4henduse ning m\u00f5ju.Miks pole V\u00f5romaa ja Setomaa taludes veel k\u00f5ik suitsusauna puhta sauna vastu vahetanud? P\u00f5lvest p\u00f5lve on k\u00e4idud suitsusaunas, tugevad perekondlikud sidemed hoiavad tavasid ning k\u00fcllap ikkagi on suitsusaun parem kui m\u00f5ni muu saun. Mood ning elulaadi muutused on j\u00f5udnud ka siinkandis traditsioone muuta \u2013 viimastel aastak\u00fcmnetel ehitatakse nii korstnaga saunu kui suitsusaunu \u00fcmber \u201cpuhtaks\u201d. Suitsusaunad on t\u00e4naseks juba v\u00e4hemuses ka Kagu-Eesti k\u00fclapildis, aga kui palju on kasutusel suitsusaunu, see vajab t\u00e4psemat uurimist. On teada, et ehitatakse muude saunade k\u00f5rval siiski ka uusi suitsusaunu.<\/p>\n","protected":false},"excerpt":{"rendered":"<p>Saun ning saunatava on k\u00f5igi l\u00e4\u00e4nemeresoome rahvaste juures tuntud ja teatud v\u00e4ga ammustest aegadest. Eesti talusaunade kaugema ajaloo kohta v\u00f5ib teavet saada \u00fcksikutest kirjalikest allikatest [&hellip;]<\/p>\n","protected":false},"author":1,"featured_media":0,"parent":7,"menu_order":1,"comment_status":"closed","ping_status":"closed","template":"","meta":{"footnotes":""},"class_list":["post-181","page","type-page","status-publish","hentry"],"yoast_head":"<!-- This site is optimized with the Yoast SEO plugin v27.4 - https:\/\/yoast.com\/product\/yoast-seo-wordpress\/ -->\n<title>Suitsusaunade ajaloost Eestis - Savvusann<\/title>\n<meta name=\"robots\" content=\"index, follow, max-snippet:-1, max-image-preview:large, max-video-preview:-1\" \/>\n<link rel=\"canonical\" href=\"https:\/\/savvusann.ee\/et\/suitsusaunast\/suitsusaunade-ajaloost-eestis\/\" \/>\n<meta property=\"og:locale\" content=\"et_EE\" \/>\n<meta property=\"og:type\" content=\"article\" \/>\n<meta property=\"og:title\" content=\"Suitsusaunade ajaloost Eestis - Savvusann\" \/>\n<meta property=\"og:description\" content=\"Saun ning saunatava on k\u00f5igi l\u00e4\u00e4nemeresoome rahvaste juures tuntud ja teatud v\u00e4ga ammustest aegadest. Eesti talusaunade kaugema ajaloo kohta v\u00f5ib teavet saada \u00fcksikutest kirjalikest allikatest [&hellip;]\" \/>\n<meta property=\"og:url\" content=\"https:\/\/savvusann.ee\/et\/suitsusaunast\/suitsusaunade-ajaloost-eestis\/\" \/>\n<meta property=\"og:site_name\" content=\"Savvusann\" \/>\n<meta property=\"og:image\" content=\"http:\/\/savvusann.ee\/wp-content\/uploads\/2018\/04\/vaiksem_habichtkaart-400x333.jpg\" \/>\n<meta name=\"twitter:card\" content=\"summary_large_image\" \/>\n<meta name=\"twitter:label1\" content=\"Est. reading time\" \/>\n\t<meta name=\"twitter:data1\" content=\"4 minutit\" \/>\n<script type=\"application\/ld+json\" class=\"yoast-schema-graph\">{\"@context\":\"https:\\\/\\\/schema.org\",\"@graph\":[{\"@type\":\"WebPage\",\"@id\":\"https:\\\/\\\/savvusann.ee\\\/et\\\/suitsusaunast\\\/suitsusaunade-ajaloost-eestis\\\/\",\"url\":\"https:\\\/\\\/savvusann.ee\\\/et\\\/suitsusaunast\\\/suitsusaunade-ajaloost-eestis\\\/\",\"name\":\"Suitsusaunade ajaloost Eestis - Savvusann\",\"isPartOf\":{\"@id\":\"https:\\\/\\\/savvusann.ee\\\/et\\\/#website\"},\"primaryImageOfPage\":{\"@id\":\"https:\\\/\\\/savvusann.ee\\\/et\\\/suitsusaunast\\\/suitsusaunade-ajaloost-eestis\\\/#primaryimage\"},\"image\":{\"@id\":\"https:\\\/\\\/savvusann.ee\\\/et\\\/suitsusaunast\\\/suitsusaunade-ajaloost-eestis\\\/#primaryimage\"},\"thumbnailUrl\":\"http:\\\/\\\/savvusann.ee\\\/wp-content\\\/uploads\\\/2018\\\/04\\\/vaiksem_habichtkaart-400x333.jpg\",\"datePublished\":\"2018-04-14T19:33:02+00:00\",\"breadcrumb\":{\"@id\":\"https:\\\/\\\/savvusann.ee\\\/et\\\/suitsusaunast\\\/suitsusaunade-ajaloost-eestis\\\/#breadcrumb\"},\"inLanguage\":\"et\",\"potentialAction\":[{\"@type\":\"ReadAction\",\"target\":[\"https:\\\/\\\/savvusann.ee\\\/et\\\/suitsusaunast\\\/suitsusaunade-ajaloost-eestis\\\/\"]}]},{\"@type\":\"ImageObject\",\"inLanguage\":\"et\",\"@id\":\"https:\\\/\\\/savvusann.ee\\\/et\\\/suitsusaunast\\\/suitsusaunade-ajaloost-eestis\\\/#primaryimage\",\"url\":\"http:\\\/\\\/savvusann.ee\\\/wp-content\\\/uploads\\\/2018\\\/04\\\/vaiksem_habichtkaart-400x333.jpg\",\"contentUrl\":\"http:\\\/\\\/savvusann.ee\\\/wp-content\\\/uploads\\\/2018\\\/04\\\/vaiksem_habichtkaart-400x333.jpg\"},{\"@type\":\"BreadcrumbList\",\"@id\":\"https:\\\/\\\/savvusann.ee\\\/et\\\/suitsusaunast\\\/suitsusaunade-ajaloost-eestis\\\/#breadcrumb\",\"itemListElement\":[{\"@type\":\"ListItem\",\"position\":1,\"name\":\"Home\",\"item\":\"https:\\\/\\\/savvusann.ee\\\/et\\\/\"},{\"@type\":\"ListItem\",\"position\":2,\"name\":\"Suitsusaunast\",\"item\":\"https:\\\/\\\/savvusann.ee\\\/et\\\/suitsusaunast\\\/\"},{\"@type\":\"ListItem\",\"position\":3,\"name\":\"Suitsusaunade ajaloost Eestis\"}]},{\"@type\":\"WebSite\",\"@id\":\"https:\\\/\\\/savvusann.ee\\\/et\\\/#website\",\"url\":\"https:\\\/\\\/savvusann.ee\\\/et\\\/\",\"name\":\"Savvusann\",\"description\":\"Vana-V\u00f5romaa Savvusann\",\"potentialAction\":[{\"@type\":\"SearchAction\",\"target\":{\"@type\":\"EntryPoint\",\"urlTemplate\":\"https:\\\/\\\/savvusann.ee\\\/et\\\/?s={search_term_string}\"},\"query-input\":{\"@type\":\"PropertyValueSpecification\",\"valueRequired\":true,\"valueName\":\"search_term_string\"}}],\"inLanguage\":\"et\"}]}<\/script>\n<!-- \/ Yoast SEO plugin. -->","yoast_head_json":{"title":"Suitsusaunade ajaloost Eestis - Savvusann","robots":{"index":"index","follow":"follow","max-snippet":"max-snippet:-1","max-image-preview":"max-image-preview:large","max-video-preview":"max-video-preview:-1"},"canonical":"https:\/\/savvusann.ee\/et\/suitsusaunast\/suitsusaunade-ajaloost-eestis\/","og_locale":"et_EE","og_type":"article","og_title":"Suitsusaunade ajaloost Eestis - Savvusann","og_description":"Saun ning saunatava on k\u00f5igi l\u00e4\u00e4nemeresoome rahvaste juures tuntud ja teatud v\u00e4ga ammustest aegadest. Eesti talusaunade kaugema ajaloo kohta v\u00f5ib teavet saada \u00fcksikutest kirjalikest allikatest [&hellip;]","og_url":"https:\/\/savvusann.ee\/et\/suitsusaunast\/suitsusaunade-ajaloost-eestis\/","og_site_name":"Savvusann","og_image":[{"url":"http:\/\/savvusann.ee\/wp-content\/uploads\/2018\/04\/vaiksem_habichtkaart-400x333.jpg","type":"","width":"","height":""}],"twitter_card":"summary_large_image","twitter_misc":{"Est. reading time":"4 minutit"},"schema":{"@context":"https:\/\/schema.org","@graph":[{"@type":"WebPage","@id":"https:\/\/savvusann.ee\/et\/suitsusaunast\/suitsusaunade-ajaloost-eestis\/","url":"https:\/\/savvusann.ee\/et\/suitsusaunast\/suitsusaunade-ajaloost-eestis\/","name":"Suitsusaunade ajaloost Eestis - Savvusann","isPartOf":{"@id":"https:\/\/savvusann.ee\/et\/#website"},"primaryImageOfPage":{"@id":"https:\/\/savvusann.ee\/et\/suitsusaunast\/suitsusaunade-ajaloost-eestis\/#primaryimage"},"image":{"@id":"https:\/\/savvusann.ee\/et\/suitsusaunast\/suitsusaunade-ajaloost-eestis\/#primaryimage"},"thumbnailUrl":"http:\/\/savvusann.ee\/wp-content\/uploads\/2018\/04\/vaiksem_habichtkaart-400x333.jpg","datePublished":"2018-04-14T19:33:02+00:00","breadcrumb":{"@id":"https:\/\/savvusann.ee\/et\/suitsusaunast\/suitsusaunade-ajaloost-eestis\/#breadcrumb"},"inLanguage":"et","potentialAction":[{"@type":"ReadAction","target":["https:\/\/savvusann.ee\/et\/suitsusaunast\/suitsusaunade-ajaloost-eestis\/"]}]},{"@type":"ImageObject","inLanguage":"et","@id":"https:\/\/savvusann.ee\/et\/suitsusaunast\/suitsusaunade-ajaloost-eestis\/#primaryimage","url":"http:\/\/savvusann.ee\/wp-content\/uploads\/2018\/04\/vaiksem_habichtkaart-400x333.jpg","contentUrl":"http:\/\/savvusann.ee\/wp-content\/uploads\/2018\/04\/vaiksem_habichtkaart-400x333.jpg"},{"@type":"BreadcrumbList","@id":"https:\/\/savvusann.ee\/et\/suitsusaunast\/suitsusaunade-ajaloost-eestis\/#breadcrumb","itemListElement":[{"@type":"ListItem","position":1,"name":"Home","item":"https:\/\/savvusann.ee\/et\/"},{"@type":"ListItem","position":2,"name":"Suitsusaunast","item":"https:\/\/savvusann.ee\/et\/suitsusaunast\/"},{"@type":"ListItem","position":3,"name":"Suitsusaunade ajaloost Eestis"}]},{"@type":"WebSite","@id":"https:\/\/savvusann.ee\/et\/#website","url":"https:\/\/savvusann.ee\/et\/","name":"Savvusann","description":"Vana-V\u00f5romaa Savvusann","potentialAction":[{"@type":"SearchAction","target":{"@type":"EntryPoint","urlTemplate":"https:\/\/savvusann.ee\/et\/?s={search_term_string}"},"query-input":{"@type":"PropertyValueSpecification","valueRequired":true,"valueName":"search_term_string"}}],"inLanguage":"et"}]}},"_links":{"self":[{"href":"https:\/\/savvusann.ee\/et\/wp-json\/wp\/v2\/pages\/181","targetHints":{"allow":["GET"]}}],"collection":[{"href":"https:\/\/savvusann.ee\/et\/wp-json\/wp\/v2\/pages"}],"about":[{"href":"https:\/\/savvusann.ee\/et\/wp-json\/wp\/v2\/types\/page"}],"author":[{"embeddable":true,"href":"https:\/\/savvusann.ee\/et\/wp-json\/wp\/v2\/users\/1"}],"replies":[{"embeddable":true,"href":"https:\/\/savvusann.ee\/et\/wp-json\/wp\/v2\/comments?post=181"}],"version-history":[{"count":1,"href":"https:\/\/savvusann.ee\/et\/wp-json\/wp\/v2\/pages\/181\/revisions"}],"predecessor-version":[{"id":183,"href":"https:\/\/savvusann.ee\/et\/wp-json\/wp\/v2\/pages\/181\/revisions\/183"}],"up":[{"embeddable":true,"href":"https:\/\/savvusann.ee\/et\/wp-json\/wp\/v2\/pages\/7"}],"wp:attachment":[{"href":"https:\/\/savvusann.ee\/et\/wp-json\/wp\/v2\/media?parent=181"}],"curies":[{"name":"wp","href":"https:\/\/api.w.org\/{rel}","templated":true}]}}