{"id":184,"date":"2018-04-14T22:36:04","date_gmt":"2018-04-14T19:36:04","guid":{"rendered":"http:\/\/savvusann.ee\/?page_id=184"},"modified":"2024-03-01T16:44:22","modified_gmt":"2024-03-01T14:44:22","slug":"suitsusauna-ehitamisest","status":"publish","type":"page","link":"https:\/\/savvusann.ee\/et\/suitsusaunast\/suitsusauna-ehitamisest\/","title":{"rendered":"Suitsusauna ehitamisest ja remondist"},"content":{"rendered":"<p><img decoding=\"async\" class=\"alignright size-full wp-image-187\" src=\"http:\/\/savvusann.ee\/wp-content\/uploads\/2018\/04\/ehitys_katusepanek.jpg\" alt=\"Suitsusauna ehitamisest\" width=\"320\" height=\"240\" \/>Saun on tuleohtliku hoonena traditsiooniliselt ehitatud teistest hoonetest kaugemale, v\u00f5imaluse korral veekogu v\u00f5i allika l\u00e4hedusse, et saunavee saamine oleks kergem. Saun p\u00fc\u00fcti ehitada n\u00f5nda, et sauna uks j\u00e4\u00e4ks \u00f5htup\u00e4ikese poole. Sauna suurus olenes nii pere suurusest kui ka j\u00f5ukusest. Oluline oli, et k\u00fctmiseks liiga palju puid ei kuluks.<\/p>\n<p>Eesti eri piirkondades on sauna ehitamise tavad olnud m\u00f5nev\u00f5rra erinevad, neid erinevusi v\u00f5ib vanemate saunade puhul veel t\u00e4nap\u00e4evalgi t\u00e4heldada. Erisused seisnevad peamiselt saunaruumis asetseva ahju ja lava asukohas ukse suhtes. Erinevad on olnud ka saunaahjud, nii v\u00e4ljan\u00e4gemise kui ka materjali poolest.<\/p>\n<p>Uue sauna ehitamisel on eeskuju v\u00f5etud l\u00e4hikonna saunadest ning arvestatud ka varasemaid teadmisi. N\u00f5nda ongi kujunenud t\u00e4nap\u00e4evani p\u00fcsinud ehitustavad. Tavasid on m\u00f5jutanud inimeste suuremad v\u00f5imalused liikuda ning elukohta vahetada. Uued elanikud toovad kaasa oma teadmised ja oskused, mis kohalikke tavasid m\u00f5jutavad. Aja jooksul on muutunud ka hoonete ehitamisel kasutatavad materjalid.<\/p>\n<p>Vanasti oli saunas \u00fcks ruum. Hiljem hakati ehitama saunu, kus pesuruumi ees on v\u00e4ike esik. On teada, et enne telliskivide kasutuselev\u00f5ttu laoti saunaahjud kas maa- v\u00f5i lubjakividest. Kui praegu on saunaseinte all tavaliselt vundament, siis varem seisid saunad nurkade alla pandud kividel.<\/p>\n<p>Saunakatuseid on kaetud kisklaudadega, hiljem laastudega. Praegusajal on laastkatuste k\u00f5rval n\u00e4ha eterniit-, plekk- ja ka ajutisena t\u00f5rvapapist katuseid. Vanema t\u00e4iskelpkatuse asemel tehakse saunale viilkatus. Pajaaugu asemel v\u00f5i lisaks sellele on enamasti olemas aken. Muldp\u00f5randaid n\u00e4eb harva, p\u00f5randad on valdavalt laudadest.<\/p>\n<p>Saunad ehitatakse ikka palkidest. Ehituse juures v\u00f5iks aga silmas pidada vanade meistrite tarkusi \u2013 siis saab korraliku sauna, mis peab kaua vastu.<\/p>\n<p>Uue suitsusauna ehitamise kohta v\u00f5ib lugeda <strong><a href=\"http:\/\/savvusann.ee\/wp-content\/uploads\/2018\/04\/andres_ansper_tyvka_loputoo.pdf\" target=\"_blank\" rel=\"noopener noreferrer\">juhendit<\/a>,<\/strong> mille on koostanud Tartu \u00dclikooli Viljandi kultuuriakadeemia rahvusliku ehituse eriala \u00fcli\u00f5pilane Andres Ansper.<br \/>\nJuhendis on kirjeldatud L\u00f5una-Eesti suitsusauna erijooni ning kohalikku traditsiooni, sauna ehitamise materjale, ehitusv\u00f5tteid, vajalikke oskusi, ajakulu. Antud on ka eelarve, mis aitab ehituseks kuluvat raha ning materjale arvestada. Eelk\u00f5ige on juhend m\u00f5eldud inimestele, kes soovivad ise endale suitsusauna ehitada, kuid selle abil on v\u00f5imalik ka ostetava suitsusauna hinda ja kvaliteeti hinnata.<\/p>\n<p>N\u00f5u ja abi uue suitsusauna ehitamiseks v\u00f5i vana sauna remontimiseks saad <strong><a href=\"https:\/\/savvusann.ee\/wp-content\/uploads\/2024\/03\/Ehitusmeistrid-01_03_2024_v.pdf\" target=\"_blank\" rel=\"noopener noreferrer\">Vana V\u00f5romaa ehitusmeistritelt<\/a>.<\/strong> Nende firmade mehed teavad kohalikke tavasid ja ehitustarkusi, tunnevad materjale ja oskavad k\u00e4sit\u00f6\u00f6na palkhooneid ehitada.<\/p>\n<p><a href=\"https:\/\/savvusann.ee\/wp-content\/uploads\/2018\/04\/Renoveeritud-keris_2014_nov_TK.jpg\" data-rel=\"lightbox-image-0\" data-rl_title=\"\" data-rl_caption=\"\"><img decoding=\"async\" class=\"alignleft wp-image-475\" title=\"\" src=\"https:\/\/savvusann.ee\/wp-content\/uploads\/2018\/04\/Renoveeritud-keris_2014_nov_TK-400x267.jpg\" alt=\"Hino talu suitsusauna kerise rekonstrueerimine\" width=\"279\" height=\"186\" srcset=\"https:\/\/savvusann.ee\/wp-content\/uploads\/2018\/04\/Renoveeritud-keris_2014_nov_TK-400x267.jpg 400w, https:\/\/savvusann.ee\/wp-content\/uploads\/2018\/04\/Renoveeritud-keris_2014_nov_TK-768x512.jpg 768w, https:\/\/savvusann.ee\/wp-content\/uploads\/2018\/04\/Renoveeritud-keris_2014_nov_TK-1024x683.jpg 1024w, https:\/\/savvusann.ee\/wp-content\/uploads\/2018\/04\/Renoveeritud-keris_2014_nov_TK.jpg 1193w\" sizes=\"(max-width: 279px) 100vw, 279px\" \/><\/a><\/p>\n<p class=\"Default\" style=\"text-align: justify; line-height: 150%;\">\u00a0Suitsusauna ehitajale v\u00f5i remontijale v\u00f5iks n\u00f5uks ja abiks olla v\u00e4ike \u00fclevaade \u00fche talu suitsusauna kerise uuendamisest.<\/p>\n<p class=\"Default\" style=\"text-align: justify; line-height: 150%;\">Suitsusauna s\u00fcdameks on alati olnud keris. Keris on see mis annab igale saunale isemoodi hinge ja h\u00f5ngu. Aga k\u00f5ik mida pruugitakse, kulub. Nii tuleb ka saunakerist vahepeal remontida v\u00f5i hoopis uus laduda.<\/p>\n<p class=\"Default\" style=\"text-align: justify; line-height: 150%;\">Hino talus uuendati kerist 2014. aasta s\u00fcgisel, peremehel oli abiks meister Agu Allikivi ja \u00f5pipoisiks Gert Reimets, kes koostas kerise renoveerimise t\u00f6\u00f6st kirjelduse. Asjaosalised on lahkesti lubanud seda \u00fclevaadet huvilistele lugemiseks: <a href=\"https:\/\/savvusann.ee\/wp-content\/uploads\/2018\/04\/Hino-talu-suitsusauna-kerise-rekonstrueerimine_Reimets_.pdf\" target=\"_blank\" rel=\"noopener noreferrer\"><span style=\"color: #ff6600;\"><strong>Hino talu suitsusauna kerise rekonstrueerimine<\/strong>.<\/span><\/a><\/p>\n<p>&nbsp;<\/p>\n<p>&nbsp;<\/p>\n","protected":false},"excerpt":{"rendered":"<p>Saun on tuleohtliku hoonena traditsiooniliselt ehitatud teistest hoonetest kaugemale, v\u00f5imaluse korral veekogu v\u00f5i allika l\u00e4hedusse, et saunavee saamine oleks kergem. Saun p\u00fc\u00fcti ehitada n\u00f5nda, et [&hellip;]<\/p>\n","protected":false},"author":1,"featured_media":0,"parent":7,"menu_order":2,"comment_status":"closed","ping_status":"closed","template":"","meta":{"footnotes":""},"class_list":["post-184","page","type-page","status-publish","hentry"],"yoast_head":"<!-- This site is optimized with the Yoast SEO plugin v27.5 - https:\/\/yoast.com\/product\/yoast-seo-wordpress\/ -->\n<title>Suitsusauna ehitamisest ja remondist - Savvusann<\/title>\n<meta name=\"robots\" content=\"index, follow, max-snippet:-1, max-image-preview:large, max-video-preview:-1\" \/>\n<link rel=\"canonical\" href=\"https:\/\/savvusann.ee\/et\/suitsusaunast\/suitsusauna-ehitamisest\/\" \/>\n<meta property=\"og:locale\" content=\"et_EE\" \/>\n<meta property=\"og:type\" content=\"article\" \/>\n<meta property=\"og:title\" content=\"Suitsusauna ehitamisest ja remondist - Savvusann\" \/>\n<meta property=\"og:description\" content=\"Saun on tuleohtliku hoonena traditsiooniliselt ehitatud teistest hoonetest kaugemale, v\u00f5imaluse korral veekogu v\u00f5i allika l\u00e4hedusse, et saunavee saamine oleks kergem. Saun p\u00fc\u00fcti ehitada n\u00f5nda, et [&hellip;]\" \/>\n<meta property=\"og:url\" content=\"https:\/\/savvusann.ee\/et\/suitsusaunast\/suitsusauna-ehitamisest\/\" \/>\n<meta property=\"og:site_name\" content=\"Savvusann\" \/>\n<meta property=\"article:modified_time\" content=\"2024-03-01T14:44:22+00:00\" \/>\n<meta property=\"og:image\" content=\"http:\/\/savvusann.ee\/wp-content\/uploads\/2018\/04\/ehitys_katusepanek.jpg\" \/>\n<meta name=\"twitter:card\" content=\"summary_large_image\" \/>\n<meta name=\"twitter:label1\" content=\"Est. reading time\" \/>\n\t<meta name=\"twitter:data1\" content=\"3 minutit\" \/>\n<script type=\"application\/ld+json\" class=\"yoast-schema-graph\">{\"@context\":\"https:\\\/\\\/schema.org\",\"@graph\":[{\"@type\":\"WebPage\",\"@id\":\"https:\\\/\\\/savvusann.ee\\\/et\\\/suitsusaunast\\\/suitsusauna-ehitamisest\\\/\",\"url\":\"https:\\\/\\\/savvusann.ee\\\/et\\\/suitsusaunast\\\/suitsusauna-ehitamisest\\\/\",\"name\":\"Suitsusauna ehitamisest ja remondist - Savvusann\",\"isPartOf\":{\"@id\":\"https:\\\/\\\/savvusann.ee\\\/et\\\/#website\"},\"primaryImageOfPage\":{\"@id\":\"https:\\\/\\\/savvusann.ee\\\/et\\\/suitsusaunast\\\/suitsusauna-ehitamisest\\\/#primaryimage\"},\"image\":{\"@id\":\"https:\\\/\\\/savvusann.ee\\\/et\\\/suitsusaunast\\\/suitsusauna-ehitamisest\\\/#primaryimage\"},\"thumbnailUrl\":\"http:\\\/\\\/savvusann.ee\\\/wp-content\\\/uploads\\\/2018\\\/04\\\/ehitys_katusepanek.jpg\",\"datePublished\":\"2018-04-14T19:36:04+00:00\",\"dateModified\":\"2024-03-01T14:44:22+00:00\",\"breadcrumb\":{\"@id\":\"https:\\\/\\\/savvusann.ee\\\/et\\\/suitsusaunast\\\/suitsusauna-ehitamisest\\\/#breadcrumb\"},\"inLanguage\":\"et\",\"potentialAction\":[{\"@type\":\"ReadAction\",\"target\":[\"https:\\\/\\\/savvusann.ee\\\/et\\\/suitsusaunast\\\/suitsusauna-ehitamisest\\\/\"]}]},{\"@type\":\"ImageObject\",\"inLanguage\":\"et\",\"@id\":\"https:\\\/\\\/savvusann.ee\\\/et\\\/suitsusaunast\\\/suitsusauna-ehitamisest\\\/#primaryimage\",\"url\":\"http:\\\/\\\/savvusann.ee\\\/wp-content\\\/uploads\\\/2018\\\/04\\\/ehitys_katusepanek.jpg\",\"contentUrl\":\"http:\\\/\\\/savvusann.ee\\\/wp-content\\\/uploads\\\/2018\\\/04\\\/ehitys_katusepanek.jpg\"},{\"@type\":\"BreadcrumbList\",\"@id\":\"https:\\\/\\\/savvusann.ee\\\/et\\\/suitsusaunast\\\/suitsusauna-ehitamisest\\\/#breadcrumb\",\"itemListElement\":[{\"@type\":\"ListItem\",\"position\":1,\"name\":\"Home\",\"item\":\"https:\\\/\\\/savvusann.ee\\\/et\\\/\"},{\"@type\":\"ListItem\",\"position\":2,\"name\":\"Suitsusaunast\",\"item\":\"https:\\\/\\\/savvusann.ee\\\/et\\\/suitsusaunast\\\/\"},{\"@type\":\"ListItem\",\"position\":3,\"name\":\"Suitsusauna ehitamisest ja remondist\"}]},{\"@type\":\"WebSite\",\"@id\":\"https:\\\/\\\/savvusann.ee\\\/et\\\/#website\",\"url\":\"https:\\\/\\\/savvusann.ee\\\/et\\\/\",\"name\":\"Savvusann\",\"description\":\"Vana-V\u00f5romaa Savvusann\",\"potentialAction\":[{\"@type\":\"SearchAction\",\"target\":{\"@type\":\"EntryPoint\",\"urlTemplate\":\"https:\\\/\\\/savvusann.ee\\\/et\\\/?s={search_term_string}\"},\"query-input\":{\"@type\":\"PropertyValueSpecification\",\"valueRequired\":true,\"valueName\":\"search_term_string\"}}],\"inLanguage\":\"et\"}]}<\/script>\n<!-- \/ Yoast SEO plugin. -->","yoast_head_json":{"title":"Suitsusauna ehitamisest ja remondist - Savvusann","robots":{"index":"index","follow":"follow","max-snippet":"max-snippet:-1","max-image-preview":"max-image-preview:large","max-video-preview":"max-video-preview:-1"},"canonical":"https:\/\/savvusann.ee\/et\/suitsusaunast\/suitsusauna-ehitamisest\/","og_locale":"et_EE","og_type":"article","og_title":"Suitsusauna ehitamisest ja remondist - Savvusann","og_description":"Saun on tuleohtliku hoonena traditsiooniliselt ehitatud teistest hoonetest kaugemale, v\u00f5imaluse korral veekogu v\u00f5i allika l\u00e4hedusse, et saunavee saamine oleks kergem. Saun p\u00fc\u00fcti ehitada n\u00f5nda, et [&hellip;]","og_url":"https:\/\/savvusann.ee\/et\/suitsusaunast\/suitsusauna-ehitamisest\/","og_site_name":"Savvusann","article_modified_time":"2024-03-01T14:44:22+00:00","og_image":[{"url":"http:\/\/savvusann.ee\/wp-content\/uploads\/2018\/04\/ehitys_katusepanek.jpg","type":"","width":"","height":""}],"twitter_card":"summary_large_image","twitter_misc":{"Est. reading time":"3 minutit"},"schema":{"@context":"https:\/\/schema.org","@graph":[{"@type":"WebPage","@id":"https:\/\/savvusann.ee\/et\/suitsusaunast\/suitsusauna-ehitamisest\/","url":"https:\/\/savvusann.ee\/et\/suitsusaunast\/suitsusauna-ehitamisest\/","name":"Suitsusauna ehitamisest ja remondist - Savvusann","isPartOf":{"@id":"https:\/\/savvusann.ee\/et\/#website"},"primaryImageOfPage":{"@id":"https:\/\/savvusann.ee\/et\/suitsusaunast\/suitsusauna-ehitamisest\/#primaryimage"},"image":{"@id":"https:\/\/savvusann.ee\/et\/suitsusaunast\/suitsusauna-ehitamisest\/#primaryimage"},"thumbnailUrl":"http:\/\/savvusann.ee\/wp-content\/uploads\/2018\/04\/ehitys_katusepanek.jpg","datePublished":"2018-04-14T19:36:04+00:00","dateModified":"2024-03-01T14:44:22+00:00","breadcrumb":{"@id":"https:\/\/savvusann.ee\/et\/suitsusaunast\/suitsusauna-ehitamisest\/#breadcrumb"},"inLanguage":"et","potentialAction":[{"@type":"ReadAction","target":["https:\/\/savvusann.ee\/et\/suitsusaunast\/suitsusauna-ehitamisest\/"]}]},{"@type":"ImageObject","inLanguage":"et","@id":"https:\/\/savvusann.ee\/et\/suitsusaunast\/suitsusauna-ehitamisest\/#primaryimage","url":"http:\/\/savvusann.ee\/wp-content\/uploads\/2018\/04\/ehitys_katusepanek.jpg","contentUrl":"http:\/\/savvusann.ee\/wp-content\/uploads\/2018\/04\/ehitys_katusepanek.jpg"},{"@type":"BreadcrumbList","@id":"https:\/\/savvusann.ee\/et\/suitsusaunast\/suitsusauna-ehitamisest\/#breadcrumb","itemListElement":[{"@type":"ListItem","position":1,"name":"Home","item":"https:\/\/savvusann.ee\/et\/"},{"@type":"ListItem","position":2,"name":"Suitsusaunast","item":"https:\/\/savvusann.ee\/et\/suitsusaunast\/"},{"@type":"ListItem","position":3,"name":"Suitsusauna ehitamisest ja remondist"}]},{"@type":"WebSite","@id":"https:\/\/savvusann.ee\/et\/#website","url":"https:\/\/savvusann.ee\/et\/","name":"Savvusann","description":"Vana-V\u00f5romaa Savvusann","potentialAction":[{"@type":"SearchAction","target":{"@type":"EntryPoint","urlTemplate":"https:\/\/savvusann.ee\/et\/?s={search_term_string}"},"query-input":{"@type":"PropertyValueSpecification","valueRequired":true,"valueName":"search_term_string"}}],"inLanguage":"et"}]}},"_links":{"self":[{"href":"https:\/\/savvusann.ee\/et\/wp-json\/wp\/v2\/pages\/184","targetHints":{"allow":["GET"]}}],"collection":[{"href":"https:\/\/savvusann.ee\/et\/wp-json\/wp\/v2\/pages"}],"about":[{"href":"https:\/\/savvusann.ee\/et\/wp-json\/wp\/v2\/types\/page"}],"author":[{"embeddable":true,"href":"https:\/\/savvusann.ee\/et\/wp-json\/wp\/v2\/users\/1"}],"replies":[{"embeddable":true,"href":"https:\/\/savvusann.ee\/et\/wp-json\/wp\/v2\/comments?post=184"}],"version-history":[{"count":12,"href":"https:\/\/savvusann.ee\/et\/wp-json\/wp\/v2\/pages\/184\/revisions"}],"predecessor-version":[{"id":2885,"href":"https:\/\/savvusann.ee\/et\/wp-json\/wp\/v2\/pages\/184\/revisions\/2885"}],"up":[{"embeddable":true,"href":"https:\/\/savvusann.ee\/et\/wp-json\/wp\/v2\/pages\/7"}],"wp:attachment":[{"href":"https:\/\/savvusann.ee\/et\/wp-json\/wp\/v2\/media?parent=184"}],"curies":[{"name":"wp","href":"https:\/\/api.w.org\/{rel}","templated":true}]}}