{"id":189,"date":"2018-04-14T22:37:59","date_gmt":"2018-04-14T19:37:59","guid":{"rendered":"http:\/\/savvusann.ee\/?page_id=189"},"modified":"2018-04-14T22:37:59","modified_gmt":"2018-04-14T19:37:59","slug":"suitsusauna-kutmisest","status":"publish","type":"page","link":"https:\/\/savvusann.ee\/et\/suitsusaunast\/suitsusauna-kutmisest\/","title":{"rendered":"Suitsusauna k\u00fctmisest"},"content":{"rendered":"<p><a href=\"http:\/\/savvusann.ee\/wp-content\/uploads\/2018\/04\/keres_viipada_vaiku.jpg\" data-rel=\"lightbox-image-0\" data-rl_title=\"\" data-rl_caption=\"\" title=\"\"><img decoding=\"async\" class=\"alignright size-medium wp-image-190\" src=\"http:\/\/savvusann.ee\/wp-content\/uploads\/2018\/04\/keres_viipada_vaiku-400x300.jpg\" alt=\"Suitsusauna k\u00fctmisest\" width=\"400\" height=\"300\" srcset=\"https:\/\/savvusann.ee\/wp-content\/uploads\/2018\/04\/keres_viipada_vaiku-400x300.jpg 400w, https:\/\/savvusann.ee\/wp-content\/uploads\/2018\/04\/keres_viipada_vaiku.jpg 461w\" sizes=\"(max-width: 400px) 100vw, 400px\" \/><\/a>Suitsusauna headus oleneb suuresti sellest, kui h\u00e4sti on saun k\u00f6etud. Iga saun on natuke erinev ja sauna k\u00fctmist toimetagu ikka keegi pererahvast. Vanemal ajal oli saunak\u00fctmine peres elavate vanemate naisterahvaste t\u00f6\u00f6. T\u00e4nap\u00e4eval ei pruugi see tava enam paika pidada, aga igal saunal on kindel k\u00fctja k\u00fcll.<\/p>\n<p>Suitsusauna k\u00fctmisel on oma p\u00f5hit\u00f5ed, mida tuleks k\u00fctmist alustades silmas pidada.<\/p>\n<ul>\n<li>Kui sa pole kunagi sauna k\u00fctnud, siis esimesel korral \u00e4ra k\u00fcta liiga suuri ahjut\u00e4isi. Paari-kolme saunak\u00fctmise j\u00e4rel oled selgeks saanud, kui palju puid korraga ahju panna ja mitu ahjut\u00e4it k\u00fctta, et saun soojaks saaks. Talvel kulub aega ja puid rohkem, suvel v\u00e4hem.<\/li>\n<li>Sauna k\u00fctku algusest l\u00f5puni \u00fcks inimene, poole k\u00fctmise ajal ei ole \u00f5ige k\u00fctjat vahetada. Saunak\u00fctmiseks peab aega olema, kiirustada sellega ei saa. K\u00fctmine v\u00f5ib olenevalt saunast ja ilmast v\u00f5tta aega kolm kuni viis tundi ning selle ajaga p\u00f5leb \u00e4ra kolm-neli ahjut\u00e4it puid.<\/li>\n<li>Kui saunas on suitsuava v\u00f5i tuulutusluuk, tuleb see k\u00fctmise alguses lahti teha.<\/li>\n<li>Esimene ahjut\u00e4is olgu tagasihoidlik. K\u00fctmisel on eelistatud lepapuu.<\/li>\n<li>Puid tuleb juurde panna siis, kui eelmise jao puude p\u00f5lemine on l\u00f5pukorral.<\/li>\n<li>Kui saun hakkab \u201esuitsu s\u00f6\u00f6ma\u201d, see t\u00e4hendab, et tekib selge suitsupiir umbes meetri k\u00f5rgusele p\u00f5randast, siis pane sauna uks kas p\u00e4ris kinni v\u00f5i j\u00e4ta praokile. Suitsupiiri tekkimine n\u00e4itab, et k\u00fctmisega on j\u00f5utud enam-v\u00e4hem poole peale.<\/li>\n<li>Kui viimane ahjut\u00e4is on \u00e4ra p\u00f5lenud, sega s\u00f6ed hoolikalt l\u00e4bi ja vaata, et koldesse ei oleks j\u00e4\u00e4nud \u00fchtki pooleldi p\u00f5lenud tukki. Siis pane suitsuavad kinni ja j\u00e4ta saun tunniks v\u00f5i poolteiseks ootele. M\u00f5nel pool peetakse \u00f5igeks s\u00f6ed, kui need on peaaegu kustunud, koldest hoopis v\u00e4lja v\u00f5tta ja v\u00e4lja viia. See on oluline ennek\u00f5ike talvel, siis ei tulevat sauna karmu.<\/li>\n<li>Kui saun on p\u00e4rast k\u00fctmist tunnikese selginud, tuleb lava ja p\u00f5rand \u00fcle p\u00fchkida, tahmunud aken sooja veega puhtaks pesta ja kerisele nn karmuleili visata. See leil lastakse poikvel uksest v\u00e4lja. Seej\u00e4rel tuulutatakse sauna m\u00f5ni minut ja pannakse uksed j\u00e4lle kinni. N\u00fc\u00fcd on paras aeg ka saunavihad kuuma vette ligunema panna.<\/li>\n<li>N\u00e4ita saunalistele, kuhu ja kuidas panna r\u00f5ivad ning karastusjoogid. Purjus peaga sauna ei minda.<\/li>\n<li>Saun on meie rahva jaoks p\u00fcha koht ja seda peab austama.<\/li>\n<\/ul>\n<p>Kui saunas on korralik keris, k\u00fctmiseks on v\u00f5tta \u00f5iged puud ja k\u00fctja tunneb t\u00f6\u00f6d, saab kindlasti \u201emagus\u201d saun: sisse astudes on soojus \u00fchtlane ja kuiv, silmad ei hakka vingust kipitama ning kurgus pole karedat k\u00f6hatunnet. Sellises saunas on hea tervist kosutada, mitu korda leili v\u00f5tta ning vihelda.<\/p>\n","protected":false},"excerpt":{"rendered":"<p>Suitsusauna headus oleneb suuresti sellest, kui h\u00e4sti on saun k\u00f6etud. Iga saun on natuke erinev ja sauna k\u00fctmist toimetagu ikka keegi pererahvast. Vanemal ajal oli [&hellip;]<\/p>\n","protected":false},"author":1,"featured_media":0,"parent":7,"menu_order":3,"comment_status":"closed","ping_status":"closed","template":"","meta":{"footnotes":""},"class_list":["post-189","page","type-page","status-publish","hentry"],"yoast_head":"<!-- This site is optimized with the Yoast SEO plugin v27.4 - https:\/\/yoast.com\/product\/yoast-seo-wordpress\/ -->\n<title>Suitsusauna k\u00fctmisest - Savvusann<\/title>\n<meta name=\"robots\" content=\"index, follow, max-snippet:-1, max-image-preview:large, max-video-preview:-1\" \/>\n<link rel=\"canonical\" href=\"https:\/\/savvusann.ee\/et\/suitsusaunast\/suitsusauna-kutmisest\/\" \/>\n<meta property=\"og:locale\" content=\"et_EE\" \/>\n<meta property=\"og:type\" content=\"article\" \/>\n<meta property=\"og:title\" content=\"Suitsusauna k\u00fctmisest - Savvusann\" \/>\n<meta property=\"og:description\" content=\"Suitsusauna headus oleneb suuresti sellest, kui h\u00e4sti on saun k\u00f6etud. Iga saun on natuke erinev ja sauna k\u00fctmist toimetagu ikka keegi pererahvast. Vanemal ajal oli [&hellip;]\" \/>\n<meta property=\"og:url\" content=\"https:\/\/savvusann.ee\/et\/suitsusaunast\/suitsusauna-kutmisest\/\" \/>\n<meta property=\"og:site_name\" content=\"Savvusann\" \/>\n<meta property=\"og:image\" content=\"http:\/\/savvusann.ee\/wp-content\/uploads\/2018\/04\/keres_viipada_vaiku-400x300.jpg\" \/>\n<meta name=\"twitter:card\" content=\"summary_large_image\" \/>\n<meta name=\"twitter:label1\" content=\"Est. reading time\" \/>\n\t<meta name=\"twitter:data1\" content=\"2 minutit\" \/>\n<script type=\"application\/ld+json\" class=\"yoast-schema-graph\">{\"@context\":\"https:\\\/\\\/schema.org\",\"@graph\":[{\"@type\":\"WebPage\",\"@id\":\"https:\\\/\\\/savvusann.ee\\\/et\\\/suitsusaunast\\\/suitsusauna-kutmisest\\\/\",\"url\":\"https:\\\/\\\/savvusann.ee\\\/et\\\/suitsusaunast\\\/suitsusauna-kutmisest\\\/\",\"name\":\"Suitsusauna k\u00fctmisest - Savvusann\",\"isPartOf\":{\"@id\":\"https:\\\/\\\/savvusann.ee\\\/et\\\/#website\"},\"primaryImageOfPage\":{\"@id\":\"https:\\\/\\\/savvusann.ee\\\/et\\\/suitsusaunast\\\/suitsusauna-kutmisest\\\/#primaryimage\"},\"image\":{\"@id\":\"https:\\\/\\\/savvusann.ee\\\/et\\\/suitsusaunast\\\/suitsusauna-kutmisest\\\/#primaryimage\"},\"thumbnailUrl\":\"http:\\\/\\\/savvusann.ee\\\/wp-content\\\/uploads\\\/2018\\\/04\\\/keres_viipada_vaiku-400x300.jpg\",\"datePublished\":\"2018-04-14T19:37:59+00:00\",\"breadcrumb\":{\"@id\":\"https:\\\/\\\/savvusann.ee\\\/et\\\/suitsusaunast\\\/suitsusauna-kutmisest\\\/#breadcrumb\"},\"inLanguage\":\"et\",\"potentialAction\":[{\"@type\":\"ReadAction\",\"target\":[\"https:\\\/\\\/savvusann.ee\\\/et\\\/suitsusaunast\\\/suitsusauna-kutmisest\\\/\"]}]},{\"@type\":\"ImageObject\",\"inLanguage\":\"et\",\"@id\":\"https:\\\/\\\/savvusann.ee\\\/et\\\/suitsusaunast\\\/suitsusauna-kutmisest\\\/#primaryimage\",\"url\":\"http:\\\/\\\/savvusann.ee\\\/wp-content\\\/uploads\\\/2018\\\/04\\\/keres_viipada_vaiku-400x300.jpg\",\"contentUrl\":\"http:\\\/\\\/savvusann.ee\\\/wp-content\\\/uploads\\\/2018\\\/04\\\/keres_viipada_vaiku-400x300.jpg\"},{\"@type\":\"BreadcrumbList\",\"@id\":\"https:\\\/\\\/savvusann.ee\\\/et\\\/suitsusaunast\\\/suitsusauna-kutmisest\\\/#breadcrumb\",\"itemListElement\":[{\"@type\":\"ListItem\",\"position\":1,\"name\":\"Home\",\"item\":\"https:\\\/\\\/savvusann.ee\\\/et\\\/\"},{\"@type\":\"ListItem\",\"position\":2,\"name\":\"Suitsusaunast\",\"item\":\"https:\\\/\\\/savvusann.ee\\\/et\\\/suitsusaunast\\\/\"},{\"@type\":\"ListItem\",\"position\":3,\"name\":\"Suitsusauna k\u00fctmisest\"}]},{\"@type\":\"WebSite\",\"@id\":\"https:\\\/\\\/savvusann.ee\\\/et\\\/#website\",\"url\":\"https:\\\/\\\/savvusann.ee\\\/et\\\/\",\"name\":\"Savvusann\",\"description\":\"Vana-V\u00f5romaa Savvusann\",\"potentialAction\":[{\"@type\":\"SearchAction\",\"target\":{\"@type\":\"EntryPoint\",\"urlTemplate\":\"https:\\\/\\\/savvusann.ee\\\/et\\\/?s={search_term_string}\"},\"query-input\":{\"@type\":\"PropertyValueSpecification\",\"valueRequired\":true,\"valueName\":\"search_term_string\"}}],\"inLanguage\":\"et\"}]}<\/script>\n<!-- \/ Yoast SEO plugin. -->","yoast_head_json":{"title":"Suitsusauna k\u00fctmisest - Savvusann","robots":{"index":"index","follow":"follow","max-snippet":"max-snippet:-1","max-image-preview":"max-image-preview:large","max-video-preview":"max-video-preview:-1"},"canonical":"https:\/\/savvusann.ee\/et\/suitsusaunast\/suitsusauna-kutmisest\/","og_locale":"et_EE","og_type":"article","og_title":"Suitsusauna k\u00fctmisest - Savvusann","og_description":"Suitsusauna headus oleneb suuresti sellest, kui h\u00e4sti on saun k\u00f6etud. Iga saun on natuke erinev ja sauna k\u00fctmist toimetagu ikka keegi pererahvast. Vanemal ajal oli [&hellip;]","og_url":"https:\/\/savvusann.ee\/et\/suitsusaunast\/suitsusauna-kutmisest\/","og_site_name":"Savvusann","og_image":[{"url":"http:\/\/savvusann.ee\/wp-content\/uploads\/2018\/04\/keres_viipada_vaiku-400x300.jpg","type":"","width":"","height":""}],"twitter_card":"summary_large_image","twitter_misc":{"Est. reading time":"2 minutit"},"schema":{"@context":"https:\/\/schema.org","@graph":[{"@type":"WebPage","@id":"https:\/\/savvusann.ee\/et\/suitsusaunast\/suitsusauna-kutmisest\/","url":"https:\/\/savvusann.ee\/et\/suitsusaunast\/suitsusauna-kutmisest\/","name":"Suitsusauna k\u00fctmisest - Savvusann","isPartOf":{"@id":"https:\/\/savvusann.ee\/et\/#website"},"primaryImageOfPage":{"@id":"https:\/\/savvusann.ee\/et\/suitsusaunast\/suitsusauna-kutmisest\/#primaryimage"},"image":{"@id":"https:\/\/savvusann.ee\/et\/suitsusaunast\/suitsusauna-kutmisest\/#primaryimage"},"thumbnailUrl":"http:\/\/savvusann.ee\/wp-content\/uploads\/2018\/04\/keres_viipada_vaiku-400x300.jpg","datePublished":"2018-04-14T19:37:59+00:00","breadcrumb":{"@id":"https:\/\/savvusann.ee\/et\/suitsusaunast\/suitsusauna-kutmisest\/#breadcrumb"},"inLanguage":"et","potentialAction":[{"@type":"ReadAction","target":["https:\/\/savvusann.ee\/et\/suitsusaunast\/suitsusauna-kutmisest\/"]}]},{"@type":"ImageObject","inLanguage":"et","@id":"https:\/\/savvusann.ee\/et\/suitsusaunast\/suitsusauna-kutmisest\/#primaryimage","url":"http:\/\/savvusann.ee\/wp-content\/uploads\/2018\/04\/keres_viipada_vaiku-400x300.jpg","contentUrl":"http:\/\/savvusann.ee\/wp-content\/uploads\/2018\/04\/keres_viipada_vaiku-400x300.jpg"},{"@type":"BreadcrumbList","@id":"https:\/\/savvusann.ee\/et\/suitsusaunast\/suitsusauna-kutmisest\/#breadcrumb","itemListElement":[{"@type":"ListItem","position":1,"name":"Home","item":"https:\/\/savvusann.ee\/et\/"},{"@type":"ListItem","position":2,"name":"Suitsusaunast","item":"https:\/\/savvusann.ee\/et\/suitsusaunast\/"},{"@type":"ListItem","position":3,"name":"Suitsusauna k\u00fctmisest"}]},{"@type":"WebSite","@id":"https:\/\/savvusann.ee\/et\/#website","url":"https:\/\/savvusann.ee\/et\/","name":"Savvusann","description":"Vana-V\u00f5romaa Savvusann","potentialAction":[{"@type":"SearchAction","target":{"@type":"EntryPoint","urlTemplate":"https:\/\/savvusann.ee\/et\/?s={search_term_string}"},"query-input":{"@type":"PropertyValueSpecification","valueRequired":true,"valueName":"search_term_string"}}],"inLanguage":"et"}]}},"_links":{"self":[{"href":"https:\/\/savvusann.ee\/et\/wp-json\/wp\/v2\/pages\/189","targetHints":{"allow":["GET"]}}],"collection":[{"href":"https:\/\/savvusann.ee\/et\/wp-json\/wp\/v2\/pages"}],"about":[{"href":"https:\/\/savvusann.ee\/et\/wp-json\/wp\/v2\/types\/page"}],"author":[{"embeddable":true,"href":"https:\/\/savvusann.ee\/et\/wp-json\/wp\/v2\/users\/1"}],"replies":[{"embeddable":true,"href":"https:\/\/savvusann.ee\/et\/wp-json\/wp\/v2\/comments?post=189"}],"version-history":[{"count":1,"href":"https:\/\/savvusann.ee\/et\/wp-json\/wp\/v2\/pages\/189\/revisions"}],"predecessor-version":[{"id":191,"href":"https:\/\/savvusann.ee\/et\/wp-json\/wp\/v2\/pages\/189\/revisions\/191"}],"up":[{"embeddable":true,"href":"https:\/\/savvusann.ee\/et\/wp-json\/wp\/v2\/pages\/7"}],"wp:attachment":[{"href":"https:\/\/savvusann.ee\/et\/wp-json\/wp\/v2\/media?parent=189"}],"curies":[{"name":"wp","href":"https:\/\/api.w.org\/{rel}","templated":true}]}}