{"id":192,"date":"2018-04-14T22:40:33","date_gmt":"2018-04-14T19:40:33","guid":{"rendered":"http:\/\/savvusann.ee\/?page_id=192"},"modified":"2018-04-14T22:40:33","modified_gmt":"2018-04-14T19:40:33","slug":"sannan-suidsutodulo-lihalo-noutas-muugilupa","status":"publish","type":"page","link":"https:\/\/savvusann.ee\/et\/suitsusaunast\/sannan-suidsutodulo-lihalo-noutas-muugilupa\/","title":{"rendered":"Sannan suidsut\u00f5dul\u00f5 lihal\u00f5 n\u00f5utas m\u00fc\u00fcgilupa"},"content":{"rendered":"<p><em>Uma Leht numm\u00f5r&#8217; 232<\/em><br \/>\n<em>Lehekuu 31. p\u00e4iv 2011<\/em><br \/>\n<em>\u00dclle Harju<\/em><\/p>\n<p><strong><img decoding=\"async\" class=\"alignright size-full wp-image-193\" src=\"http:\/\/savvusann.ee\/wp-content\/uploads\/2018\/04\/eda_lihaga.jpg\" alt=\"Eda Veeroja\" width=\"200\" height=\"196\" \/>Veeroja Eda m\u00f5ist sannan nii h\u00e4\u00e4d lihha suidsuta, et tuud tahtnu t\u00f5s\u00f5ki turismitalonigu ummi k\u00fcl\u00e4liisi jaos osta, a s\u00e4\u00e4d\u00fcs lupa Edal tuud \u00f5nn\u00f5 uma talo k\u00fcl\u00e4liisile s\u00f6\u00f6gis pakku<\/strong><\/p>\n<p>\u00abMu ku p\u00f5lisel\u00e4nigu \u00f5igus om ell\u00e4 traditsioonilist ello ja Euroopa Liidu n\u00f5udmis\u00f5 saa ai tuud \u00f5igust \u00e4r v\u00f5tta!\u00bb pahandas Mooska turismitalo pid\u00e4j\u00e4 Veeroja Eda Haanimaalt tuu p\u00e4\u00e4le, et veterinaaramm\u00f5tnigu ei lupa t\u00e4l m\u00fcvv\u00e4 sannan suidsut\u00f5dut lihha.<\/p>\n<p>\u00abOl\u00f5 n\u00f5uh, et saa-i tet\u00e4 savvulihha m\u00fc\u00fcgi jaos tuuh sannah, koh ma hinn\u00e4st m\u00f5s\u00f5,\u00bb k\u00f5n\u00f5l\u2019 Veeroja Eda ja om n\u00f5uh tegem\u00e4 vahts\u00f5 sanna liha suidsutamis\u00f5 jaos.<\/p>\n<p>A ku t\u00e4 perr\u00e4 k\u00fcsse, et kas taa sann s\u00f5s tunnust\u00f5das \u00e4r, et s\u00e4\u00e4l v\u00f5it suidsulihha tet\u00e4, vastas\u2019 veterinaar- ja toiduamm\u00f5t, et mitte m\u00e4ndselgi juhul \u2013 ei oll\u00f5v s\u00e4\u00e4nest pretsedenti (s\u00e4\u00e4nest \u00f5igust ol\u00f5-i ki\u00e4ki k\u00fcs\u00fcn\u00fc eg\u00e4 saanu).<\/p>\n<p>P\u00f5llumajandusministeeri\u00fcmi toidu- ja veterinaarosakunna toiduohutus\u00f5 b\u00fcroo p\u00e4\u00e4as\u2019atundja Peipmani Elsa \u00fctel\u2019 pahandamis\u00f5 p\u00e4\u00e4le: \u00abPer\u00e4ndilise s\u00f6\u00f6gi tegemise puhul v\u00f5i tehnoloogilin\u00f5 plaan 19. saandist peri olla, a 21. saandi tegij\u00e4 pi\u00e4t ol\u00f5ma kimm\u00e4s, et t\u00e4 pakk s\u00fc\u00fcj\u00e4le oholda s\u00fc\u00fcki.\u00bb<\/p>\n<p>Eestih om \u00f5nn\u00f5 paar ettev\u00f5t\u00f5t, ki\u00e4 omma hinn\u00e4st savvut\u00f5du kraami tegij\u00e4s \u00fcles andnu ja tegev\u00e4 tuud kraami er\u00e4le savvuahoh. \u00abKu el\u00e4jist tett\u00fct s\u00fc\u00fcki tahetas anda t\u00f5isil\u00f5 \u00fcmbret\u00fc\u00fct\u00e4jile, mitte s\u00fc\u00fcj\u00e4le, s\u00f5s pi\u00e4t ettev\u00f5t\u00f5 ol\u00f5ma tunnust\u00f5t,\u00bb \u00fctel\u2019 Peipmani Elsa.<\/p>\n<p>Tunnust\u00f5t t\u00e4hend\u00e4s muu si\u00e4h tuud, et tuu ruumi saina, koh s\u00fc\u00fcki tet\u00e4s, tohe-i olla puust ja sainu pi\u00e4t k\u00f5g\u00f5 m\u00f5skma. S\u00f6\u00f6gi tegemises pi\u00e4t pruukma \u00f5nn\u00f5 ross\u00f5vabast ter\u00e4ssest anomit, samah tar\u00f5h pi\u00e4t ol\u00f5ma kraanikauss jne.<\/p>\n<p>\u00abKu mi p\u00fcvv\u00e4mi per\u00e4ndilist asja muuta nii, et n\u00e4 m\u00e4\u00e4r\u00fcisi perr\u00e4 olnu, s\u00f5s ol\u00f5-i seo in\u00e4mb seo!\u00bb pid\u00e4 Veeroja Eda s\u00e4\u00e4ndsit n\u00f5udmiisi ull\u2019us\u00f5s. A tuuga om t\u00e4 n\u00f5uh, et kimm\u00e4he pi\u00e4t valmis liha ol\u00f5ma k\u00f5iki n\u00f5udmiisi perr\u00e4 h\u00e4\u00e4, pi\u00e4t tegem\u00e4 t\u00e4pse tegemise k\u00f5rra, kirja pandma, kavva aigu liha h\u00e4\u00e4 sais jne. A t\u00e4 saa-i arvo, et ku sannah tett liha l\u00e4tt eg\u00e4st kontrollist l\u00e4bi, mille ei tohe s\u00f5s tuud sannah tet\u00e4.<\/p>\n<p>Eda k\u00f5n\u00f5l\u00f5s, et varramba oll\u2019 lugu viil kehvemb, no v\u00f5i t\u00e4 suidsulihha pakku v\u00e4h\u00e4mb\u00e4lt umah taloh ummil\u00f5 k\u00fcl\u00e4liisile. Tsipak\u00f5s\u00f5 v\u00f5i m\u00fcvv\u00e4 ka laatu p\u00e4\u00e4l, ku inne veterinaar- ja toiduamm\u00f5til\u00f5 teed\u00e4 anda. A edesi m\u00fcvv\u00e4 \u00f5ks ei v\u00f5i.<\/p>\n<p>\u00abMi ol\u00f5 olnu \u00fclearvo p\u00fc\u00fcdlik riik ja ala kirotanu Euroopa Liidu m\u00e4\u00e4r\u00fcisile, nuu \u00fcmbre pandnu ja no p\u00fcvv\u00e4mi n\u00e4id t\u00e4\u00fct\u00e4 nii, kuis m\u00f5istami,\u00bb selet\u2019 Veeroja Eda.<\/p>\n<p>A t\u00e4 tiid k\u00f5n\u00f5lda, et n\u00e4\u00fct\u00fcses Soom\u00f5h, \u0160veitsih ja Austriah om nail\u00f5 m\u00e4\u00e4r\u00fcisile (8.5.2 ja 8.5.3) tett\u00fc lisa. \u00abNeo andva \u00f5igus\u00f5 tet\u00e4 v\u00e4ikeist tuutmist traditisoonilids\u00f5l viisil,\u00bb \u00fctel\u2019 t\u00e4. \u00abMu unistus ol\u00f5s, et mi saasi v\u00e4ikoh kogokunnah pakku ehts\u00e4t, kotus\u00f5p\u00e4\u00e4list s\u00fc\u00fcki: ma teesi k\u00fcl\u00e4liisile lavva p\u00e4\u00e4le pandmis\u00f5s savvulihha, Hartsm\u00e4e talo tege leev\u00e4 ja M\u00e4ngli pere kits\u00f5juustu.\u00bb<\/p>\n<p>Mille Veeroja Eda tuu nimel nii k\u00f5vast\u00f5 s\u00f5nna v\u00f5tt: V\u00f5romaal\u00f5 tulnu k\u00fcl\u00e4lise otsva innek\u00f5kk\u00f5 paiga p\u00e4\u00e4l tett\u00fct, traditsioonilist s\u00fc\u00fcki. Ja iks v\u00f5inu olla s\u00f6\u00f6gilaud umast s\u00f6\u00f6gist, mitte nii, et \u00fcteh taloh saat lihha s\u00fcvv\u00e4, t\u00f5s\u00f5h leib\u00e4, kolmandah hapnit kurk\u00f5&#8230;<\/p>\n<p>\u00abKu k\u00f5ik paigap\u00e4\u00e4lidse s\u00f6\u00f6gi pakja ostva p\u00f5hilids\u00f5 s\u00f6\u00f6gikraami \u00fctst\u00f5\u00f5s\u00f5 k\u00e4est, sis saanu mi k\u00f5ik ell\u00e4 v\u00e4\u00e4rikahe ja saia \u00f5iglast tassu uma tett\u00fc t\u00fc\u00fc iist,\u00bb selet\u2019 Eda. \u00abOlnu avvu seeh p\u00f5llu- ja el\u00e4jid\u00f5 pid\u00e4mine. Hoitunu alal\u00f5 aost aigu im\u00e4lt t\u00fctrele antu s\u00f6\u00f6gitegemise komb\u00f5.\u00bb<\/p>\n<p>Peipmani Elsa m\u00e4rk\u2019, et eurom\u00e4\u00e4r\u00fcisi om v\u00f5imalik ka muuta, ku tet\u00e4 tuu jaost vahts\u00f5 ettepan\u00f5gi.<\/p>\n<p>Savvusannaliha lubamist k\u00fcsse joba aastid\u00f5 iist turismitegijide \u00fctis\u00fcs Eesti Maaturism, a t\u00fc\u00fc j\u00e4i katski. Veterinaar- ja toiduamm\u00f5t \u00fctel\u2019, et kimmit ettepan\u00f5kit m\u00e4\u00e4r\u00fcisi muutmis\u00f5s ol\u00f5-i seoniaoni tulnu.<\/p>\n<p><em>Kirot Nutovi Mirjam<\/em><\/p>\n<p><strong>Mid\u00e4 saanu Riigikogo vana V\u00f5romaa tug\u00f5misr\u00fchm tet\u00e4 tuu h\u00e4\u00e4s, et sannan suidsut\u00f5dut lihha tohtnu m\u00fcvv\u00e4?<\/strong><\/p>\n<p>Riigikogo vana V\u00f5romaa tug\u00f5misr\u00fchm\u00e4 juht K\u00f5va Kalvi (SDE):<\/p>\n<p>\u00abV\u00f5tami as\u2019a k\u00e4sile! Uma s\u00f6\u00f6gi teema om Vana V\u00f5romaa tug\u00f5misr\u00fchm\u00e4 jaos \u00fcts t\u00e4hts\u00e4mpi valdkundi.<\/p>\n<p>Ei m\u00f5ista k\u00fclh k\u00f5rraga \u00fcteld\u00e4, mille takan parhilla asi om, et savvusannan suidsut\u00f5dut lihha m\u00fcvv\u00e4 ei tohe. Kas ja kuis tuujaos Euroopa Liidu m\u00e4\u00e4r\u00fcst muuta saa. A v\u00f5tami kimm\u00e4le iist uuri, mille takan asi om, ja ku tuud m\u00e4\u00e4r\u00fcst kannatas muuta, sis teemi k\u00f5ik, et tuud tet\u00e4.<\/p>\n<p>Tuu ei ol\u00f5 normaaln\u00f5, et savvusannan suidsut\u00f5dut lihha m\u00fcvv\u00e4 ei saa. A ma usu, et om luutust taad asja muuta: paar aastat tagasi es saa turu p\u00e4\u00e4l m\u00fcvv\u00e4 koton tett\u00fcid hapnit kapstit, a no joba saa!\u00bb<\/p>\n<p><em>K\u00fcsse Harju \u00dclle<\/em><\/p>\n","protected":false},"excerpt":{"rendered":"<p>Uma Leht numm\u00f5r&#8217; 232 Lehekuu 31. p\u00e4iv 2011 \u00dclle Harju Veeroja Eda m\u00f5ist sannan nii h\u00e4\u00e4d lihha suidsuta, et tuud tahtnu t\u00f5s\u00f5ki turismitalonigu ummi k\u00fcl\u00e4liisi [&hellip;]<\/p>\n","protected":false},"author":1,"featured_media":0,"parent":7,"menu_order":4,"comment_status":"closed","ping_status":"closed","template":"","meta":{"footnotes":""},"class_list":["post-192","page","type-page","status-publish","hentry"],"yoast_head":"<!-- This site is optimized with the Yoast SEO plugin v27.4 - https:\/\/yoast.com\/product\/yoast-seo-wordpress\/ -->\n<title>Sannan suidsut\u00f5dul\u00f5 lihal\u00f5 n\u00f5utas m\u00fc\u00fcgilupa - Savvusann<\/title>\n<meta name=\"robots\" content=\"index, follow, max-snippet:-1, max-image-preview:large, max-video-preview:-1\" \/>\n<link rel=\"canonical\" href=\"https:\/\/savvusann.ee\/et\/suitsusaunast\/sannan-suidsutodulo-lihalo-noutas-muugilupa\/\" \/>\n<meta property=\"og:locale\" content=\"et_EE\" \/>\n<meta property=\"og:type\" content=\"article\" \/>\n<meta property=\"og:title\" content=\"Sannan suidsut\u00f5dul\u00f5 lihal\u00f5 n\u00f5utas m\u00fc\u00fcgilupa - Savvusann\" \/>\n<meta property=\"og:description\" content=\"Uma Leht numm\u00f5r&#8217; 232 Lehekuu 31. p\u00e4iv 2011 \u00dclle Harju Veeroja Eda m\u00f5ist sannan nii h\u00e4\u00e4d lihha suidsuta, et tuud tahtnu t\u00f5s\u00f5ki turismitalonigu ummi k\u00fcl\u00e4liisi [&hellip;]\" \/>\n<meta property=\"og:url\" content=\"https:\/\/savvusann.ee\/et\/suitsusaunast\/sannan-suidsutodulo-lihalo-noutas-muugilupa\/\" \/>\n<meta property=\"og:site_name\" content=\"Savvusann\" \/>\n<meta property=\"og:image\" content=\"http:\/\/savvusann.ee\/wp-content\/uploads\/2018\/04\/eda_lihaga.jpg\" \/>\n<meta name=\"twitter:card\" content=\"summary_large_image\" \/>\n<meta name=\"twitter:label1\" content=\"Est. reading time\" \/>\n\t<meta name=\"twitter:data1\" content=\"5 minutit\" \/>\n<script type=\"application\/ld+json\" class=\"yoast-schema-graph\">{\"@context\":\"https:\\\/\\\/schema.org\",\"@graph\":[{\"@type\":\"WebPage\",\"@id\":\"https:\\\/\\\/savvusann.ee\\\/et\\\/suitsusaunast\\\/sannan-suidsutodulo-lihalo-noutas-muugilupa\\\/\",\"url\":\"https:\\\/\\\/savvusann.ee\\\/et\\\/suitsusaunast\\\/sannan-suidsutodulo-lihalo-noutas-muugilupa\\\/\",\"name\":\"Sannan suidsut\u00f5dul\u00f5 lihal\u00f5 n\u00f5utas m\u00fc\u00fcgilupa - Savvusann\",\"isPartOf\":{\"@id\":\"https:\\\/\\\/savvusann.ee\\\/et\\\/#website\"},\"primaryImageOfPage\":{\"@id\":\"https:\\\/\\\/savvusann.ee\\\/et\\\/suitsusaunast\\\/sannan-suidsutodulo-lihalo-noutas-muugilupa\\\/#primaryimage\"},\"image\":{\"@id\":\"https:\\\/\\\/savvusann.ee\\\/et\\\/suitsusaunast\\\/sannan-suidsutodulo-lihalo-noutas-muugilupa\\\/#primaryimage\"},\"thumbnailUrl\":\"http:\\\/\\\/savvusann.ee\\\/wp-content\\\/uploads\\\/2018\\\/04\\\/eda_lihaga.jpg\",\"datePublished\":\"2018-04-14T19:40:33+00:00\",\"breadcrumb\":{\"@id\":\"https:\\\/\\\/savvusann.ee\\\/et\\\/suitsusaunast\\\/sannan-suidsutodulo-lihalo-noutas-muugilupa\\\/#breadcrumb\"},\"inLanguage\":\"et\",\"potentialAction\":[{\"@type\":\"ReadAction\",\"target\":[\"https:\\\/\\\/savvusann.ee\\\/et\\\/suitsusaunast\\\/sannan-suidsutodulo-lihalo-noutas-muugilupa\\\/\"]}]},{\"@type\":\"ImageObject\",\"inLanguage\":\"et\",\"@id\":\"https:\\\/\\\/savvusann.ee\\\/et\\\/suitsusaunast\\\/sannan-suidsutodulo-lihalo-noutas-muugilupa\\\/#primaryimage\",\"url\":\"http:\\\/\\\/savvusann.ee\\\/wp-content\\\/uploads\\\/2018\\\/04\\\/eda_lihaga.jpg\",\"contentUrl\":\"http:\\\/\\\/savvusann.ee\\\/wp-content\\\/uploads\\\/2018\\\/04\\\/eda_lihaga.jpg\"},{\"@type\":\"BreadcrumbList\",\"@id\":\"https:\\\/\\\/savvusann.ee\\\/et\\\/suitsusaunast\\\/sannan-suidsutodulo-lihalo-noutas-muugilupa\\\/#breadcrumb\",\"itemListElement\":[{\"@type\":\"ListItem\",\"position\":1,\"name\":\"Home\",\"item\":\"https:\\\/\\\/savvusann.ee\\\/et\\\/\"},{\"@type\":\"ListItem\",\"position\":2,\"name\":\"Suitsusaunast\",\"item\":\"https:\\\/\\\/savvusann.ee\\\/et\\\/suitsusaunast\\\/\"},{\"@type\":\"ListItem\",\"position\":3,\"name\":\"Sannan suidsut\u00f5dul\u00f5 lihal\u00f5 n\u00f5utas m\u00fc\u00fcgilupa\"}]},{\"@type\":\"WebSite\",\"@id\":\"https:\\\/\\\/savvusann.ee\\\/et\\\/#website\",\"url\":\"https:\\\/\\\/savvusann.ee\\\/et\\\/\",\"name\":\"Savvusann\",\"description\":\"Vana-V\u00f5romaa Savvusann\",\"potentialAction\":[{\"@type\":\"SearchAction\",\"target\":{\"@type\":\"EntryPoint\",\"urlTemplate\":\"https:\\\/\\\/savvusann.ee\\\/et\\\/?s={search_term_string}\"},\"query-input\":{\"@type\":\"PropertyValueSpecification\",\"valueRequired\":true,\"valueName\":\"search_term_string\"}}],\"inLanguage\":\"et\"}]}<\/script>\n<!-- \/ Yoast SEO plugin. -->","yoast_head_json":{"title":"Sannan suidsut\u00f5dul\u00f5 lihal\u00f5 n\u00f5utas m\u00fc\u00fcgilupa - Savvusann","robots":{"index":"index","follow":"follow","max-snippet":"max-snippet:-1","max-image-preview":"max-image-preview:large","max-video-preview":"max-video-preview:-1"},"canonical":"https:\/\/savvusann.ee\/et\/suitsusaunast\/sannan-suidsutodulo-lihalo-noutas-muugilupa\/","og_locale":"et_EE","og_type":"article","og_title":"Sannan suidsut\u00f5dul\u00f5 lihal\u00f5 n\u00f5utas m\u00fc\u00fcgilupa - Savvusann","og_description":"Uma Leht numm\u00f5r&#8217; 232 Lehekuu 31. p\u00e4iv 2011 \u00dclle Harju Veeroja Eda m\u00f5ist sannan nii h\u00e4\u00e4d lihha suidsuta, et tuud tahtnu t\u00f5s\u00f5ki turismitalonigu ummi k\u00fcl\u00e4liisi [&hellip;]","og_url":"https:\/\/savvusann.ee\/et\/suitsusaunast\/sannan-suidsutodulo-lihalo-noutas-muugilupa\/","og_site_name":"Savvusann","og_image":[{"url":"http:\/\/savvusann.ee\/wp-content\/uploads\/2018\/04\/eda_lihaga.jpg","type":"","width":"","height":""}],"twitter_card":"summary_large_image","twitter_misc":{"Est. reading time":"5 minutit"},"schema":{"@context":"https:\/\/schema.org","@graph":[{"@type":"WebPage","@id":"https:\/\/savvusann.ee\/et\/suitsusaunast\/sannan-suidsutodulo-lihalo-noutas-muugilupa\/","url":"https:\/\/savvusann.ee\/et\/suitsusaunast\/sannan-suidsutodulo-lihalo-noutas-muugilupa\/","name":"Sannan suidsut\u00f5dul\u00f5 lihal\u00f5 n\u00f5utas m\u00fc\u00fcgilupa - Savvusann","isPartOf":{"@id":"https:\/\/savvusann.ee\/et\/#website"},"primaryImageOfPage":{"@id":"https:\/\/savvusann.ee\/et\/suitsusaunast\/sannan-suidsutodulo-lihalo-noutas-muugilupa\/#primaryimage"},"image":{"@id":"https:\/\/savvusann.ee\/et\/suitsusaunast\/sannan-suidsutodulo-lihalo-noutas-muugilupa\/#primaryimage"},"thumbnailUrl":"http:\/\/savvusann.ee\/wp-content\/uploads\/2018\/04\/eda_lihaga.jpg","datePublished":"2018-04-14T19:40:33+00:00","breadcrumb":{"@id":"https:\/\/savvusann.ee\/et\/suitsusaunast\/sannan-suidsutodulo-lihalo-noutas-muugilupa\/#breadcrumb"},"inLanguage":"et","potentialAction":[{"@type":"ReadAction","target":["https:\/\/savvusann.ee\/et\/suitsusaunast\/sannan-suidsutodulo-lihalo-noutas-muugilupa\/"]}]},{"@type":"ImageObject","inLanguage":"et","@id":"https:\/\/savvusann.ee\/et\/suitsusaunast\/sannan-suidsutodulo-lihalo-noutas-muugilupa\/#primaryimage","url":"http:\/\/savvusann.ee\/wp-content\/uploads\/2018\/04\/eda_lihaga.jpg","contentUrl":"http:\/\/savvusann.ee\/wp-content\/uploads\/2018\/04\/eda_lihaga.jpg"},{"@type":"BreadcrumbList","@id":"https:\/\/savvusann.ee\/et\/suitsusaunast\/sannan-suidsutodulo-lihalo-noutas-muugilupa\/#breadcrumb","itemListElement":[{"@type":"ListItem","position":1,"name":"Home","item":"https:\/\/savvusann.ee\/et\/"},{"@type":"ListItem","position":2,"name":"Suitsusaunast","item":"https:\/\/savvusann.ee\/et\/suitsusaunast\/"},{"@type":"ListItem","position":3,"name":"Sannan suidsut\u00f5dul\u00f5 lihal\u00f5 n\u00f5utas m\u00fc\u00fcgilupa"}]},{"@type":"WebSite","@id":"https:\/\/savvusann.ee\/et\/#website","url":"https:\/\/savvusann.ee\/et\/","name":"Savvusann","description":"Vana-V\u00f5romaa Savvusann","potentialAction":[{"@type":"SearchAction","target":{"@type":"EntryPoint","urlTemplate":"https:\/\/savvusann.ee\/et\/?s={search_term_string}"},"query-input":{"@type":"PropertyValueSpecification","valueRequired":true,"valueName":"search_term_string"}}],"inLanguage":"et"}]}},"_links":{"self":[{"href":"https:\/\/savvusann.ee\/et\/wp-json\/wp\/v2\/pages\/192","targetHints":{"allow":["GET"]}}],"collection":[{"href":"https:\/\/savvusann.ee\/et\/wp-json\/wp\/v2\/pages"}],"about":[{"href":"https:\/\/savvusann.ee\/et\/wp-json\/wp\/v2\/types\/page"}],"author":[{"embeddable":true,"href":"https:\/\/savvusann.ee\/et\/wp-json\/wp\/v2\/users\/1"}],"replies":[{"embeddable":true,"href":"https:\/\/savvusann.ee\/et\/wp-json\/wp\/v2\/comments?post=192"}],"version-history":[{"count":1,"href":"https:\/\/savvusann.ee\/et\/wp-json\/wp\/v2\/pages\/192\/revisions"}],"predecessor-version":[{"id":194,"href":"https:\/\/savvusann.ee\/et\/wp-json\/wp\/v2\/pages\/192\/revisions\/194"}],"up":[{"embeddable":true,"href":"https:\/\/savvusann.ee\/et\/wp-json\/wp\/v2\/pages\/7"}],"wp:attachment":[{"href":"https:\/\/savvusann.ee\/et\/wp-json\/wp\/v2\/media?parent=192"}],"curies":[{"name":"wp","href":"https:\/\/api.w.org\/{rel}","templated":true}]}}