{"id":198,"date":"2018-04-14T22:44:01","date_gmt":"2018-04-14T19:44:01","guid":{"rendered":"http:\/\/savvusann.ee\/?page_id=198"},"modified":"2018-04-14T22:44:01","modified_gmt":"2018-04-14T19:44:01","slug":"vihtade-tegemine","status":"publish","type":"page","link":"https:\/\/savvusann.ee\/et\/suitsusaunast\/vihtade-tegemine\/","title":{"rendered":"Vihtade tegemine"},"content":{"rendered":"<p><a href=\"http:\/\/savvusann.ee\/wp-content\/uploads\/2018\/04\/vaiku_urvaste_peetri_vihtade-tegemine.jpg\" data-rel=\"lightbox-image-0\" data-rl_title=\"\" data-rl_caption=\"\" title=\"\"><img decoding=\"async\" class=\"alignright size-medium wp-image-199\" src=\"http:\/\/savvusann.ee\/wp-content\/uploads\/2018\/04\/vaiku_urvaste_peetri_vihtade-tegemine-400x300.jpg\" alt=\"Vihtade tegemine\" width=\"400\" height=\"300\" srcset=\"https:\/\/savvusann.ee\/wp-content\/uploads\/2018\/04\/vaiku_urvaste_peetri_vihtade-tegemine-400x300.jpg 400w, https:\/\/savvusann.ee\/wp-content\/uploads\/2018\/04\/vaiku_urvaste_peetri_vihtade-tegemine-768x576.jpg 768w, https:\/\/savvusann.ee\/wp-content\/uploads\/2018\/04\/vaiku_urvaste_peetri_vihtade-tegemine.jpg 922w\" sizes=\"(max-width: 400px) 100vw, 400px\" \/><\/a>Vihtade tegemiseks sobivaim aeg olevat enne jaanip\u00e4eva ja vanal kuul. Oksad l\u00f5igatakse kuiva ilmaga ja tuuakse koju, et neist paraja suurusega vihad kokku k\u00f6ita.<\/p>\n<p>Saunavihad tehakse tavaliselt arukase okstest. Oksad tuleks v\u00f5tta noorematelt puudelt ja valida tuleb painduvad oksad. Okste v\u00f5tmiseks ei raiuta puid maha vaid l\u00f5igatakse oksi noaga. Vihtu on tehtud ka kadakast, tammest, pihlakast, aga ka s\u00f5najala lehtedest, n\u00f5gestest ja teistestki taimedest.<\/p>\n<p>Valmis vihad k\u00f6idetakse paariviisi ja pannakse kuivama varjulisse katusealusesse, kust tuul l\u00e4bi k\u00e4ib ja on h\u00e4mar. Suvel tehakse saunaminekuks v\u00e4rske viht, aga kui puulehed on juba vanaks l\u00e4inud, v\u00f5etakse viht kuivatatud vihtade varudest. Kuiva vihta hautatakse t\u00fckk aega kuumas vees, et viht pehmeks l\u00e4heks ja vihelda saaks.<\/p>\n<p><strong>Sannavihtu kotsil\u00f5 tiidmisi van\u00f5mbast aost:<\/strong><\/p>\n<p>Oss\u00f5, minkast vihtu tet\u00e4s kutsutas lehessis.<\/p>\n<p>Vihtu k\u00f5lbas tet\u00e4 k\u00f5ost, mi\u00e4 om nuur ja kasus arumaa p\u00e4\u00e4l.<\/p>\n<p><strong>Konas om \u00f5ig\u00f5 aig vihtu tet\u00e4?<\/strong><\/p>\n<p>Kas inne vai p\u00e4\u00e4le jaanip\u00e4iv\u00e4 (tan om m\u00f5t\u00f5ld vana kallendri perr\u00e4 jaanip\u00e4iv\u00e4, mi\u00e4 om pr\u00f5lla 07. hainakuud).<\/p>\n<p>M\u00f5n\u00f5l puul \u00fcld\u00e4s ka et vihtu tet\u00e4s kat\u00f5 jaani vaihel (vahts\u00f5 ja vana kallendri jaanip\u00e4ivi vaihel).<\/p>\n<p>Vihtu tetti vana kuuge. Noor\u00f5 kuuga tett\u00fc viha aiva kih\u00e4 k\u00e4rn\u00e4, kih\u00e4 nakkas s\u00fc\u00fctm\u00e4.<\/p>\n<p>Noor\u00f5 kuu viha seen om s\u00e4idse haigust, vana kuu viha seen om \u00fctes\u00e4 rohto.<\/p>\n<p>Pehmel aol tett viha saava pehme, k\u00f5val aol tett viha kale\u00b4.<\/p>\n<p>Lehessit l\u00f5igati kuiva ilmage ja tuudi tar\u00f5 manu. Vihtu tetti tar\u00f5 man, kas v\u00e4ll\u00e4n vai kongi var\u00f3 all. Ossa v\u00f5eti parra pikkuse p\u00e4\u00e4le, s\u00e4eti k\u00f5rraligult ja ots\u00f5st \u00fctepikku kimpu, k\u00f6\u00fcdeti kandsu puult kinni ja kirv\u00f5ga l\u00fc\u00fcdi per\u00e4n kands viil \u00fctetasatses.<\/p>\n<p>Viha k\u00f6\u00fcdeti paari viisi, sis oll n\u00e4id h\u00e4\u00e4 kuiuma panda. Ku sai k\u00f5ik paari, t\u00f5iva lamba tuu aastak paari poig\u00f5 , a ku m\u00f5ni viht \u00fctsikus j\u00e4i, tull \u00fctsikit poig\u00f5 kah.<\/p>\n<p>Viha panti kuiuma koheski katus\u00f5 ala orsi p\u00e4\u00e4le, nii et p\u00e4iv p\u00e4\u00e4le es paistu, a tuul iks l\u00e4bi k\u00e4ve.<\/p>\n<p>Suv\u00f5l tetti iks v\u00e4rkist lehessist viht sannaminekis, a ku lehesse jo vanas olli l\u00e4nn\u00fc, minti sanna kuivatet vihage. Kuiunut vihta havvutedi kuuman viin, konis t\u00e4 pehmes l\u00e4ts. Vihta v\u00f5ids\u00f5 k\u00f5rrage \u00fcts k\u00f5rd havvuta, muidu tulli lehe maahha.<\/p>\n<p>Vihtmise aigu tenn\u00e4ti: Aitumma viituujal\u00f5 ja viha haudjal\u00f5, aitumma sanna k\u00fctj\u00e4l\u00f5 ja puulahkjal\u00f5. Jummal hoia hob\u00f5s\u00f5sk\u00f5ist, ki\u00e4 puu vidi.<\/p>\n<p>Tenn\u00e4mise s\u00f5nno om mitmit esisugumasi. Ku t\u00f5n\u00f5 sinnu viht\u00f5, tull kah tenn\u00e4d\u00e4.<\/p>\n<p>P\u00e4\u00e4le sanna tull viht j\u00e4l \u00e4r kuivata. Vihta pruugiti mitu k\u00f5rd, koni t\u00e4 roodsakus l\u00e4ts.<\/p>\n<p>Vana viht j\u00e4eti sanna laba p\u00e4\u00e4le.<\/p>\n<p>M\u00f5n\u00f5l puul palutedi vana viht j\u00e4rgm\u00e4se k\u00fctmise aigu sanna-ahun, a m\u00f5ni tiid, et tuu v\u00f5i tuvva naha-haigust. Vannust roodsakist vihtust tetti ka p\u00fchkmise luuvvak\u00f5isi. M\u00f5n\u00f5l puul om lastu vanal vihal v\u00e4ll\u00e4n sanna man saista.<\/p>\n<p>Ku inemine kuuli, panti t\u00e4lle kirstu p\u00e4\u00e4 ala tuusama viht millega koolukihh\u00e4 m\u00f5sti.<\/p>\n","protected":false},"excerpt":{"rendered":"<p>Vihtade tegemiseks sobivaim aeg olevat enne jaanip\u00e4eva ja vanal kuul. Oksad l\u00f5igatakse kuiva ilmaga ja tuuakse koju, et neist paraja suurusega vihad kokku k\u00f6ita. Saunavihad [&hellip;]<\/p>\n","protected":false},"author":1,"featured_media":0,"parent":7,"menu_order":6,"comment_status":"closed","ping_status":"closed","template":"","meta":{"footnotes":""},"class_list":["post-198","page","type-page","status-publish","hentry"],"yoast_head":"<!-- This site is optimized with the Yoast SEO plugin v27.4 - https:\/\/yoast.com\/product\/yoast-seo-wordpress\/ -->\n<title>Vihtade tegemine - Savvusann<\/title>\n<meta name=\"robots\" content=\"index, follow, max-snippet:-1, max-image-preview:large, max-video-preview:-1\" \/>\n<link rel=\"canonical\" href=\"https:\/\/savvusann.ee\/et\/suitsusaunast\/vihtade-tegemine\/\" \/>\n<meta property=\"og:locale\" content=\"et_EE\" \/>\n<meta property=\"og:type\" content=\"article\" \/>\n<meta property=\"og:title\" content=\"Vihtade tegemine - Savvusann\" \/>\n<meta property=\"og:description\" content=\"Vihtade tegemiseks sobivaim aeg olevat enne jaanip\u00e4eva ja vanal kuul. Oksad l\u00f5igatakse kuiva ilmaga ja tuuakse koju, et neist paraja suurusega vihad kokku k\u00f6ita. Saunavihad [&hellip;]\" \/>\n<meta property=\"og:url\" content=\"https:\/\/savvusann.ee\/et\/suitsusaunast\/vihtade-tegemine\/\" \/>\n<meta property=\"og:site_name\" content=\"Savvusann\" \/>\n<meta property=\"og:image\" content=\"http:\/\/savvusann.ee\/wp-content\/uploads\/2018\/04\/vaiku_urvaste_peetri_vihtade-tegemine-400x300.jpg\" \/>\n<meta name=\"twitter:card\" content=\"summary_large_image\" \/>\n<meta name=\"twitter:label1\" content=\"Est. reading time\" \/>\n\t<meta name=\"twitter:data1\" content=\"3 minutit\" \/>\n<script type=\"application\/ld+json\" class=\"yoast-schema-graph\">{\"@context\":\"https:\\\/\\\/schema.org\",\"@graph\":[{\"@type\":\"WebPage\",\"@id\":\"https:\\\/\\\/savvusann.ee\\\/et\\\/suitsusaunast\\\/vihtade-tegemine\\\/\",\"url\":\"https:\\\/\\\/savvusann.ee\\\/et\\\/suitsusaunast\\\/vihtade-tegemine\\\/\",\"name\":\"Vihtade tegemine - Savvusann\",\"isPartOf\":{\"@id\":\"https:\\\/\\\/savvusann.ee\\\/et\\\/#website\"},\"primaryImageOfPage\":{\"@id\":\"https:\\\/\\\/savvusann.ee\\\/et\\\/suitsusaunast\\\/vihtade-tegemine\\\/#primaryimage\"},\"image\":{\"@id\":\"https:\\\/\\\/savvusann.ee\\\/et\\\/suitsusaunast\\\/vihtade-tegemine\\\/#primaryimage\"},\"thumbnailUrl\":\"http:\\\/\\\/savvusann.ee\\\/wp-content\\\/uploads\\\/2018\\\/04\\\/vaiku_urvaste_peetri_vihtade-tegemine-400x300.jpg\",\"datePublished\":\"2018-04-14T19:44:01+00:00\",\"breadcrumb\":{\"@id\":\"https:\\\/\\\/savvusann.ee\\\/et\\\/suitsusaunast\\\/vihtade-tegemine\\\/#breadcrumb\"},\"inLanguage\":\"et\",\"potentialAction\":[{\"@type\":\"ReadAction\",\"target\":[\"https:\\\/\\\/savvusann.ee\\\/et\\\/suitsusaunast\\\/vihtade-tegemine\\\/\"]}]},{\"@type\":\"ImageObject\",\"inLanguage\":\"et\",\"@id\":\"https:\\\/\\\/savvusann.ee\\\/et\\\/suitsusaunast\\\/vihtade-tegemine\\\/#primaryimage\",\"url\":\"http:\\\/\\\/savvusann.ee\\\/wp-content\\\/uploads\\\/2018\\\/04\\\/vaiku_urvaste_peetri_vihtade-tegemine-400x300.jpg\",\"contentUrl\":\"http:\\\/\\\/savvusann.ee\\\/wp-content\\\/uploads\\\/2018\\\/04\\\/vaiku_urvaste_peetri_vihtade-tegemine-400x300.jpg\"},{\"@type\":\"BreadcrumbList\",\"@id\":\"https:\\\/\\\/savvusann.ee\\\/et\\\/suitsusaunast\\\/vihtade-tegemine\\\/#breadcrumb\",\"itemListElement\":[{\"@type\":\"ListItem\",\"position\":1,\"name\":\"Home\",\"item\":\"https:\\\/\\\/savvusann.ee\\\/et\\\/\"},{\"@type\":\"ListItem\",\"position\":2,\"name\":\"Suitsusaunast\",\"item\":\"https:\\\/\\\/savvusann.ee\\\/et\\\/suitsusaunast\\\/\"},{\"@type\":\"ListItem\",\"position\":3,\"name\":\"Vihtade tegemine\"}]},{\"@type\":\"WebSite\",\"@id\":\"https:\\\/\\\/savvusann.ee\\\/et\\\/#website\",\"url\":\"https:\\\/\\\/savvusann.ee\\\/et\\\/\",\"name\":\"Savvusann\",\"description\":\"Vana-V\u00f5romaa Savvusann\",\"potentialAction\":[{\"@type\":\"SearchAction\",\"target\":{\"@type\":\"EntryPoint\",\"urlTemplate\":\"https:\\\/\\\/savvusann.ee\\\/et\\\/?s={search_term_string}\"},\"query-input\":{\"@type\":\"PropertyValueSpecification\",\"valueRequired\":true,\"valueName\":\"search_term_string\"}}],\"inLanguage\":\"et\"}]}<\/script>\n<!-- \/ Yoast SEO plugin. -->","yoast_head_json":{"title":"Vihtade tegemine - Savvusann","robots":{"index":"index","follow":"follow","max-snippet":"max-snippet:-1","max-image-preview":"max-image-preview:large","max-video-preview":"max-video-preview:-1"},"canonical":"https:\/\/savvusann.ee\/et\/suitsusaunast\/vihtade-tegemine\/","og_locale":"et_EE","og_type":"article","og_title":"Vihtade tegemine - Savvusann","og_description":"Vihtade tegemiseks sobivaim aeg olevat enne jaanip\u00e4eva ja vanal kuul. Oksad l\u00f5igatakse kuiva ilmaga ja tuuakse koju, et neist paraja suurusega vihad kokku k\u00f6ita. Saunavihad [&hellip;]","og_url":"https:\/\/savvusann.ee\/et\/suitsusaunast\/vihtade-tegemine\/","og_site_name":"Savvusann","og_image":[{"url":"http:\/\/savvusann.ee\/wp-content\/uploads\/2018\/04\/vaiku_urvaste_peetri_vihtade-tegemine-400x300.jpg","type":"","width":"","height":""}],"twitter_card":"summary_large_image","twitter_misc":{"Est. reading time":"3 minutit"},"schema":{"@context":"https:\/\/schema.org","@graph":[{"@type":"WebPage","@id":"https:\/\/savvusann.ee\/et\/suitsusaunast\/vihtade-tegemine\/","url":"https:\/\/savvusann.ee\/et\/suitsusaunast\/vihtade-tegemine\/","name":"Vihtade tegemine - Savvusann","isPartOf":{"@id":"https:\/\/savvusann.ee\/et\/#website"},"primaryImageOfPage":{"@id":"https:\/\/savvusann.ee\/et\/suitsusaunast\/vihtade-tegemine\/#primaryimage"},"image":{"@id":"https:\/\/savvusann.ee\/et\/suitsusaunast\/vihtade-tegemine\/#primaryimage"},"thumbnailUrl":"http:\/\/savvusann.ee\/wp-content\/uploads\/2018\/04\/vaiku_urvaste_peetri_vihtade-tegemine-400x300.jpg","datePublished":"2018-04-14T19:44:01+00:00","breadcrumb":{"@id":"https:\/\/savvusann.ee\/et\/suitsusaunast\/vihtade-tegemine\/#breadcrumb"},"inLanguage":"et","potentialAction":[{"@type":"ReadAction","target":["https:\/\/savvusann.ee\/et\/suitsusaunast\/vihtade-tegemine\/"]}]},{"@type":"ImageObject","inLanguage":"et","@id":"https:\/\/savvusann.ee\/et\/suitsusaunast\/vihtade-tegemine\/#primaryimage","url":"http:\/\/savvusann.ee\/wp-content\/uploads\/2018\/04\/vaiku_urvaste_peetri_vihtade-tegemine-400x300.jpg","contentUrl":"http:\/\/savvusann.ee\/wp-content\/uploads\/2018\/04\/vaiku_urvaste_peetri_vihtade-tegemine-400x300.jpg"},{"@type":"BreadcrumbList","@id":"https:\/\/savvusann.ee\/et\/suitsusaunast\/vihtade-tegemine\/#breadcrumb","itemListElement":[{"@type":"ListItem","position":1,"name":"Home","item":"https:\/\/savvusann.ee\/et\/"},{"@type":"ListItem","position":2,"name":"Suitsusaunast","item":"https:\/\/savvusann.ee\/et\/suitsusaunast\/"},{"@type":"ListItem","position":3,"name":"Vihtade tegemine"}]},{"@type":"WebSite","@id":"https:\/\/savvusann.ee\/et\/#website","url":"https:\/\/savvusann.ee\/et\/","name":"Savvusann","description":"Vana-V\u00f5romaa Savvusann","potentialAction":[{"@type":"SearchAction","target":{"@type":"EntryPoint","urlTemplate":"https:\/\/savvusann.ee\/et\/?s={search_term_string}"},"query-input":{"@type":"PropertyValueSpecification","valueRequired":true,"valueName":"search_term_string"}}],"inLanguage":"et"}]}},"_links":{"self":[{"href":"https:\/\/savvusann.ee\/et\/wp-json\/wp\/v2\/pages\/198","targetHints":{"allow":["GET"]}}],"collection":[{"href":"https:\/\/savvusann.ee\/et\/wp-json\/wp\/v2\/pages"}],"about":[{"href":"https:\/\/savvusann.ee\/et\/wp-json\/wp\/v2\/types\/page"}],"author":[{"embeddable":true,"href":"https:\/\/savvusann.ee\/et\/wp-json\/wp\/v2\/users\/1"}],"replies":[{"embeddable":true,"href":"https:\/\/savvusann.ee\/et\/wp-json\/wp\/v2\/comments?post=198"}],"version-history":[{"count":1,"href":"https:\/\/savvusann.ee\/et\/wp-json\/wp\/v2\/pages\/198\/revisions"}],"predecessor-version":[{"id":200,"href":"https:\/\/savvusann.ee\/et\/wp-json\/wp\/v2\/pages\/198\/revisions\/200"}],"up":[{"embeddable":true,"href":"https:\/\/savvusann.ee\/et\/wp-json\/wp\/v2\/pages\/7"}],"wp:attachment":[{"href":"https:\/\/savvusann.ee\/et\/wp-json\/wp\/v2\/media?parent=198"}],"curies":[{"name":"wp","href":"https:\/\/api.w.org\/{rel}","templated":true}]}}