{"id":203,"date":"2018-04-14T22:58:33","date_gmt":"2018-04-14T19:58:33","guid":{"rendered":"http:\/\/savvusann.ee\/?page_id=203"},"modified":"2024-11-15T15:43:22","modified_gmt":"2024-11-15T13:43:22","slug":"suitsusaunu-on-kajastatud-avaldatud-raamatutes-ja-uurimustes","status":"publish","type":"page","link":"https:\/\/savvusann.ee\/et\/suitsusaunast\/suitsusaunu-on-kajastatud-avaldatud-raamatutes-ja-uurimustes\/","title":{"rendered":"Suitsusaunu on kajastatud avaldatud raamatutes ja uurimustes"},"content":{"rendered":"<p><strong>Matsuura, Anna, 2024<\/strong>. Guided Sauna Experiences in Estonia: Ritual Practices and Lifestyle Entrepreneurship of Saunanaine (Sauna Woman). Magistrit\u00f6\u00f6: Tartu \u00dclikool, kultuuriteaduste instituut, etnoloogia osakond, folkloristika ja p\u00e4randirakenduste eriala. Tartu. T\u00f6\u00f6 on inglise keeles, lehek\u00fclgedel 68-69 on ka eestikeelne l\u00fchikokkuv\u00f5te. <a href=\"https:\/\/dspace.ut.ee\/server\/api\/core\/bitstreams\/5c52e5f0-b3e7-4509-b014-2032991843e3\/content\" target=\"_blank\" rel=\"noopener\">Loe uurimust.<\/a><\/p>\n<p><strong>Lyytinen, Heikki K.<\/strong> Terve l\u00f6yly: maailman hikoilu- ja kylpykulttuureista savusaunan saloihin . Otavan Kirjapaino O\u00dc, Keuruu 2020. Soomekeelne raamat jutustab lugusid \u00fcle ilma\u00a0 ihuharimiskultuuri ajaloost kuni suitsusauna saladusteni. Eesti saunap\u00e4rimusest ja Vana-V\u00f5romaa suitsusaunakommetest on juttu lehek\u00fclgedel 109-119.<\/p>\n<p><strong>Talve, Ilmar, 2020.<\/strong> Eestlaste, liivlaste ja l\u00e4tlaste 19. sajandi II poole saunadest. Joosep Metslangi t\u00f5lge etnoloog Ilmar Talve 160. aastal kaitstud doktorit\u00f6\u00f6st.\u00a0 Avaldatud Viljandi Kultuuriakadeemia rahvusliku k\u00e4sit\u00f6\u00f6 osakonna teadusajakirjas <i>Studia vernacula<\/i> 12: Vaata ringi=Look Around. Viljandi: Tartu \u00dclikooli Viljandi Kultuuriakadeemia, 2020, lk 106-123.<\/p>\n<p><strong>Reimets, Gert, 2015<\/strong>. V\u00f5romaa suitsusaunakombestik kanti UNESCO vaimse p\u00e4randi esindusnimekirja. Artikkel Viljandi Kultuuriakadeemia rahvusliku k\u00e4sit\u00f6\u00f6 osakonna teadusajakirjas <i>Studia vernacula<\/i> 6: Silmn\u00e4htav=The manifest. Viljandi: Eesti Loomeagentuur, 2015, lk 180-183.<\/p>\n<p><strong>Eichenbaum, K\u00fclli, 2015.<\/strong> Vana-V\u00f5romaa suitsusaunakombed kanti UNESCO vaimse kultuurip\u00e4randi esindusnimekirja. Artikkel v\u00e4ljaandes Rahvakultuuri aastaraamat 2014. Tallinn, Rahvakultuuri Keskus 2015, lk 22-25.<\/p>\n<p><strong>MT\u00dc Vanaajamaja ja Ahto Raudoja, 2014.<\/strong> Setomaa: traditsioonilise arhitektuuri p\u00f5hijooni \/ [toimetaja Helen K\u00fclvik]; SA Seto Instituut, lk 41-46.<\/p>\n<p><strong>Eichenbaum, K\u00fclli ja Eller, Kalle, 2013.<\/strong> Suitsusaunade p\u00f5lengutest ja nende \u00e4rahoidmisest. \u00a0suitsusaunade tuleohutust. Artikkel Viljandi Kultuuriakadeemia rahvusliku k\u00e4sit\u00f6\u00f6 osakonna teadusajakirjas <i>Studia vernacula<\/i> 4: Lugusid materjalidest =Stories about materials. Viljandi: Eesti Loomeagentuur, 2013, lk 157-164.<\/p>\n<p><strong>Bardone, Ester, Tamm, Epp 2013.<\/strong> Suitsusaunap\u00e4randi loomisest V\u00f5rumaal. &#8211; ERM aastaraamat nr 56 (2013), Tartu 2013, lk 95-129.<\/p>\n<p><strong>Margna, Epp, 2021.<\/strong> Mi uma savvusann. &#8211; V\u00f5ro Selts VKKF 2012, 128 lk. <a href=\"https:\/\/savvusann.ee\/wp-content\/uploads\/2022\/05\/Savvusann_raamat.pdf\" target=\"_blank\" rel=\"noopener\">Loe raamatut <strong>Mi uma savvusann<\/strong><\/a><\/p>\n<p><strong>V\u00f5su, Ester, Soov\u00e4li-Sepping, Helen 2012.<\/strong> Smoking out local traditions? Identity and heritage production in southeast estonian rural tourism enterprises. Folklore vol. 51 2012 Electronic Journal of Folklore, lk 77-108 (<a href=\"http:\/\/savvusann.ee\/wp-content\/uploads\/2018\/04\/vosu.pdf\" target=\"_blank\" rel=\"noopener\">doi:10.7592\/FEJF2012.51.vosu-soovali<\/a>)<\/p>\n<p><strong>Nork, Siiri 2012.<\/strong> Saun kui p\u00fcha koht ja sellega seotud kombestik: v\u00f5rumaalt kogutud arhiivi- ja v\u00e4lit\u00f6\u00f6materjalide n\u00e4itel. Bakalaureuset\u00f6\u00f6: Tartu \u00dclikool, filosoofiateaduskond, kultuuriteaduste ja kunstide instituut, etnoloogia osakond. Tartu.<\/p>\n<p>Loe l\u00e4hemalt: <a href=\"http:\/\/savvusann.ee\/wp-content\/uploads\/2018\/04\/siiri_nork_bakalaureusetoo_2012.pdf\" target=\"_blank\" rel=\"noopener\">Siiri Nork bakalaureuset\u00f6\u00f6 2012<\/a><\/p>\n<p><strong>Tamm, Epp 2011.<\/strong> Suitsusauna teadvustamine vaimse kultuurip\u00e4randina V\u00f5ru valla elanike seas. Bakalaureuset\u00f6\u00f6: Tartu \u00dclikool, filosoofiateaduskond, kultuuriteaduste ja kunstide instituut, etnoloogia osakond. Tartu.<\/p>\n<p>Loe l\u00e4hemalt: <a href=\"http:\/\/savvusann.ee\/wp-content\/uploads\/2018\/04\/epp_tamm_bakalaureusetoo_2011.pdf\" target=\"_blank\" rel=\"noopener\">Epp Tamm bakalaureuset\u00f6\u00f6 2011<\/a><\/p>\n<p><strong>Ansper, Andres 2011.<\/strong> Igamehe suitsusauna-aabits. L\u00f5put\u00f6\u00f6: Tartu \u00dclikooli Viljandi Kultuuriakadeemia, rahvusliku k\u00e4sit\u00f6\u00f6 osakond, rahvusliku ehituse eriala. Viljandi: Tartu \u00dclikooli Viljandi Kultuuriakadeemia.<\/p>\n<p>Loe l\u00e4hemalt: <a href=\"http:\/\/savvusann.ee\/wp-content\/uploads\/2018\/04\/andres_ansper_tyvka_loputoo1.pdf\" target=\"_blank\" rel=\"noopener\">Andres Ansper l\u00f5put\u00f6\u00f6<\/a><\/p>\n<p><strong>Tammekivi, Tarmo 2008. M\u00e4nniku metsatalu suitsusaun. <\/strong>L\u00f5put\u00f6\u00f6: Tartu \u00dclikooli Viljandi Kultuuriakadeemia, rahvusliku k\u00e4sit\u00f6\u00f6 osakond, rahvusliku ehituse eriala. Viljandi: Tartu \u00dclikooli Viljandi Kultuuriakadeemia.<\/p>\n<p>T\u00f6\u00f6 kajastab traditsioonilise suitsusauna ehitamisega seonduvat. Saun tehti Mulgimaal, turismitalu vajadusi silmas pidades. Loe l\u00e4hemalt:<\/p>\n<p><a href=\"http:\/\/savvusann.ee\/wp-content\/uploads\/2018\/04\/Loputoo_Tammekivi_REIV_Manniku_Metsatalu_suitsusaun.compressed.pdf\" target=\"_blank\" rel=\"noopener\">L\u00f5put\u00f6\u00f6 &#8211; M\u00e4nniku Metsatalu suitsusaun<\/a><\/p>\n<p><strong>Habicht, Tamara 2008. <\/strong>Eesti saun<strong> .<\/strong> Raamat, 184 lk. Esmatr\u00fckk 1972; kordustr\u00fckk AS Kirjastus Ilo, 2008.<\/p>\n<p>P\u00f5hjalik jooniste ja fotodega illustreeritud monograafia Eesti sauna ajaloost, sauna ehitustehnikatest, saunat\u00fc\u00fcpidest ja nende paikkondlikest erijoontest, sauna sisustusest, saunast kui elamust, sauna ja meditsiini seostest ja saunask\u00e4imise kombestikust rahvap\u00e4rimuses.<\/p>\n<p><strong>Karl Tihase 2007.<\/strong> Eesti talurahvaarhitektuur. Raamat. Tallinna Tehnika\u00fclikooli kirjastus, Tallinn 2007. Esmatr\u00fckk: kirjastus \u201cKunst\u201d 1974. Peat\u00fckk \u201cSaun\u201d lk 260-268.<\/p>\n<p><strong>Vuolle-Apiala, Risto 2005.<\/strong> Suitsusaun: traditsiooniliste suitsusaunade kavandamine ja ehitus. 113-lehek\u00fcljeline suures formaadis ning pehmes k\u00f6ites raamat sarjast Ehitaja raamatukogu. Soome keelest t\u00f5lkinud Anu N\u00f5ulik. Tallinn: Ehitame<\/p>\n<p><strong>Raamat H\u00fcva leili!<\/strong> Kirjastus \u201cOlion\u201d Tallinn 2002. Autorid Vello L\u00e4\u00e4n, Valdur Tamming. 183 lk.<\/p>\n<p>\u00dclevaatlik raamat k\u00f5igest saunaga seotust \u2013 ajaloost, eri maade saunadest ja tavadest, erinevatest saunaliikidest ja nende kujunemisest, saunas k\u00e4imisest, teistest toimingutest seoses saunaga, erinevate saunade ehitamisest, saunaseltside tegevusest Eestis ja mujal. <strong>Suitsusaunast <\/strong>on juttu lk 109-111.<\/p>\n<p><strong>Habicht, Tamara. Kagu-Eesti taluehitused XIX sajandi teisel poolel \u2013 XX sajandi algul.<\/strong> Dissertatsioon ajalookandidaadi teadusliku kraadi taotlemiseks, 3 k\u00f6idet, 1965. ERM raamatukogu k\u00e4sikirjalised uurimised.<\/p>\n<p>Saunadest Kagu-Eestis on p\u00f5hjalik \u00fclevaade koos andmetega, joonistega ning fotodega lk 217-259. Kirjeldatud on nii ehituslikke detaile kui ka ehitamisel pruugitud tarkusi. Uurija edastab saunas k\u00e4imisega seotud kombeid ning teadmisi. Juttu on ka sauna teistest kasutusaladest (ravimine, villase r\u00f5iva vanutamine, istjate pidamine saunas). Uurimise ajal on valdav enamus Kagu-Eesti saunu suitsusaunad, puhtaid saunu on v\u00e4he. Uurimuses on esitatud suhtarvudena 1960 aasta andmed, mitu inimest tuleb \u00fche sauna kohta sel ajal kehtinud adminjaotuste kaupa:<\/p>\n<p>R\u00e4pina rajoon 5,5 \u00fche sauna kohta<\/p>\n<p>P\u00f5lva rajoon 4,6 inimest \u00fche sauna kohta<\/p>\n<p>V\u00f5ru rajoon 4,7 inimest \u00fche sauna kohta<\/p>\n<p>Antsla rajoon 8,0 \u00fche sauna kohta<\/p>\n<p>Valga rajoon 7,3 \u00fche sauna kohta<\/p>\n<p>Mujal Eestis on need arvud suuremad, ehk siis v\u00f5ib j\u00e4reldada, et saunade esinemissagedus on v\u00e4iksem. Arvandmete puhul on loetud k\u00f5ik saunat\u00fc\u00fcbid kokku.<\/p>\n","protected":false},"excerpt":{"rendered":"<p>Matsuura, Anna, 2024. Guided Sauna Experiences in Estonia: Ritual Practices and Lifestyle Entrepreneurship of Saunanaine (Sauna Woman). Magistrit\u00f6\u00f6: Tartu \u00dclikool, kultuuriteaduste instituut, etnoloogia osakond, folkloristika [&hellip;]<\/p>\n","protected":false},"author":1,"featured_media":0,"parent":7,"menu_order":8,"comment_status":"closed","ping_status":"closed","template":"","meta":{"footnotes":""},"class_list":["post-203","page","type-page","status-publish","hentry"],"yoast_head":"<!-- This site is optimized with the Yoast SEO plugin v27.4 - https:\/\/yoast.com\/product\/yoast-seo-wordpress\/ -->\n<title>Suitsusaunu on kajastatud avaldatud raamatutes ja uurimustes - Savvusann<\/title>\n<meta name=\"robots\" content=\"index, follow, max-snippet:-1, max-image-preview:large, max-video-preview:-1\" \/>\n<link rel=\"canonical\" href=\"https:\/\/savvusann.ee\/et\/suitsusaunast\/suitsusaunu-on-kajastatud-avaldatud-raamatutes-ja-uurimustes\/\" \/>\n<meta property=\"og:locale\" content=\"et_EE\" \/>\n<meta property=\"og:type\" content=\"article\" \/>\n<meta property=\"og:title\" content=\"Suitsusaunu on kajastatud avaldatud raamatutes ja uurimustes - Savvusann\" \/>\n<meta property=\"og:description\" content=\"Matsuura, Anna, 2024. Guided Sauna Experiences in Estonia: Ritual Practices and Lifestyle Entrepreneurship of Saunanaine (Sauna Woman). Magistrit\u00f6\u00f6: Tartu \u00dclikool, kultuuriteaduste instituut, etnoloogia osakond, folkloristika [&hellip;]\" \/>\n<meta property=\"og:url\" content=\"https:\/\/savvusann.ee\/et\/suitsusaunast\/suitsusaunu-on-kajastatud-avaldatud-raamatutes-ja-uurimustes\/\" \/>\n<meta property=\"og:site_name\" content=\"Savvusann\" \/>\n<meta property=\"article:modified_time\" content=\"2024-11-15T13:43:22+00:00\" \/>\n<meta name=\"twitter:card\" content=\"summary_large_image\" \/>\n<meta name=\"twitter:label1\" content=\"Est. reading time\" \/>\n\t<meta name=\"twitter:data1\" content=\"4 minutit\" \/>\n<script type=\"application\/ld+json\" class=\"yoast-schema-graph\">{\"@context\":\"https:\\\/\\\/schema.org\",\"@graph\":[{\"@type\":\"WebPage\",\"@id\":\"https:\\\/\\\/savvusann.ee\\\/et\\\/suitsusaunast\\\/suitsusaunu-on-kajastatud-avaldatud-raamatutes-ja-uurimustes\\\/\",\"url\":\"https:\\\/\\\/savvusann.ee\\\/et\\\/suitsusaunast\\\/suitsusaunu-on-kajastatud-avaldatud-raamatutes-ja-uurimustes\\\/\",\"name\":\"Suitsusaunu on kajastatud avaldatud raamatutes ja uurimustes - Savvusann\",\"isPartOf\":{\"@id\":\"https:\\\/\\\/savvusann.ee\\\/et\\\/#website\"},\"datePublished\":\"2018-04-14T19:58:33+00:00\",\"dateModified\":\"2024-11-15T13:43:22+00:00\",\"breadcrumb\":{\"@id\":\"https:\\\/\\\/savvusann.ee\\\/et\\\/suitsusaunast\\\/suitsusaunu-on-kajastatud-avaldatud-raamatutes-ja-uurimustes\\\/#breadcrumb\"},\"inLanguage\":\"et\",\"potentialAction\":[{\"@type\":\"ReadAction\",\"target\":[\"https:\\\/\\\/savvusann.ee\\\/et\\\/suitsusaunast\\\/suitsusaunu-on-kajastatud-avaldatud-raamatutes-ja-uurimustes\\\/\"]}]},{\"@type\":\"BreadcrumbList\",\"@id\":\"https:\\\/\\\/savvusann.ee\\\/et\\\/suitsusaunast\\\/suitsusaunu-on-kajastatud-avaldatud-raamatutes-ja-uurimustes\\\/#breadcrumb\",\"itemListElement\":[{\"@type\":\"ListItem\",\"position\":1,\"name\":\"Home\",\"item\":\"https:\\\/\\\/savvusann.ee\\\/et\\\/\"},{\"@type\":\"ListItem\",\"position\":2,\"name\":\"Suitsusaunast\",\"item\":\"https:\\\/\\\/savvusann.ee\\\/et\\\/suitsusaunast\\\/\"},{\"@type\":\"ListItem\",\"position\":3,\"name\":\"Suitsusaunu on kajastatud avaldatud raamatutes ja uurimustes\"}]},{\"@type\":\"WebSite\",\"@id\":\"https:\\\/\\\/savvusann.ee\\\/et\\\/#website\",\"url\":\"https:\\\/\\\/savvusann.ee\\\/et\\\/\",\"name\":\"Savvusann\",\"description\":\"Vana-V\u00f5romaa Savvusann\",\"potentialAction\":[{\"@type\":\"SearchAction\",\"target\":{\"@type\":\"EntryPoint\",\"urlTemplate\":\"https:\\\/\\\/savvusann.ee\\\/et\\\/?s={search_term_string}\"},\"query-input\":{\"@type\":\"PropertyValueSpecification\",\"valueRequired\":true,\"valueName\":\"search_term_string\"}}],\"inLanguage\":\"et\"}]}<\/script>\n<!-- \/ Yoast SEO plugin. -->","yoast_head_json":{"title":"Suitsusaunu on kajastatud avaldatud raamatutes ja uurimustes - Savvusann","robots":{"index":"index","follow":"follow","max-snippet":"max-snippet:-1","max-image-preview":"max-image-preview:large","max-video-preview":"max-video-preview:-1"},"canonical":"https:\/\/savvusann.ee\/et\/suitsusaunast\/suitsusaunu-on-kajastatud-avaldatud-raamatutes-ja-uurimustes\/","og_locale":"et_EE","og_type":"article","og_title":"Suitsusaunu on kajastatud avaldatud raamatutes ja uurimustes - Savvusann","og_description":"Matsuura, Anna, 2024. Guided Sauna Experiences in Estonia: Ritual Practices and Lifestyle Entrepreneurship of Saunanaine (Sauna Woman). Magistrit\u00f6\u00f6: Tartu \u00dclikool, kultuuriteaduste instituut, etnoloogia osakond, folkloristika [&hellip;]","og_url":"https:\/\/savvusann.ee\/et\/suitsusaunast\/suitsusaunu-on-kajastatud-avaldatud-raamatutes-ja-uurimustes\/","og_site_name":"Savvusann","article_modified_time":"2024-11-15T13:43:22+00:00","twitter_card":"summary_large_image","twitter_misc":{"Est. reading time":"4 minutit"},"schema":{"@context":"https:\/\/schema.org","@graph":[{"@type":"WebPage","@id":"https:\/\/savvusann.ee\/et\/suitsusaunast\/suitsusaunu-on-kajastatud-avaldatud-raamatutes-ja-uurimustes\/","url":"https:\/\/savvusann.ee\/et\/suitsusaunast\/suitsusaunu-on-kajastatud-avaldatud-raamatutes-ja-uurimustes\/","name":"Suitsusaunu on kajastatud avaldatud raamatutes ja uurimustes - Savvusann","isPartOf":{"@id":"https:\/\/savvusann.ee\/et\/#website"},"datePublished":"2018-04-14T19:58:33+00:00","dateModified":"2024-11-15T13:43:22+00:00","breadcrumb":{"@id":"https:\/\/savvusann.ee\/et\/suitsusaunast\/suitsusaunu-on-kajastatud-avaldatud-raamatutes-ja-uurimustes\/#breadcrumb"},"inLanguage":"et","potentialAction":[{"@type":"ReadAction","target":["https:\/\/savvusann.ee\/et\/suitsusaunast\/suitsusaunu-on-kajastatud-avaldatud-raamatutes-ja-uurimustes\/"]}]},{"@type":"BreadcrumbList","@id":"https:\/\/savvusann.ee\/et\/suitsusaunast\/suitsusaunu-on-kajastatud-avaldatud-raamatutes-ja-uurimustes\/#breadcrumb","itemListElement":[{"@type":"ListItem","position":1,"name":"Home","item":"https:\/\/savvusann.ee\/et\/"},{"@type":"ListItem","position":2,"name":"Suitsusaunast","item":"https:\/\/savvusann.ee\/et\/suitsusaunast\/"},{"@type":"ListItem","position":3,"name":"Suitsusaunu on kajastatud avaldatud raamatutes ja uurimustes"}]},{"@type":"WebSite","@id":"https:\/\/savvusann.ee\/et\/#website","url":"https:\/\/savvusann.ee\/et\/","name":"Savvusann","description":"Vana-V\u00f5romaa Savvusann","potentialAction":[{"@type":"SearchAction","target":{"@type":"EntryPoint","urlTemplate":"https:\/\/savvusann.ee\/et\/?s={search_term_string}"},"query-input":{"@type":"PropertyValueSpecification","valueRequired":true,"valueName":"search_term_string"}}],"inLanguage":"et"}]}},"_links":{"self":[{"href":"https:\/\/savvusann.ee\/et\/wp-json\/wp\/v2\/pages\/203","targetHints":{"allow":["GET"]}}],"collection":[{"href":"https:\/\/savvusann.ee\/et\/wp-json\/wp\/v2\/pages"}],"about":[{"href":"https:\/\/savvusann.ee\/et\/wp-json\/wp\/v2\/types\/page"}],"author":[{"embeddable":true,"href":"https:\/\/savvusann.ee\/et\/wp-json\/wp\/v2\/users\/1"}],"replies":[{"embeddable":true,"href":"https:\/\/savvusann.ee\/et\/wp-json\/wp\/v2\/comments?post=203"}],"version-history":[{"count":6,"href":"https:\/\/savvusann.ee\/et\/wp-json\/wp\/v2\/pages\/203\/revisions"}],"predecessor-version":[{"id":2924,"href":"https:\/\/savvusann.ee\/et\/wp-json\/wp\/v2\/pages\/203\/revisions\/2924"}],"up":[{"embeddable":true,"href":"https:\/\/savvusann.ee\/et\/wp-json\/wp\/v2\/pages\/7"}],"wp:attachment":[{"href":"https:\/\/savvusann.ee\/et\/wp-json\/wp\/v2\/media?parent=203"}],"curies":[{"name":"wp","href":"https:\/\/api.w.org\/{rel}","templated":true}]}}