{"id":36,"date":"2018-04-11T11:17:38","date_gmt":"2018-04-11T08:17:38","guid":{"rendered":"http:\/\/savvusann.ee\/?page_id=36"},"modified":"2019-10-16T08:08:06","modified_gmt":"2019-10-16T05:08:06","slug":"avaleht","status":"publish","type":"page","link":"https:\/\/savvusann.ee\/et\/","title":{"rendered":"Avaleht"},"content":{"rendered":"","protected":false},"excerpt":{"rendered":"","protected":false},"author":1,"featured_media":0,"parent":0,"menu_order":0,"comment_status":"closed","ping_status":"closed","template":"","meta":{"footnotes":""},"class_list":["post-36","page","type-page","status-publish","hentry"],"yoast_head":"<!-- This site is optimized with the Yoast SEO plugin v27.4 - https:\/\/yoast.com\/product\/yoast-seo-wordpress\/ -->\n<title>Vana-V\u00f5rumaa suitsusaun - suitsusauna kombed on UNESCOs<\/title>\n<meta name=\"description\" content=\"Saunatava on k\u00f5igi l\u00e4\u00e4nemeresoome rahvaste juures tuntud ja teatud v\u00e4ga ammustest aegadest. Vana-V\u00f5rumaa suitsusaunakomed on UNESCO kultuurip\u00e4randi nimekirjas.\" \/>\n<meta name=\"robots\" content=\"index, follow, max-snippet:-1, max-image-preview:large, max-video-preview:-1\" \/>\n<link rel=\"canonical\" href=\"https:\/\/savvusann.ee\/et\/\" \/>\n<meta property=\"og:locale\" content=\"et_EE\" \/>\n<meta property=\"og:type\" content=\"article\" \/>\n<meta property=\"og:title\" content=\"Vana-V\u00f5rumaa suitsusaun - suitsusauna kombed on UNESCOs\" \/>\n<meta property=\"og:description\" content=\"Saunatava on k\u00f5igi l\u00e4\u00e4nemeresoome rahvaste juures tuntud ja teatud v\u00e4ga ammustest aegadest. Vana-V\u00f5rumaa suitsusaunakomed on UNESCO kultuurip\u00e4randi nimekirjas.\" \/>\n<meta property=\"og:url\" content=\"https:\/\/savvusann.ee\/et\/\" \/>\n<meta property=\"og:site_name\" content=\"Savvusann\" \/>\n<meta property=\"article:modified_time\" content=\"2019-10-16T05:08:06+00:00\" \/>\n<meta name=\"twitter:card\" content=\"summary_large_image\" \/>\n<script type=\"application\/ld+json\" class=\"yoast-schema-graph\">{\"@context\":\"https:\\\/\\\/schema.org\",\"@graph\":[{\"@type\":\"WebPage\",\"@id\":\"https:\\\/\\\/savvusann.ee\\\/et\\\/\",\"url\":\"https:\\\/\\\/savvusann.ee\\\/et\\\/\",\"name\":\"Vana-V\u00f5rumaa suitsusaun - suitsusauna kombed on UNESCOs\",\"isPartOf\":{\"@id\":\"https:\\\/\\\/savvusann.ee\\\/et\\\/#website\"},\"datePublished\":\"2018-04-11T08:17:38+00:00\",\"dateModified\":\"2019-10-16T05:08:06+00:00\",\"description\":\"Saunatava on k\u00f5igi l\u00e4\u00e4nemeresoome rahvaste juures tuntud ja teatud v\u00e4ga ammustest aegadest. Vana-V\u00f5rumaa suitsusaunakomed on UNESCO kultuurip\u00e4randi nimekirjas.\",\"breadcrumb\":{\"@id\":\"https:\\\/\\\/savvusann.ee\\\/et\\\/#breadcrumb\"},\"inLanguage\":\"et\",\"potentialAction\":[{\"@type\":\"ReadAction\",\"target\":[\"https:\\\/\\\/savvusann.ee\\\/et\\\/\"]}]},{\"@type\":\"BreadcrumbList\",\"@id\":\"https:\\\/\\\/savvusann.ee\\\/et\\\/#breadcrumb\",\"itemListElement\":[{\"@type\":\"ListItem\",\"position\":1,\"name\":\"Home\",\"item\":\"https:\\\/\\\/savvusann.ee\\\/et\\\/\"},{\"@type\":\"ListItem\",\"position\":2,\"name\":\"Avaleht\"}]},{\"@type\":\"WebSite\",\"@id\":\"https:\\\/\\\/savvusann.ee\\\/et\\\/#website\",\"url\":\"https:\\\/\\\/savvusann.ee\\\/et\\\/\",\"name\":\"Savvusann\",\"description\":\"Vana-V\u00f5romaa Savvusann\",\"potentialAction\":[{\"@type\":\"SearchAction\",\"target\":{\"@type\":\"EntryPoint\",\"urlTemplate\":\"https:\\\/\\\/savvusann.ee\\\/et\\\/?s={search_term_string}\"},\"query-input\":{\"@type\":\"PropertyValueSpecification\",\"valueRequired\":true,\"valueName\":\"search_term_string\"}}],\"inLanguage\":\"et\"}]}<\/script>\n<!-- \/ Yoast SEO plugin. -->","yoast_head_json":{"title":"Vana-V\u00f5rumaa suitsusaun - suitsusauna kombed on UNESCOs","description":"Saunatava on k\u00f5igi l\u00e4\u00e4nemeresoome rahvaste juures tuntud ja teatud v\u00e4ga ammustest aegadest. Vana-V\u00f5rumaa suitsusaunakomed on UNESCO kultuurip\u00e4randi nimekirjas.","robots":{"index":"index","follow":"follow","max-snippet":"max-snippet:-1","max-image-preview":"max-image-preview:large","max-video-preview":"max-video-preview:-1"},"canonical":"https:\/\/savvusann.ee\/et\/","og_locale":"et_EE","og_type":"article","og_title":"Vana-V\u00f5rumaa suitsusaun - suitsusauna kombed on UNESCOs","og_description":"Saunatava on k\u00f5igi l\u00e4\u00e4nemeresoome rahvaste juures tuntud ja teatud v\u00e4ga ammustest aegadest. Vana-V\u00f5rumaa suitsusaunakomed on UNESCO kultuurip\u00e4randi nimekirjas.","og_url":"https:\/\/savvusann.ee\/et\/","og_site_name":"Savvusann","article_modified_time":"2019-10-16T05:08:06+00:00","twitter_card":"summary_large_image","schema":{"@context":"https:\/\/schema.org","@graph":[{"@type":"WebPage","@id":"https:\/\/savvusann.ee\/et\/","url":"https:\/\/savvusann.ee\/et\/","name":"Vana-V\u00f5rumaa suitsusaun - suitsusauna kombed on UNESCOs","isPartOf":{"@id":"https:\/\/savvusann.ee\/et\/#website"},"datePublished":"2018-04-11T08:17:38+00:00","dateModified":"2019-10-16T05:08:06+00:00","description":"Saunatava on k\u00f5igi l\u00e4\u00e4nemeresoome rahvaste juures tuntud ja teatud v\u00e4ga ammustest aegadest. Vana-V\u00f5rumaa suitsusaunakomed on UNESCO kultuurip\u00e4randi nimekirjas.","breadcrumb":{"@id":"https:\/\/savvusann.ee\/et\/#breadcrumb"},"inLanguage":"et","potentialAction":[{"@type":"ReadAction","target":["https:\/\/savvusann.ee\/et\/"]}]},{"@type":"BreadcrumbList","@id":"https:\/\/savvusann.ee\/et\/#breadcrumb","itemListElement":[{"@type":"ListItem","position":1,"name":"Home","item":"https:\/\/savvusann.ee\/et\/"},{"@type":"ListItem","position":2,"name":"Avaleht"}]},{"@type":"WebSite","@id":"https:\/\/savvusann.ee\/et\/#website","url":"https:\/\/savvusann.ee\/et\/","name":"Savvusann","description":"Vana-V\u00f5romaa Savvusann","potentialAction":[{"@type":"SearchAction","target":{"@type":"EntryPoint","urlTemplate":"https:\/\/savvusann.ee\/et\/?s={search_term_string}"},"query-input":{"@type":"PropertyValueSpecification","valueRequired":true,"valueName":"search_term_string"}}],"inLanguage":"et"}]}},"_links":{"self":[{"href":"https:\/\/savvusann.ee\/et\/wp-json\/wp\/v2\/pages\/36","targetHints":{"allow":["GET"]}}],"collection":[{"href":"https:\/\/savvusann.ee\/et\/wp-json\/wp\/v2\/pages"}],"about":[{"href":"https:\/\/savvusann.ee\/et\/wp-json\/wp\/v2\/types\/page"}],"author":[{"embeddable":true,"href":"https:\/\/savvusann.ee\/et\/wp-json\/wp\/v2\/users\/1"}],"replies":[{"embeddable":true,"href":"https:\/\/savvusann.ee\/et\/wp-json\/wp\/v2\/comments?post=36"}],"version-history":[{"count":1,"href":"https:\/\/savvusann.ee\/et\/wp-json\/wp\/v2\/pages\/36\/revisions"}],"predecessor-version":[{"id":37,"href":"https:\/\/savvusann.ee\/et\/wp-json\/wp\/v2\/pages\/36\/revisions\/37"}],"wp:attachment":[{"href":"https:\/\/savvusann.ee\/et\/wp-json\/wp\/v2\/media?parent=36"}],"curies":[{"name":"wp","href":"https:\/\/api.w.org\/{rel}","templated":true}]}}