{"id":5,"date":"2018-04-11T10:16:09","date_gmt":"2018-04-11T07:16:09","guid":{"rendered":"http:\/\/savvusann.ee\/?page_id=5"},"modified":"2018-04-11T14:54:03","modified_gmt":"2018-04-11T11:54:03","slug":"parimus","status":"publish","type":"page","link":"https:\/\/savvusann.ee\/et\/parimus\/","title":{"rendered":"P\u00e4rimus"},"content":{"rendered":"<p><strong><a href=\"http:\/\/savvusann.ee\/wp-content\/uploads\/2018\/04\/tasatso_sanna_kytmine_2011.jpg\" data-rel=\"lightbox-image-0\" data-rl_title=\"\" data-rl_caption=\"\" title=\"\"><img decoding=\"async\" class=\"alignright size-medium wp-image-56\" src=\"http:\/\/savvusann.ee\/wp-content\/uploads\/2018\/04\/tasatso_sanna_kytmine_2011-400x300.jpg\" alt=\"Suitsusauna p\u00e4rimus\" width=\"400\" height=\"300\" srcset=\"https:\/\/savvusann.ee\/wp-content\/uploads\/2018\/04\/tasatso_sanna_kytmine_2011-400x300.jpg 400w, https:\/\/savvusann.ee\/wp-content\/uploads\/2018\/04\/tasatso_sanna_kytmine_2011.jpg 492w\" sizes=\"(max-width: 400px) 100vw, 400px\" \/><\/a>Suitsusaunaga seotud teadmisi ja kombeid on antud peredes edasi p\u00f5lvest p\u00f5lve. Igal saunalisel tuleb j\u00e4rgida tavasid ja toiminguid, mida ja kuidas on kombeks. Igas peres v\u00f5ivad kombed ja teadmised olla natuke erinevad, samuti on iga saun oma \u201chingega\u201d.<\/strong><\/p>\n<p>Tavad ja uskumused muutuvad aja jooksul, midagi uut v\u00f5etakse kasutusse, midagi olnust j\u00e4etakse k\u00f5rvale, aga on asjad, mis p\u00fcsivad muutumatuna. Toimunud muutusi saab j\u00e4lgida, kui kombestikku on aja jooksul \u00fcles t\u00e4hendatud. Praegusaegseid p\u00e4rimuslugusid saunade ja saunakommete kohta vanal V\u00f5rumaal on kogutud 2010 ja 2011 aastal.<a href=\"http:\/\/savvusann.ee\/wp-content\/uploads\/2018\/04\/2010-ja-2011-kogot-perimyse-kokkovote.pdf\" target=\"_blank\" rel=\"noopener\"><br \/>\nLoe kokkuv\u00f5tet&#8230;<\/a><\/p>\n<p><a href=\"http:\/\/savvusann.ee\/wp-content\/uploads\/2018\/04\/uma_lehe_sannajutu.pdf\" target=\"_blank\" rel=\"noopener\">Ajalehes \u201cUma Leht\u201d avaldatud suitsusaunade lood<\/a><\/p>\n","protected":false},"excerpt":{"rendered":"<p>Suitsusaunaga seotud teadmisi ja kombeid on antud peredes edasi p\u00f5lvest p\u00f5lve. Igal saunalisel tuleb j\u00e4rgida tavasid ja toiminguid, mida ja kuidas on kombeks. Igas peres [&hellip;]<\/p>\n","protected":false},"author":1,"featured_media":0,"parent":0,"menu_order":0,"comment_status":"closed","ping_status":"closed","template":"","meta":{"footnotes":""},"class_list":["post-5","page","type-page","status-publish","hentry"],"yoast_head":"<!-- This site is optimized with the Yoast SEO plugin v27.4 - https:\/\/yoast.com\/product\/yoast-seo-wordpress\/ -->\n<title>P\u00e4rimus - Savvusann<\/title>\n<meta name=\"robots\" content=\"index, follow, max-snippet:-1, max-image-preview:large, max-video-preview:-1\" \/>\n<link rel=\"canonical\" href=\"https:\/\/savvusann.ee\/et\/parimus\/\" \/>\n<meta property=\"og:locale\" content=\"et_EE\" \/>\n<meta property=\"og:type\" content=\"article\" \/>\n<meta property=\"og:title\" content=\"P\u00e4rimus - Savvusann\" \/>\n<meta property=\"og:description\" content=\"Suitsusaunaga seotud teadmisi ja kombeid on antud peredes edasi p\u00f5lvest p\u00f5lve. Igal saunalisel tuleb j\u00e4rgida tavasid ja toiminguid, mida ja kuidas on kombeks. Igas peres [&hellip;]\" \/>\n<meta property=\"og:url\" content=\"https:\/\/savvusann.ee\/et\/parimus\/\" \/>\n<meta property=\"og:site_name\" content=\"Savvusann\" \/>\n<meta property=\"article:modified_time\" content=\"2018-04-11T11:54:03+00:00\" \/>\n<meta property=\"og:image\" content=\"http:\/\/savvusann.ee\/wp-content\/uploads\/2018\/04\/tasatso_sanna_kytmine_2011-400x300.jpg\" \/>\n<meta name=\"twitter:card\" content=\"summary_large_image\" \/>\n<meta name=\"twitter:label1\" content=\"Est. reading time\" \/>\n\t<meta name=\"twitter:data1\" content=\"1 minut\" \/>\n<script type=\"application\/ld+json\" class=\"yoast-schema-graph\">{\"@context\":\"https:\\\/\\\/schema.org\",\"@graph\":[{\"@type\":\"WebPage\",\"@id\":\"https:\\\/\\\/savvusann.ee\\\/et\\\/parimus\\\/\",\"url\":\"https:\\\/\\\/savvusann.ee\\\/et\\\/parimus\\\/\",\"name\":\"P\u00e4rimus - Savvusann\",\"isPartOf\":{\"@id\":\"https:\\\/\\\/savvusann.ee\\\/et\\\/#website\"},\"primaryImageOfPage\":{\"@id\":\"https:\\\/\\\/savvusann.ee\\\/et\\\/parimus\\\/#primaryimage\"},\"image\":{\"@id\":\"https:\\\/\\\/savvusann.ee\\\/et\\\/parimus\\\/#primaryimage\"},\"thumbnailUrl\":\"http:\\\/\\\/savvusann.ee\\\/wp-content\\\/uploads\\\/2018\\\/04\\\/tasatso_sanna_kytmine_2011-400x300.jpg\",\"datePublished\":\"2018-04-11T07:16:09+00:00\",\"dateModified\":\"2018-04-11T11:54:03+00:00\",\"breadcrumb\":{\"@id\":\"https:\\\/\\\/savvusann.ee\\\/et\\\/parimus\\\/#breadcrumb\"},\"inLanguage\":\"et\",\"potentialAction\":[{\"@type\":\"ReadAction\",\"target\":[\"https:\\\/\\\/savvusann.ee\\\/et\\\/parimus\\\/\"]}]},{\"@type\":\"ImageObject\",\"inLanguage\":\"et\",\"@id\":\"https:\\\/\\\/savvusann.ee\\\/et\\\/parimus\\\/#primaryimage\",\"url\":\"http:\\\/\\\/savvusann.ee\\\/wp-content\\\/uploads\\\/2018\\\/04\\\/tasatso_sanna_kytmine_2011-400x300.jpg\",\"contentUrl\":\"http:\\\/\\\/savvusann.ee\\\/wp-content\\\/uploads\\\/2018\\\/04\\\/tasatso_sanna_kytmine_2011-400x300.jpg\"},{\"@type\":\"BreadcrumbList\",\"@id\":\"https:\\\/\\\/savvusann.ee\\\/et\\\/parimus\\\/#breadcrumb\",\"itemListElement\":[{\"@type\":\"ListItem\",\"position\":1,\"name\":\"Home\",\"item\":\"https:\\\/\\\/savvusann.ee\\\/et\\\/\"},{\"@type\":\"ListItem\",\"position\":2,\"name\":\"P\u00e4rimus\"}]},{\"@type\":\"WebSite\",\"@id\":\"https:\\\/\\\/savvusann.ee\\\/et\\\/#website\",\"url\":\"https:\\\/\\\/savvusann.ee\\\/et\\\/\",\"name\":\"Savvusann\",\"description\":\"Vana-V\u00f5romaa Savvusann\",\"potentialAction\":[{\"@type\":\"SearchAction\",\"target\":{\"@type\":\"EntryPoint\",\"urlTemplate\":\"https:\\\/\\\/savvusann.ee\\\/et\\\/?s={search_term_string}\"},\"query-input\":{\"@type\":\"PropertyValueSpecification\",\"valueRequired\":true,\"valueName\":\"search_term_string\"}}],\"inLanguage\":\"et\"}]}<\/script>\n<!-- \/ Yoast SEO plugin. -->","yoast_head_json":{"title":"P\u00e4rimus - Savvusann","robots":{"index":"index","follow":"follow","max-snippet":"max-snippet:-1","max-image-preview":"max-image-preview:large","max-video-preview":"max-video-preview:-1"},"canonical":"https:\/\/savvusann.ee\/et\/parimus\/","og_locale":"et_EE","og_type":"article","og_title":"P\u00e4rimus - Savvusann","og_description":"Suitsusaunaga seotud teadmisi ja kombeid on antud peredes edasi p\u00f5lvest p\u00f5lve. Igal saunalisel tuleb j\u00e4rgida tavasid ja toiminguid, mida ja kuidas on kombeks. Igas peres [&hellip;]","og_url":"https:\/\/savvusann.ee\/et\/parimus\/","og_site_name":"Savvusann","article_modified_time":"2018-04-11T11:54:03+00:00","og_image":[{"url":"http:\/\/savvusann.ee\/wp-content\/uploads\/2018\/04\/tasatso_sanna_kytmine_2011-400x300.jpg","type":"","width":"","height":""}],"twitter_card":"summary_large_image","twitter_misc":{"Est. reading time":"1 minut"},"schema":{"@context":"https:\/\/schema.org","@graph":[{"@type":"WebPage","@id":"https:\/\/savvusann.ee\/et\/parimus\/","url":"https:\/\/savvusann.ee\/et\/parimus\/","name":"P\u00e4rimus - Savvusann","isPartOf":{"@id":"https:\/\/savvusann.ee\/et\/#website"},"primaryImageOfPage":{"@id":"https:\/\/savvusann.ee\/et\/parimus\/#primaryimage"},"image":{"@id":"https:\/\/savvusann.ee\/et\/parimus\/#primaryimage"},"thumbnailUrl":"http:\/\/savvusann.ee\/wp-content\/uploads\/2018\/04\/tasatso_sanna_kytmine_2011-400x300.jpg","datePublished":"2018-04-11T07:16:09+00:00","dateModified":"2018-04-11T11:54:03+00:00","breadcrumb":{"@id":"https:\/\/savvusann.ee\/et\/parimus\/#breadcrumb"},"inLanguage":"et","potentialAction":[{"@type":"ReadAction","target":["https:\/\/savvusann.ee\/et\/parimus\/"]}]},{"@type":"ImageObject","inLanguage":"et","@id":"https:\/\/savvusann.ee\/et\/parimus\/#primaryimage","url":"http:\/\/savvusann.ee\/wp-content\/uploads\/2018\/04\/tasatso_sanna_kytmine_2011-400x300.jpg","contentUrl":"http:\/\/savvusann.ee\/wp-content\/uploads\/2018\/04\/tasatso_sanna_kytmine_2011-400x300.jpg"},{"@type":"BreadcrumbList","@id":"https:\/\/savvusann.ee\/et\/parimus\/#breadcrumb","itemListElement":[{"@type":"ListItem","position":1,"name":"Home","item":"https:\/\/savvusann.ee\/et\/"},{"@type":"ListItem","position":2,"name":"P\u00e4rimus"}]},{"@type":"WebSite","@id":"https:\/\/savvusann.ee\/et\/#website","url":"https:\/\/savvusann.ee\/et\/","name":"Savvusann","description":"Vana-V\u00f5romaa Savvusann","potentialAction":[{"@type":"SearchAction","target":{"@type":"EntryPoint","urlTemplate":"https:\/\/savvusann.ee\/et\/?s={search_term_string}"},"query-input":{"@type":"PropertyValueSpecification","valueRequired":true,"valueName":"search_term_string"}}],"inLanguage":"et"}]}},"_links":{"self":[{"href":"https:\/\/savvusann.ee\/et\/wp-json\/wp\/v2\/pages\/5","targetHints":{"allow":["GET"]}}],"collection":[{"href":"https:\/\/savvusann.ee\/et\/wp-json\/wp\/v2\/pages"}],"about":[{"href":"https:\/\/savvusann.ee\/et\/wp-json\/wp\/v2\/types\/page"}],"author":[{"embeddable":true,"href":"https:\/\/savvusann.ee\/et\/wp-json\/wp\/v2\/users\/1"}],"replies":[{"embeddable":true,"href":"https:\/\/savvusann.ee\/et\/wp-json\/wp\/v2\/comments?post=5"}],"version-history":[{"count":5,"href":"https:\/\/savvusann.ee\/et\/wp-json\/wp\/v2\/pages\/5\/revisions"}],"predecessor-version":[{"id":64,"href":"https:\/\/savvusann.ee\/et\/wp-json\/wp\/v2\/pages\/5\/revisions\/64"}],"wp:attachment":[{"href":"https:\/\/savvusann.ee\/et\/wp-json\/wp\/v2\/media?parent=5"}],"curies":[{"name":"wp","href":"https:\/\/api.w.org\/{rel}","templated":true}]}}