{"id":52,"date":"2018-04-11T14:46:49","date_gmt":"2018-04-11T11:46:49","guid":{"rendered":"http:\/\/savvusann.ee\/?page_id=52"},"modified":"2018-04-11T14:46:49","modified_gmt":"2018-04-11T11:46:49","slug":"vanem-parimus","status":"publish","type":"page","link":"https:\/\/savvusann.ee\/et\/parimus\/vanem-parimus\/","title":{"rendered":"Vanem p\u00e4rimus"},"content":{"rendered":"<p><strong><img decoding=\"async\" class=\"alignright size-full wp-image-54\" src=\"http:\/\/savvusann.ee\/wp-content\/uploads\/2018\/04\/viht_laval.jpg\" alt=\"Viht laval\" width=\"329\" height=\"260\" \/>L\u00f5una-Eestis <\/strong>on sauna- ja saunas k\u00e4imisega seotud kombeid olnud rohkem kui P\u00f5hja-Eestis v\u00f5i saartel. P\u00e4rimusainese uurijate arvates on L\u00f5una-Eestis t\u00e4heldatav olnud teatav eriline saunakultus, sauna on peetud p\u00fchaks paigaks, s\u00e4ilinud on sauna imettegeva j\u00f5uga seotud uskumusi. Kagu-Eestis on kombestiku omap\u00e4raks sauna tervitus- ja t\u00e4nus\u00f5nad ning veel m\u00f5ned kombed, mida mujal Eestis pole esinenud. Ka saunahoonete ehitusviisis, materjalides ja p\u00f5hiplaanis j\u00e4rgivad L\u00f5una-Eesti vanemad suitsusaunad \u00fchist traditsiooni, eristudes teiste piirkondade tavadest.<\/p>\n<p>Umbkaudu 100 aasta tagustest v\u00f5i veelgi vanematest saunakommetest <strong>vanal V\u00f5rumaal<\/strong> saab lugeda muuseumite arhiividesse kogutud tekstidest.<\/p>\n<p><a href=\"http:\/\/savvusann.ee\/wp-content\/uploads\/2018\/04\/vanna-perimyst-sannast_kodolehele.pdf\" target=\"_blank\" rel=\"noopener\">Valik\u00a0saunap\u00e4rimusest vana V\u00f5rumaa kihelkondadest<\/a>, mis on kogutud \u00a0Eesti Kirjandusmuuseumisse.<\/p>\n<h2>Mi\u00e4 om innembi olnu t\u00e4hts\u00e4 sanna k\u00fctmise man<\/h2>\n<p>Sanna naati k\u00fctm\u00e4 jo l\u00f5una aigu. Talv\u00f5l viil varramba, et sann iks vasta \u00f5dagut l\u00e4mm\u00e4s saanu. Sanna k\u00fctmise aig v\u00f5i olla eg\u00e4l sannal esisuguman\u00f5. M\u00f5ni v\u00e4iku sann l\u00e4tt paari tunni k\u00fctmise p\u00e4\u00e4le l\u00e4mm\u00e4s, suur\u00f5mba sanna tahtva pikemb\u00e4lt k\u00fctmist.<\/p>\n<p>Sanna k\u00fctmises peeti k\u00f5g\u00f5 par\u00f5mbis pui\u00f5s kas lepp\u00e4 vai k\u00f5ivo, noid\u00f5ga k\u00fctten sai makus sann.<\/p>\n<p>M\u00f5n\u00f5n talon om sannaahjo k\u00fctet pikki pui\u00f5ga. S\u00e4\u00e4l oll\u00b4 k\u00f5rd, et ahjo aeti puu\u00b4 niiviisi, et t\u00fcvepuul l\u00e4ts iin. Ku otsast \u00e4r palli, tougati tuud jako edesi ahjo.<\/p>\n<p>Puu\u00b4 pidi\u00b4 palama k\u00f5rraligult, sis sai h\u00e4\u00e4 sann. K\u00fctmise man tull\u00b4 hool\u00f5n olla, et tuli ka v\u00e4ega suur\u00f5s es l\u00e4nn\u00fc ja ahost vai l\u00e4bi keresse v\u00e4ll\u00e4 es k\u00e4\u00fcn\u00fc \u2013 sis l\u00e4tt sann palama.<\/p>\n<p>Ku puu\u00b4 sanna ahon pall\u00f5n vingva, s\u00f5s tul\u00f5 k\u00fclm ilm.<\/p>\n<p>K\u00fctmise man oll\u00b4 t\u00e4hts\u00e4, et sannaaho perr\u00e4 p\u00e4\u00e4le pui\u00f5 palamist ei tohe \u00fcles si\u00e4d\u00e4. Ku \u00fcles sek\u00e4t, saa m\u00f5ro sann. A sis pi\u00e4t hool\u00f5n ol\u00f5ma, et tukki es j\u00e4\u00e4n\u00fc.&lt;<\/p>\n<p>M\u00f5n\u00f5l puul v\u00f5eti p\u00e4\u00e4le palamist h\u00fcdse\u00b4 ahost v\u00e4ll\u00e4, et karmu es naanu ajama.<\/p>\n<p>Ku puu\u00b4 olli\u00b4 k\u00f5ik palanu, lasti savv k\u00f5ik v\u00e4ll\u00e4 ja sann pidi saistuma.<\/p>\n<p>Sann saa m\u00f5ro sis kah, ku sanna om v\u00e4h\u00e4 k\u00fctet ja saina\u00b4 ol\u00f5-i h\u00e4ste l\u00e4mm\u00e4s l\u00e4nn\u00fc.<\/p>\n<p>Inne k\u00fctmist tuudi jo k\u00fclm vesi sanna \u00e4r. L\u00e4mmi vesi tuudi inne sanna tul\u00f5kit pang\u00f5ga tar\u00f5 mant.<\/p>\n<h2>Sannank\u00e4\u00fcmine ja komb\u00f5 \u00a0V\u00f5romaal van\u00f5mbal aol<\/h2>\n<p>Sanna minnen v\u00f5eti \u00fcten puhta\u00b4 r\u00f5iva\u00b4 ja viht oll\u00b4 kangli all kandsu ots iin. Sanna l\u00e4ve p\u00e4\u00e4l l\u00fc\u00fcdi risti ette inne sisseminekit. Sannast v\u00e4ll\u00e4 tull\u00f5n j\u00e4l hiideti rist ette.<\/p>\n<p>Sanna tull\u00f5n olli\u00b4 uma\u00b4 teret\u00fcss\u00f5na\u00b4, mid\u00e4 eg\u00e4 k\u00f5rd \u00fclti. Ku rahvast joba iin oll\u00b4, \u00fclti Jummal sekk\u00e4, sannak\u00f5n\u00f5! Ol\u00f5ja vastsi seo p\u00e4\u00e4le: Jummal h\u00e4\u00e4miis!<\/p>\n<p>R\u00f5iva\u00b4 panti lae ala s\u00e4et\u00fcide orsi p\u00e4\u00e4le, kon sannaleil pehmit\u00b4 ja l\u00e4mmist\u00b4 puhtit r\u00f5ivit, a kantuist p\u00e4\u00e4lisr\u00f5ivist h\u00e4\u00f6t\u00b4 sinn\u00e4 siginen\u00fc s\u00f6\u00f6digu \u00e4r.<\/p>\n<p>Viha\u00b4 panti kuuma viiga likku, et n\u00e4 pehmes l\u00e4nn\u00fc. M\u00f5suvesi panti valmis ja tuust viist h\u00e4mm\u00e4ti peoga kolm k\u00f5rda kas iho p\u00e4\u00e4le vai keresse p\u00e4\u00e4le \u2013 kui kongi komb\u00f5s oll\u00b4. H\u00e4\u00e4d terv\u00fcst, mak\u00f5t sanna ja k\u00f5g\u00f5 k\u00f5rdaminekit pidi tuu andma.<\/p>\n<p>L\u00f5un\u00f5t v\u00f5eti \u00fcllen laudu p\u00e4\u00e4l niiviisi, et olti pik\u00e4le, jala saina puul ja p\u00e4\u00e4 keskel, viht k\u00e4ve p\u00e4\u00e4 ala. Pall\u00b4ond \u00fcle kat\u00f5 inemise laudu p\u00e4\u00e4le es mahu k\u00f5rraga. Ku higi jo v\u00e4ll\u00e4 tull\u00b4, sis istuti \u00fcles ja naati vihtma. K\u00f5g\u00f5p\u00e4\u00e4lt vihuti s\u00e4lg ja sis jala\u00b4. Vihtmise aigu \u00fclti ka tenos\u00f5nnu sannak\u00fctj\u00e4le, viituujal\u00f5, vihahaudjal\u00f5 \u2013 k\u00f5igil\u00f5, ki\u00e4 sannak\u00e4\u00fcgile \u00fcten avitanu olli. Ku \u00fcte \u00e4r vihev\u00e4, l\u00e4tsi t\u00f5s\u00f5 laudu p\u00e4\u00e4le.<\/p>\n<p>Vihtu ja l\u00f5unat v\u00f5tta v\u00f5ids\u00f5 iks mitu k\u00f5rda, kellel iho tuud kannat\u00b4.<\/p>\n<p>Sannan v\u00f5ids\u00f5 k\u00fclm\u00e4 vett juvva, tuu oll\u00f5v rohi, sis ei j\u00e4\u00e4 haig\u00f5s.<\/p>\n<p>M\u00f5skmin\u00f5 oll\u00b4 kas p\u00f5rmandu vai penke p\u00e4\u00e4l. Viiannom oll\u00b4 kas mitm\u00f5 p\u00e4\u00e4le vai eg\u00e4\u00fctel, nii kuis kongi oll\u00b4. M\u00f5skmis\u00f5s tetti l\u00e4mm\u00e4mb vesi, pruugiti ka vihaleovett. P\u00e4\u00e4 m\u00f5sti inne puhtas (seebiga), kere lasti seebiga \u00fcle ja naati vihaga h\u00f5\u00f5rdma. Viht oll\u00b4 eg\u00e4l\u00fctel uma. Inne seebi tul\u00f5kit m\u00f5sti hinn\u00e4st lip\u00f5viiga.<\/p>\n<p>Sannavett es tohe kiim\u00e4 aia \u2013 tuu aja kih\u00e4 k\u00e4rn\u00e4 ja s\u00fc\u00fctm\u00e4. Kalg vesi j\u00e4tt naha korr\u00f5s.<\/p>\n<p>P\u00e4\u00e4le m\u00f5skmist uheti hinn\u00e4st \u00fcle l\u00f6\u00fcge viiga.<\/p>\n<p>Sannan vai sanna iin pengi p\u00e4\u00e4l (nii kuis ilma oll\u00b4) puhati ja panti r\u00f5ivil\u00f5.<\/p>\n<p>Sannan peeti kunst\u00f5 kah. K\u00f5g\u00f5 hariligumb oll\u00b4 tasomin\u00f5 \u2013 s\u00f5kuti, litsuti ja vin\u00fctedi haigit vai v\u00e4s\u00fcn\u00fcid kotussit. Oll\u00b4 teed\u00e4, et ku edim\u00e4ne lats (edim\u00e4lt s\u00fcnd\u00fcn\u00fc) tasos, sis saa haig\u00f5 terves. Vanal inemisel olk\u00f5 nuur tasoja. Tasomis\u00f5 iist es tohe tenn\u00e4d\u00e4, sis es saa api. Keerolids\u00f5mbit kunst\u00f5 nigu aadri laskmin\u00f5 ja kupp\u00f5 pandmin\u00f5 toim\u00f5nd\u00b4 tiidj\u00e4 inemine ja tuu peenemb\u00e4 toht\u00f5rdamis\u00f5 jaos tetti sann er\u00e4le.<\/p>\n<p>M\u00f5skmis\u00f5st \u00fcle j\u00e4\u00e4n\u00fc k\u00fclm vesi j\u00e4eti \u00fc\u00fcses sanna, et sis saa Jessuk\u00f5n\u00f5 tulla per\u00e4n sanna ja sis t\u00e4l om h\u00e4\u00e4 m\u00f5sk\u00f5. Sannast minnen panti sannauss kinni, et Vanajuudas sisse es p\u00e4sen\u00fc. Teed\u00e4 oll\u00b4, et \u00f5dagu p\u00e4\u00e4le kell\u00e4 \u00fcttet\u00f5ist tul\u00f5va sanna vaimu ja Vanajuudas esi kah.<\/p>\n<p>Sannan olli\u00b4 iks uma kiildmise\u00b4 kah. Sannan oll\u00f5n es tohe vilist\u00e4, muido l\u00e4tt sann palama. Vannu tohe es no sukugi, s\u00f5s Vanajuudas tul\u00f5 ja vii \u00f5kva lats\u00f5 sannast minem\u00e4.<\/p>\n<p>Ku vihamehega om \u00fcten sanna minek iin, sis pi\u00e4t umavaih\u00f5l inne p\u00e4\u00e4v\u00e4 minekit \u00e4r lepm\u00e4, vihha sanna \u00fcten es tuvva.<\/p>\n","protected":false},"excerpt":{"rendered":"<p>L\u00f5una-Eestis on sauna- ja saunas k\u00e4imisega seotud kombeid olnud rohkem kui P\u00f5hja-Eestis v\u00f5i saartel. P\u00e4rimusainese uurijate arvates on L\u00f5una-Eestis t\u00e4heldatav olnud teatav eriline saunakultus, sauna [&hellip;]<\/p>\n","protected":false},"author":1,"featured_media":0,"parent":5,"menu_order":1,"comment_status":"closed","ping_status":"closed","template":"","meta":{"footnotes":""},"class_list":["post-52","page","type-page","status-publish","hentry"],"yoast_head":"<!-- This site is optimized with the Yoast SEO plugin v27.4 - https:\/\/yoast.com\/product\/yoast-seo-wordpress\/ -->\n<title>Vanem p\u00e4rimus - Savvusann<\/title>\n<meta name=\"robots\" content=\"index, follow, max-snippet:-1, max-image-preview:large, max-video-preview:-1\" \/>\n<link rel=\"canonical\" href=\"https:\/\/savvusann.ee\/et\/parimus\/vanem-parimus\/\" \/>\n<meta property=\"og:locale\" content=\"et_EE\" \/>\n<meta property=\"og:type\" content=\"article\" \/>\n<meta property=\"og:title\" content=\"Vanem p\u00e4rimus - Savvusann\" \/>\n<meta property=\"og:description\" content=\"L\u00f5una-Eestis on sauna- ja saunas k\u00e4imisega seotud kombeid olnud rohkem kui P\u00f5hja-Eestis v\u00f5i saartel. P\u00e4rimusainese uurijate arvates on L\u00f5una-Eestis t\u00e4heldatav olnud teatav eriline saunakultus, sauna [&hellip;]\" \/>\n<meta property=\"og:url\" content=\"https:\/\/savvusann.ee\/et\/parimus\/vanem-parimus\/\" \/>\n<meta property=\"og:site_name\" content=\"Savvusann\" \/>\n<meta property=\"og:image\" content=\"http:\/\/savvusann.ee\/wp-content\/uploads\/2018\/04\/viht_laval.jpg\" \/>\n<meta name=\"twitter:card\" content=\"summary_large_image\" \/>\n<meta name=\"twitter:label1\" content=\"Est. reading time\" \/>\n\t<meta name=\"twitter:data1\" content=\"5 minutit\" \/>\n<script type=\"application\/ld+json\" class=\"yoast-schema-graph\">{\"@context\":\"https:\\\/\\\/schema.org\",\"@graph\":[{\"@type\":\"WebPage\",\"@id\":\"https:\\\/\\\/savvusann.ee\\\/et\\\/parimus\\\/vanem-parimus\\\/\",\"url\":\"https:\\\/\\\/savvusann.ee\\\/et\\\/parimus\\\/vanem-parimus\\\/\",\"name\":\"Vanem p\u00e4rimus - Savvusann\",\"isPartOf\":{\"@id\":\"https:\\\/\\\/savvusann.ee\\\/et\\\/#website\"},\"primaryImageOfPage\":{\"@id\":\"https:\\\/\\\/savvusann.ee\\\/et\\\/parimus\\\/vanem-parimus\\\/#primaryimage\"},\"image\":{\"@id\":\"https:\\\/\\\/savvusann.ee\\\/et\\\/parimus\\\/vanem-parimus\\\/#primaryimage\"},\"thumbnailUrl\":\"http:\\\/\\\/savvusann.ee\\\/wp-content\\\/uploads\\\/2018\\\/04\\\/viht_laval.jpg\",\"datePublished\":\"2018-04-11T11:46:49+00:00\",\"breadcrumb\":{\"@id\":\"https:\\\/\\\/savvusann.ee\\\/et\\\/parimus\\\/vanem-parimus\\\/#breadcrumb\"},\"inLanguage\":\"et\",\"potentialAction\":[{\"@type\":\"ReadAction\",\"target\":[\"https:\\\/\\\/savvusann.ee\\\/et\\\/parimus\\\/vanem-parimus\\\/\"]}]},{\"@type\":\"ImageObject\",\"inLanguage\":\"et\",\"@id\":\"https:\\\/\\\/savvusann.ee\\\/et\\\/parimus\\\/vanem-parimus\\\/#primaryimage\",\"url\":\"http:\\\/\\\/savvusann.ee\\\/wp-content\\\/uploads\\\/2018\\\/04\\\/viht_laval.jpg\",\"contentUrl\":\"http:\\\/\\\/savvusann.ee\\\/wp-content\\\/uploads\\\/2018\\\/04\\\/viht_laval.jpg\"},{\"@type\":\"BreadcrumbList\",\"@id\":\"https:\\\/\\\/savvusann.ee\\\/et\\\/parimus\\\/vanem-parimus\\\/#breadcrumb\",\"itemListElement\":[{\"@type\":\"ListItem\",\"position\":1,\"name\":\"Home\",\"item\":\"https:\\\/\\\/savvusann.ee\\\/et\\\/\"},{\"@type\":\"ListItem\",\"position\":2,\"name\":\"P\u00e4rimus\",\"item\":\"https:\\\/\\\/savvusann.ee\\\/et\\\/parimus\\\/\"},{\"@type\":\"ListItem\",\"position\":3,\"name\":\"Vanem p\u00e4rimus\"}]},{\"@type\":\"WebSite\",\"@id\":\"https:\\\/\\\/savvusann.ee\\\/et\\\/#website\",\"url\":\"https:\\\/\\\/savvusann.ee\\\/et\\\/\",\"name\":\"Savvusann\",\"description\":\"Vana-V\u00f5romaa Savvusann\",\"potentialAction\":[{\"@type\":\"SearchAction\",\"target\":{\"@type\":\"EntryPoint\",\"urlTemplate\":\"https:\\\/\\\/savvusann.ee\\\/et\\\/?s={search_term_string}\"},\"query-input\":{\"@type\":\"PropertyValueSpecification\",\"valueRequired\":true,\"valueName\":\"search_term_string\"}}],\"inLanguage\":\"et\"}]}<\/script>\n<!-- \/ Yoast SEO plugin. -->","yoast_head_json":{"title":"Vanem p\u00e4rimus - Savvusann","robots":{"index":"index","follow":"follow","max-snippet":"max-snippet:-1","max-image-preview":"max-image-preview:large","max-video-preview":"max-video-preview:-1"},"canonical":"https:\/\/savvusann.ee\/et\/parimus\/vanem-parimus\/","og_locale":"et_EE","og_type":"article","og_title":"Vanem p\u00e4rimus - Savvusann","og_description":"L\u00f5una-Eestis on sauna- ja saunas k\u00e4imisega seotud kombeid olnud rohkem kui P\u00f5hja-Eestis v\u00f5i saartel. P\u00e4rimusainese uurijate arvates on L\u00f5una-Eestis t\u00e4heldatav olnud teatav eriline saunakultus, sauna [&hellip;]","og_url":"https:\/\/savvusann.ee\/et\/parimus\/vanem-parimus\/","og_site_name":"Savvusann","og_image":[{"url":"http:\/\/savvusann.ee\/wp-content\/uploads\/2018\/04\/viht_laval.jpg","type":"","width":"","height":""}],"twitter_card":"summary_large_image","twitter_misc":{"Est. reading time":"5 minutit"},"schema":{"@context":"https:\/\/schema.org","@graph":[{"@type":"WebPage","@id":"https:\/\/savvusann.ee\/et\/parimus\/vanem-parimus\/","url":"https:\/\/savvusann.ee\/et\/parimus\/vanem-parimus\/","name":"Vanem p\u00e4rimus - Savvusann","isPartOf":{"@id":"https:\/\/savvusann.ee\/et\/#website"},"primaryImageOfPage":{"@id":"https:\/\/savvusann.ee\/et\/parimus\/vanem-parimus\/#primaryimage"},"image":{"@id":"https:\/\/savvusann.ee\/et\/parimus\/vanem-parimus\/#primaryimage"},"thumbnailUrl":"http:\/\/savvusann.ee\/wp-content\/uploads\/2018\/04\/viht_laval.jpg","datePublished":"2018-04-11T11:46:49+00:00","breadcrumb":{"@id":"https:\/\/savvusann.ee\/et\/parimus\/vanem-parimus\/#breadcrumb"},"inLanguage":"et","potentialAction":[{"@type":"ReadAction","target":["https:\/\/savvusann.ee\/et\/parimus\/vanem-parimus\/"]}]},{"@type":"ImageObject","inLanguage":"et","@id":"https:\/\/savvusann.ee\/et\/parimus\/vanem-parimus\/#primaryimage","url":"http:\/\/savvusann.ee\/wp-content\/uploads\/2018\/04\/viht_laval.jpg","contentUrl":"http:\/\/savvusann.ee\/wp-content\/uploads\/2018\/04\/viht_laval.jpg"},{"@type":"BreadcrumbList","@id":"https:\/\/savvusann.ee\/et\/parimus\/vanem-parimus\/#breadcrumb","itemListElement":[{"@type":"ListItem","position":1,"name":"Home","item":"https:\/\/savvusann.ee\/et\/"},{"@type":"ListItem","position":2,"name":"P\u00e4rimus","item":"https:\/\/savvusann.ee\/et\/parimus\/"},{"@type":"ListItem","position":3,"name":"Vanem p\u00e4rimus"}]},{"@type":"WebSite","@id":"https:\/\/savvusann.ee\/et\/#website","url":"https:\/\/savvusann.ee\/et\/","name":"Savvusann","description":"Vana-V\u00f5romaa Savvusann","potentialAction":[{"@type":"SearchAction","target":{"@type":"EntryPoint","urlTemplate":"https:\/\/savvusann.ee\/et\/?s={search_term_string}"},"query-input":{"@type":"PropertyValueSpecification","valueRequired":true,"valueName":"search_term_string"}}],"inLanguage":"et"}]}},"_links":{"self":[{"href":"https:\/\/savvusann.ee\/et\/wp-json\/wp\/v2\/pages\/52","targetHints":{"allow":["GET"]}}],"collection":[{"href":"https:\/\/savvusann.ee\/et\/wp-json\/wp\/v2\/pages"}],"about":[{"href":"https:\/\/savvusann.ee\/et\/wp-json\/wp\/v2\/types\/page"}],"author":[{"embeddable":true,"href":"https:\/\/savvusann.ee\/et\/wp-json\/wp\/v2\/users\/1"}],"replies":[{"embeddable":true,"href":"https:\/\/savvusann.ee\/et\/wp-json\/wp\/v2\/comments?post=52"}],"version-history":[{"count":1,"href":"https:\/\/savvusann.ee\/et\/wp-json\/wp\/v2\/pages\/52\/revisions"}],"predecessor-version":[{"id":55,"href":"https:\/\/savvusann.ee\/et\/wp-json\/wp\/v2\/pages\/52\/revisions\/55"}],"up":[{"embeddable":true,"href":"https:\/\/savvusann.ee\/et\/wp-json\/wp\/v2\/pages\/5"}],"wp:attachment":[{"href":"https:\/\/savvusann.ee\/et\/wp-json\/wp\/v2\/media?parent=52"}],"curies":[{"name":"wp","href":"https:\/\/api.w.org\/{rel}","templated":true}]}}