{"id":58,"date":"2018-04-11T14:50:11","date_gmt":"2018-04-11T11:50:11","guid":{"rendered":"http:\/\/savvusann.ee\/?page_id=58"},"modified":"2018-04-11T14:50:11","modified_gmt":"2018-04-11T11:50:11","slug":"saunasonadest","status":"publish","type":"page","link":"https:\/\/savvusann.ee\/et\/parimus\/saunasonadest\/","title":{"rendered":"Saunas\u00f5nadest"},"content":{"rendered":"<p><a href=\"http:\/\/savvusann.ee\/wp-content\/uploads\/2018\/04\/sannasonnu_triinu_silt_vaiku.jpg\" data-rel=\"lightbox-image-0\" data-rl_title=\"\" data-rl_caption=\"\" title=\"\"><img decoding=\"async\" class=\"alignright size-medium wp-image-60\" src=\"http:\/\/savvusann.ee\/wp-content\/uploads\/2018\/04\/sannasonnu_triinu_silt_vaiku-400x300.jpg\" alt=\"Saunas\u00f5nadest\" width=\"400\" height=\"300\" srcset=\"https:\/\/savvusann.ee\/wp-content\/uploads\/2018\/04\/sannasonnu_triinu_silt_vaiku-400x300.jpg 400w, https:\/\/savvusann.ee\/wp-content\/uploads\/2018\/04\/sannasonnu_triinu_silt_vaiku-768x576.jpg 768w, https:\/\/savvusann.ee\/wp-content\/uploads\/2018\/04\/sannasonnu_triinu_silt_vaiku.jpg 778w\" sizes=\"(max-width: 400px) 100vw, 400px\" \/><\/a>Sannan k\u00e4\u00fcmise manu k\u00e4\u00e4v\u00e4 uma sannas\u00f5na\u00b4.<\/p>\n<p>Sanna sisse minnen tereted\u00e4s sanna: <i>Jummal sisse, sannak\u00f5n\u00f5<\/i>. Ku tuud ei \u00fcld\u00e4, tul\u00f5 kurat kah sanna.<\/p>\n<p>Ku sannan rahvast joba iin om, \u00fctlas tul\u00f5ja: <i>Jummal sekk\u00e4!<\/i> vai: <i>Jummal seltsi!<\/i> Sannanol\u00f5ja vastas\u00f5: <i>Jummal tarvis!<\/i> vai <i>Avita Jummal!<\/i> vai <i>Jummal h\u00e4\u00e4 miis!<\/i> vai <i>Esi ka sekk\u00e4!<\/i><\/p>\n<p>Edimese l\u00f5un\u00f5 hiitj\u00e4 nimmas: <i>m\u00f5ro v\u00e4ll\u00e4, makus sisse!<\/i><\/p>\n<p>Edimene leil lasti uss\u00f5st v\u00e4ll\u00e4, et m\u00f5ro t\u00f5t\u00f5st v\u00e4ll\u00e4 l\u00e4nn\u00fc.<\/p>\n<p>Vihtmise aigu loetas tenos\u00f5nnu, mi\u00e4 v\u00f5iva k\u00fcl\u00e4nd mitund muudu olla. Loetu om s\u00e4\u00e4nest tenno:<\/p>\n<p>Ait\u00fcmma viituujal\u00f5 ja viha haudjal\u00f5, ait\u00fcmma sanna k\u00fctj\u00e4l\u00f5, saus\u00fc\u00fcjal\u00f5\u2019 ait\u00fcmma puulahkjal\u00f5. Jummal hoia hob\u00f5s\u00f5sk\u00f5ist, ki\u00e4 puu vidi.<\/p>\n<p>Tenn\u00e4d\u00e4 v\u00f5i ka sanna ehitajat, sanna palk\u00f5 vid\u00e4j\u00e4t, keresekivve korjajat, peremiist, maaimm\u00e4, taivaess\u00e4 ja t\u00f5isi sanna h\u00e4\u00e4d\u00fcse iist hool\u00f5nsaisjit.<\/p>\n<p><i>Aiteh, aiteh, viituujall\u00f5,<\/i><\/p>\n<p><i>aiteh, aiteh, armas Jessuk\u00f5n\u00f5, <\/i><\/p>\n<p><i>j\u00e4\u00e4 j\u00e4lil\u00f5 ja astu as\u00f5mall\u00f5, <\/i><\/p>\n<p><i>m\u00f5s\u00f5 vihu iin ja vihu per\u00e4n,<\/i><\/p>\n<p><i>las\u00f5 meid vaesid patatseid vahel vihtu.<\/i><\/p>\n<p>Ku t\u00f5ne sinno vihel, s\u00f5s om loetu niiviisi:<\/p>\n<p><i>K\u00e4e\u2019 kerges, silm\u00e4\u2019 selges, jala\u2019 virgas!<\/i><\/p>\n<p><i>Antagu Jumal sull\u00f5 h\u00e4\u00e4d s\u00f5nna suuht\u00f5<\/i><\/p>\n<p><i>Ja tarka miilt p\u00e4h\u00e4\u2019! <\/i><\/p>\n<p>(Urvaste khlk)<\/p>\n<p>Ku latsi esimest k\u00f5rda sannan vihutas, loetas kah s\u00f5nnu manu. Nii om P\u00f5lva kihlkunnast teed\u00e4 lugimis\u00f5:<\/p>\n<p>Poisk\u00f5s\u00f5l\u00f5:<\/p>\n<p><i>Tsopo, tsopo, pojakene, <\/i><\/p>\n<p><i>kiltres, kubijas, <\/i><\/p>\n<p><i>aia p\u00e4\u00e4le haukjas,<\/i><\/p>\n<p><i>mulgu p\u00e4\u00e4le murdjas!<\/i><\/p>\n<p>T\u00fcdriklats\u00f5l\u00f5:<\/p>\n<p><i>Kasva, kasva suures!<\/i><\/p>\n<p><i>Vagas nigu tuvikene <\/i><\/p>\n<p><i>ja lenda \u00fcles nigu p\u00fcvi.<\/i><\/p>\n<p><i>Kojo kangast virgaste<\/i><\/p>\n<p><i>Ja ketra vokki targaste!<\/i><\/p>\n<p>Sannast \u00e4r minnen tenn\u00e4t\u00e4s sanna: <i>Ait\u00fcma, sannak\u00f5n\u00f5!<\/i><\/p>\n<p><a href=\"http:\/\/savvusann.ee\/wp-content\/uploads\/2018\/04\/Sanna_tervitussona-ja-tenosona_2011.pdf\" target=\"_blank\" rel=\"noopener\">Kae viil sannas\u00f5nno, mid\u00e4 om Vanal V\u00f5romaal pruugitu<\/a><\/p>\n","protected":false},"excerpt":{"rendered":"<p>Sannan k\u00e4\u00fcmise manu k\u00e4\u00e4v\u00e4 uma sannas\u00f5na\u00b4. Sanna sisse minnen tereted\u00e4s sanna: Jummal sisse, sannak\u00f5n\u00f5. Ku tuud ei \u00fcld\u00e4, tul\u00f5 kurat kah sanna. Ku sannan rahvast [&hellip;]<\/p>\n","protected":false},"author":1,"featured_media":0,"parent":5,"menu_order":2,"comment_status":"closed","ping_status":"closed","template":"","meta":{"footnotes":""},"class_list":["post-58","page","type-page","status-publish","hentry"],"yoast_head":"<!-- This site is optimized with the Yoast SEO plugin v27.4 - https:\/\/yoast.com\/product\/yoast-seo-wordpress\/ -->\n<title>Saunas\u00f5nadest - Savvusann<\/title>\n<meta name=\"robots\" content=\"index, follow, max-snippet:-1, max-image-preview:large, max-video-preview:-1\" \/>\n<link rel=\"canonical\" href=\"https:\/\/savvusann.ee\/et\/parimus\/saunasonadest\/\" \/>\n<meta property=\"og:locale\" content=\"et_EE\" \/>\n<meta property=\"og:type\" content=\"article\" \/>\n<meta property=\"og:title\" content=\"Saunas\u00f5nadest - Savvusann\" \/>\n<meta property=\"og:description\" content=\"Sannan k\u00e4\u00fcmise manu k\u00e4\u00e4v\u00e4 uma sannas\u00f5na\u00b4. Sanna sisse minnen tereted\u00e4s sanna: Jummal sisse, sannak\u00f5n\u00f5. Ku tuud ei \u00fcld\u00e4, tul\u00f5 kurat kah sanna. Ku sannan rahvast [&hellip;]\" \/>\n<meta property=\"og:url\" content=\"https:\/\/savvusann.ee\/et\/parimus\/saunasonadest\/\" \/>\n<meta property=\"og:site_name\" content=\"Savvusann\" \/>\n<meta property=\"og:image\" content=\"http:\/\/savvusann.ee\/wp-content\/uploads\/2018\/04\/sannasonnu_triinu_silt_vaiku-400x300.jpg\" \/>\n<meta name=\"twitter:card\" content=\"summary_large_image\" \/>\n<meta name=\"twitter:label1\" content=\"Est. reading time\" \/>\n\t<meta name=\"twitter:data1\" content=\"1 minut\" \/>\n<script type=\"application\/ld+json\" class=\"yoast-schema-graph\">{\"@context\":\"https:\\\/\\\/schema.org\",\"@graph\":[{\"@type\":\"WebPage\",\"@id\":\"https:\\\/\\\/savvusann.ee\\\/et\\\/parimus\\\/saunasonadest\\\/\",\"url\":\"https:\\\/\\\/savvusann.ee\\\/et\\\/parimus\\\/saunasonadest\\\/\",\"name\":\"Saunas\u00f5nadest - Savvusann\",\"isPartOf\":{\"@id\":\"https:\\\/\\\/savvusann.ee\\\/et\\\/#website\"},\"primaryImageOfPage\":{\"@id\":\"https:\\\/\\\/savvusann.ee\\\/et\\\/parimus\\\/saunasonadest\\\/#primaryimage\"},\"image\":{\"@id\":\"https:\\\/\\\/savvusann.ee\\\/et\\\/parimus\\\/saunasonadest\\\/#primaryimage\"},\"thumbnailUrl\":\"http:\\\/\\\/savvusann.ee\\\/wp-content\\\/uploads\\\/2018\\\/04\\\/sannasonnu_triinu_silt_vaiku-400x300.jpg\",\"datePublished\":\"2018-04-11T11:50:11+00:00\",\"breadcrumb\":{\"@id\":\"https:\\\/\\\/savvusann.ee\\\/et\\\/parimus\\\/saunasonadest\\\/#breadcrumb\"},\"inLanguage\":\"et\",\"potentialAction\":[{\"@type\":\"ReadAction\",\"target\":[\"https:\\\/\\\/savvusann.ee\\\/et\\\/parimus\\\/saunasonadest\\\/\"]}]},{\"@type\":\"ImageObject\",\"inLanguage\":\"et\",\"@id\":\"https:\\\/\\\/savvusann.ee\\\/et\\\/parimus\\\/saunasonadest\\\/#primaryimage\",\"url\":\"http:\\\/\\\/savvusann.ee\\\/wp-content\\\/uploads\\\/2018\\\/04\\\/sannasonnu_triinu_silt_vaiku-400x300.jpg\",\"contentUrl\":\"http:\\\/\\\/savvusann.ee\\\/wp-content\\\/uploads\\\/2018\\\/04\\\/sannasonnu_triinu_silt_vaiku-400x300.jpg\"},{\"@type\":\"BreadcrumbList\",\"@id\":\"https:\\\/\\\/savvusann.ee\\\/et\\\/parimus\\\/saunasonadest\\\/#breadcrumb\",\"itemListElement\":[{\"@type\":\"ListItem\",\"position\":1,\"name\":\"Home\",\"item\":\"https:\\\/\\\/savvusann.ee\\\/et\\\/\"},{\"@type\":\"ListItem\",\"position\":2,\"name\":\"P\u00e4rimus\",\"item\":\"https:\\\/\\\/savvusann.ee\\\/et\\\/parimus\\\/\"},{\"@type\":\"ListItem\",\"position\":3,\"name\":\"Saunas\u00f5nadest\"}]},{\"@type\":\"WebSite\",\"@id\":\"https:\\\/\\\/savvusann.ee\\\/et\\\/#website\",\"url\":\"https:\\\/\\\/savvusann.ee\\\/et\\\/\",\"name\":\"Savvusann\",\"description\":\"Vana-V\u00f5romaa Savvusann\",\"potentialAction\":[{\"@type\":\"SearchAction\",\"target\":{\"@type\":\"EntryPoint\",\"urlTemplate\":\"https:\\\/\\\/savvusann.ee\\\/et\\\/?s={search_term_string}\"},\"query-input\":{\"@type\":\"PropertyValueSpecification\",\"valueRequired\":true,\"valueName\":\"search_term_string\"}}],\"inLanguage\":\"et\"}]}<\/script>\n<!-- \/ Yoast SEO plugin. -->","yoast_head_json":{"title":"Saunas\u00f5nadest - Savvusann","robots":{"index":"index","follow":"follow","max-snippet":"max-snippet:-1","max-image-preview":"max-image-preview:large","max-video-preview":"max-video-preview:-1"},"canonical":"https:\/\/savvusann.ee\/et\/parimus\/saunasonadest\/","og_locale":"et_EE","og_type":"article","og_title":"Saunas\u00f5nadest - Savvusann","og_description":"Sannan k\u00e4\u00fcmise manu k\u00e4\u00e4v\u00e4 uma sannas\u00f5na\u00b4. Sanna sisse minnen tereted\u00e4s sanna: Jummal sisse, sannak\u00f5n\u00f5. Ku tuud ei \u00fcld\u00e4, tul\u00f5 kurat kah sanna. Ku sannan rahvast [&hellip;]","og_url":"https:\/\/savvusann.ee\/et\/parimus\/saunasonadest\/","og_site_name":"Savvusann","og_image":[{"url":"http:\/\/savvusann.ee\/wp-content\/uploads\/2018\/04\/sannasonnu_triinu_silt_vaiku-400x300.jpg","type":"","width":"","height":""}],"twitter_card":"summary_large_image","twitter_misc":{"Est. reading time":"1 minut"},"schema":{"@context":"https:\/\/schema.org","@graph":[{"@type":"WebPage","@id":"https:\/\/savvusann.ee\/et\/parimus\/saunasonadest\/","url":"https:\/\/savvusann.ee\/et\/parimus\/saunasonadest\/","name":"Saunas\u00f5nadest - Savvusann","isPartOf":{"@id":"https:\/\/savvusann.ee\/et\/#website"},"primaryImageOfPage":{"@id":"https:\/\/savvusann.ee\/et\/parimus\/saunasonadest\/#primaryimage"},"image":{"@id":"https:\/\/savvusann.ee\/et\/parimus\/saunasonadest\/#primaryimage"},"thumbnailUrl":"http:\/\/savvusann.ee\/wp-content\/uploads\/2018\/04\/sannasonnu_triinu_silt_vaiku-400x300.jpg","datePublished":"2018-04-11T11:50:11+00:00","breadcrumb":{"@id":"https:\/\/savvusann.ee\/et\/parimus\/saunasonadest\/#breadcrumb"},"inLanguage":"et","potentialAction":[{"@type":"ReadAction","target":["https:\/\/savvusann.ee\/et\/parimus\/saunasonadest\/"]}]},{"@type":"ImageObject","inLanguage":"et","@id":"https:\/\/savvusann.ee\/et\/parimus\/saunasonadest\/#primaryimage","url":"http:\/\/savvusann.ee\/wp-content\/uploads\/2018\/04\/sannasonnu_triinu_silt_vaiku-400x300.jpg","contentUrl":"http:\/\/savvusann.ee\/wp-content\/uploads\/2018\/04\/sannasonnu_triinu_silt_vaiku-400x300.jpg"},{"@type":"BreadcrumbList","@id":"https:\/\/savvusann.ee\/et\/parimus\/saunasonadest\/#breadcrumb","itemListElement":[{"@type":"ListItem","position":1,"name":"Home","item":"https:\/\/savvusann.ee\/et\/"},{"@type":"ListItem","position":2,"name":"P\u00e4rimus","item":"https:\/\/savvusann.ee\/et\/parimus\/"},{"@type":"ListItem","position":3,"name":"Saunas\u00f5nadest"}]},{"@type":"WebSite","@id":"https:\/\/savvusann.ee\/et\/#website","url":"https:\/\/savvusann.ee\/et\/","name":"Savvusann","description":"Vana-V\u00f5romaa Savvusann","potentialAction":[{"@type":"SearchAction","target":{"@type":"EntryPoint","urlTemplate":"https:\/\/savvusann.ee\/et\/?s={search_term_string}"},"query-input":{"@type":"PropertyValueSpecification","valueRequired":true,"valueName":"search_term_string"}}],"inLanguage":"et"}]}},"_links":{"self":[{"href":"https:\/\/savvusann.ee\/et\/wp-json\/wp\/v2\/pages\/58","targetHints":{"allow":["GET"]}}],"collection":[{"href":"https:\/\/savvusann.ee\/et\/wp-json\/wp\/v2\/pages"}],"about":[{"href":"https:\/\/savvusann.ee\/et\/wp-json\/wp\/v2\/types\/page"}],"author":[{"embeddable":true,"href":"https:\/\/savvusann.ee\/et\/wp-json\/wp\/v2\/users\/1"}],"replies":[{"embeddable":true,"href":"https:\/\/savvusann.ee\/et\/wp-json\/wp\/v2\/comments?post=58"}],"version-history":[{"count":1,"href":"https:\/\/savvusann.ee\/et\/wp-json\/wp\/v2\/pages\/58\/revisions"}],"predecessor-version":[{"id":61,"href":"https:\/\/savvusann.ee\/et\/wp-json\/wp\/v2\/pages\/58\/revisions\/61"}],"up":[{"embeddable":true,"href":"https:\/\/savvusann.ee\/et\/wp-json\/wp\/v2\/pages\/5"}],"wp:attachment":[{"href":"https:\/\/savvusann.ee\/et\/wp-json\/wp\/v2\/media?parent=58"}],"curies":[{"name":"wp","href":"https:\/\/api.w.org\/{rel}","templated":true}]}}