{"id":7,"date":"2018-04-11T10:16:17","date_gmt":"2018-04-11T07:16:17","guid":{"rendered":"http:\/\/savvusann.ee\/?page_id=7"},"modified":"2018-04-18T09:50:49","modified_gmt":"2018-04-18T06:50:49","slug":"suitsusaunast","status":"publish","type":"page","link":"https:\/\/savvusann.ee\/et\/suitsusaunast\/","title":{"rendered":"Suitsusaunast"},"content":{"rendered":"<p><strong><a href=\"http:\/\/savvusann.ee\/wp-content\/uploads\/2018\/04\/ahi_kyde_triinuojar.jpg\" data-rel=\"lightbox-image-0\" data-rl_title=\"\" data-rl_caption=\"\" title=\"\"><img decoding=\"async\" class=\"alignright size-medium wp-image-167\" src=\"http:\/\/savvusann.ee\/wp-content\/uploads\/2018\/04\/ahi_kyde_triinuojar-300x400.jpg\" alt=\"Suitsusaun\" width=\"300\" height=\"400\" srcset=\"https:\/\/savvusann.ee\/wp-content\/uploads\/2018\/04\/ahi_kyde_triinuojar-300x400.jpg 300w, https:\/\/savvusann.ee\/wp-content\/uploads\/2018\/04\/ahi_kyde_triinuojar.jpg 468w\" sizes=\"(max-width: 300px) 100vw, 300px\" \/><\/a>Keegi ei tea t\u00e4pselt, kes on saus\u00fc\u00fcj\u00e4, aga kindel on see, et seotud on ta suitsusaunaga.<\/strong><\/p>\n<p>Suitsusaun on saun, millel pole korstnat. Saunaruumis on suur kerisega ahi, mida k\u00f6etakse mitu tundi. Sauna k\u00fctmisel tuleb suits saunaruumi ja soojendab sauna lisaks kerisekuumusele. Kui saun on k\u00f6etud, lastakse viimane suits v\u00e4lja, tuulutatakse ruum ja saunalised v\u00f5ivad tulla. Igal suitsusaunal on oma iseloom, mida teab ja tunneb sauna peremees.<\/p>\n<p>Mitte v\u00e4ga ammusel ajal olid k\u00f5ik Eestimaa saunad suitsusaunad. Korstnaga saunu hakati ehitama sadakond aastat tagasi ning t\u00e4nap\u00e4evaks on enamus saunadest \u201cpuhtad\u201d saunad. Kasutusel olevad suitsusaunad on suuremas osas Eestist juba haruldased. Traditsioonilisi suitsusaunu on enam alles ja kasutusel Kagu-Eestis, k\u00f5ige rohkem v\u00f5rokestel ja setodel.<\/p>\n<p>Suitsusaunas k\u00e4imisega on seotud oma tavad ja t\u00f5eks pidamised, mida antakse perekonnas p\u00f5lvest p\u00f5lve edasi. Teadma peab, kuidas sauna k\u00fctta, aga ka kuidas saunas olla. \u00d5igesti ja korralikult k\u00f6etud suitsusaunas ei ole vingu ega suitsu, \u00f5hk on kerge ja leil ei k\u00f5rveta. Saunas k\u00e4ik annab tervist ja j\u00f5udu, kui pead lugu saunakommetest ning v\u00f5tad aega saunas k\u00e4igu jaoks. Selleks et aru saada, mille poolest suitsusaun erineb muudest saunadest, tuleb ise suitsusaunas \u00e4ra k\u00e4ia.<\/p>\n<p><a href=\"http:\/\/savvusann.ee\/et\/vana-voromaa-suitsusaunakombestik-kanti-unesco-vaimse-kultuuriparandi-esindusnimekirja\/\">Vana-V\u00f5romaa suitsusaunakombestik on kantud UNESCO vaimse kultuurip\u00e4randi esindusnimekirja!<\/a><\/p>\n<p><a href=\"\/unesco-tunnistus-ja-otsus\/\" rel=\"noopener\">UNESCO tunnistus ja otsus<\/a><\/p>\n","protected":false},"excerpt":{"rendered":"<p>Keegi ei tea t\u00e4pselt, kes on saus\u00fc\u00fcj\u00e4, aga kindel on see, et seotud on ta suitsusaunaga. Suitsusaun on saun, millel pole korstnat. Saunaruumis on suur [&hellip;]<\/p>\n","protected":false},"author":1,"featured_media":0,"parent":0,"menu_order":0,"comment_status":"closed","ping_status":"closed","template":"","meta":{"footnotes":""},"class_list":["post-7","page","type-page","status-publish","hentry"],"yoast_head":"<!-- This site is optimized with the Yoast SEO plugin v27.4 - https:\/\/yoast.com\/product\/yoast-seo-wordpress\/ -->\n<title>Suitsusaunast - Savvusann<\/title>\n<meta name=\"robots\" content=\"index, follow, max-snippet:-1, max-image-preview:large, max-video-preview:-1\" \/>\n<link rel=\"canonical\" href=\"https:\/\/savvusann.ee\/et\/suitsusaunast\/\" \/>\n<meta property=\"og:locale\" content=\"et_EE\" \/>\n<meta property=\"og:type\" content=\"article\" \/>\n<meta property=\"og:title\" content=\"Suitsusaunast - Savvusann\" \/>\n<meta property=\"og:description\" content=\"Keegi ei tea t\u00e4pselt, kes on saus\u00fc\u00fcj\u00e4, aga kindel on see, et seotud on ta suitsusaunaga. Suitsusaun on saun, millel pole korstnat. Saunaruumis on suur [&hellip;]\" \/>\n<meta property=\"og:url\" content=\"https:\/\/savvusann.ee\/et\/suitsusaunast\/\" \/>\n<meta property=\"og:site_name\" content=\"Savvusann\" \/>\n<meta property=\"article:modified_time\" content=\"2018-04-18T06:50:49+00:00\" \/>\n<meta property=\"og:image\" content=\"http:\/\/savvusann.ee\/wp-content\/uploads\/2018\/04\/ahi_kyde_triinuojar-300x400.jpg\" \/>\n<meta name=\"twitter:card\" content=\"summary_large_image\" \/>\n<meta name=\"twitter:label1\" content=\"Est. reading time\" \/>\n\t<meta name=\"twitter:data1\" content=\"1 minut\" \/>\n<script type=\"application\/ld+json\" class=\"yoast-schema-graph\">{\"@context\":\"https:\\\/\\\/schema.org\",\"@graph\":[{\"@type\":\"WebPage\",\"@id\":\"https:\\\/\\\/savvusann.ee\\\/et\\\/suitsusaunast\\\/\",\"url\":\"https:\\\/\\\/savvusann.ee\\\/et\\\/suitsusaunast\\\/\",\"name\":\"Suitsusaunast - Savvusann\",\"isPartOf\":{\"@id\":\"https:\\\/\\\/savvusann.ee\\\/et\\\/#website\"},\"primaryImageOfPage\":{\"@id\":\"https:\\\/\\\/savvusann.ee\\\/et\\\/suitsusaunast\\\/#primaryimage\"},\"image\":{\"@id\":\"https:\\\/\\\/savvusann.ee\\\/et\\\/suitsusaunast\\\/#primaryimage\"},\"thumbnailUrl\":\"http:\\\/\\\/savvusann.ee\\\/wp-content\\\/uploads\\\/2018\\\/04\\\/ahi_kyde_triinuojar-300x400.jpg\",\"datePublished\":\"2018-04-11T07:16:17+00:00\",\"dateModified\":\"2018-04-18T06:50:49+00:00\",\"breadcrumb\":{\"@id\":\"https:\\\/\\\/savvusann.ee\\\/et\\\/suitsusaunast\\\/#breadcrumb\"},\"inLanguage\":\"et\",\"potentialAction\":[{\"@type\":\"ReadAction\",\"target\":[\"https:\\\/\\\/savvusann.ee\\\/et\\\/suitsusaunast\\\/\"]}]},{\"@type\":\"ImageObject\",\"inLanguage\":\"et\",\"@id\":\"https:\\\/\\\/savvusann.ee\\\/et\\\/suitsusaunast\\\/#primaryimage\",\"url\":\"http:\\\/\\\/savvusann.ee\\\/wp-content\\\/uploads\\\/2018\\\/04\\\/ahi_kyde_triinuojar-300x400.jpg\",\"contentUrl\":\"http:\\\/\\\/savvusann.ee\\\/wp-content\\\/uploads\\\/2018\\\/04\\\/ahi_kyde_triinuojar-300x400.jpg\"},{\"@type\":\"BreadcrumbList\",\"@id\":\"https:\\\/\\\/savvusann.ee\\\/et\\\/suitsusaunast\\\/#breadcrumb\",\"itemListElement\":[{\"@type\":\"ListItem\",\"position\":1,\"name\":\"Home\",\"item\":\"https:\\\/\\\/savvusann.ee\\\/et\\\/\"},{\"@type\":\"ListItem\",\"position\":2,\"name\":\"Suitsusaunast\"}]},{\"@type\":\"WebSite\",\"@id\":\"https:\\\/\\\/savvusann.ee\\\/et\\\/#website\",\"url\":\"https:\\\/\\\/savvusann.ee\\\/et\\\/\",\"name\":\"Savvusann\",\"description\":\"Vana-V\u00f5romaa Savvusann\",\"potentialAction\":[{\"@type\":\"SearchAction\",\"target\":{\"@type\":\"EntryPoint\",\"urlTemplate\":\"https:\\\/\\\/savvusann.ee\\\/et\\\/?s={search_term_string}\"},\"query-input\":{\"@type\":\"PropertyValueSpecification\",\"valueRequired\":true,\"valueName\":\"search_term_string\"}}],\"inLanguage\":\"et\"}]}<\/script>\n<!-- \/ Yoast SEO plugin. -->","yoast_head_json":{"title":"Suitsusaunast - Savvusann","robots":{"index":"index","follow":"follow","max-snippet":"max-snippet:-1","max-image-preview":"max-image-preview:large","max-video-preview":"max-video-preview:-1"},"canonical":"https:\/\/savvusann.ee\/et\/suitsusaunast\/","og_locale":"et_EE","og_type":"article","og_title":"Suitsusaunast - Savvusann","og_description":"Keegi ei tea t\u00e4pselt, kes on saus\u00fc\u00fcj\u00e4, aga kindel on see, et seotud on ta suitsusaunaga. Suitsusaun on saun, millel pole korstnat. Saunaruumis on suur [&hellip;]","og_url":"https:\/\/savvusann.ee\/et\/suitsusaunast\/","og_site_name":"Savvusann","article_modified_time":"2018-04-18T06:50:49+00:00","og_image":[{"url":"http:\/\/savvusann.ee\/wp-content\/uploads\/2018\/04\/ahi_kyde_triinuojar-300x400.jpg","type":"","width":"","height":""}],"twitter_card":"summary_large_image","twitter_misc":{"Est. reading time":"1 minut"},"schema":{"@context":"https:\/\/schema.org","@graph":[{"@type":"WebPage","@id":"https:\/\/savvusann.ee\/et\/suitsusaunast\/","url":"https:\/\/savvusann.ee\/et\/suitsusaunast\/","name":"Suitsusaunast - Savvusann","isPartOf":{"@id":"https:\/\/savvusann.ee\/et\/#website"},"primaryImageOfPage":{"@id":"https:\/\/savvusann.ee\/et\/suitsusaunast\/#primaryimage"},"image":{"@id":"https:\/\/savvusann.ee\/et\/suitsusaunast\/#primaryimage"},"thumbnailUrl":"http:\/\/savvusann.ee\/wp-content\/uploads\/2018\/04\/ahi_kyde_triinuojar-300x400.jpg","datePublished":"2018-04-11T07:16:17+00:00","dateModified":"2018-04-18T06:50:49+00:00","breadcrumb":{"@id":"https:\/\/savvusann.ee\/et\/suitsusaunast\/#breadcrumb"},"inLanguage":"et","potentialAction":[{"@type":"ReadAction","target":["https:\/\/savvusann.ee\/et\/suitsusaunast\/"]}]},{"@type":"ImageObject","inLanguage":"et","@id":"https:\/\/savvusann.ee\/et\/suitsusaunast\/#primaryimage","url":"http:\/\/savvusann.ee\/wp-content\/uploads\/2018\/04\/ahi_kyde_triinuojar-300x400.jpg","contentUrl":"http:\/\/savvusann.ee\/wp-content\/uploads\/2018\/04\/ahi_kyde_triinuojar-300x400.jpg"},{"@type":"BreadcrumbList","@id":"https:\/\/savvusann.ee\/et\/suitsusaunast\/#breadcrumb","itemListElement":[{"@type":"ListItem","position":1,"name":"Home","item":"https:\/\/savvusann.ee\/et\/"},{"@type":"ListItem","position":2,"name":"Suitsusaunast"}]},{"@type":"WebSite","@id":"https:\/\/savvusann.ee\/et\/#website","url":"https:\/\/savvusann.ee\/et\/","name":"Savvusann","description":"Vana-V\u00f5romaa Savvusann","potentialAction":[{"@type":"SearchAction","target":{"@type":"EntryPoint","urlTemplate":"https:\/\/savvusann.ee\/et\/?s={search_term_string}"},"query-input":{"@type":"PropertyValueSpecification","valueRequired":true,"valueName":"search_term_string"}}],"inLanguage":"et"}]}},"_links":{"self":[{"href":"https:\/\/savvusann.ee\/et\/wp-json\/wp\/v2\/pages\/7","targetHints":{"allow":["GET"]}}],"collection":[{"href":"https:\/\/savvusann.ee\/et\/wp-json\/wp\/v2\/pages"}],"about":[{"href":"https:\/\/savvusann.ee\/et\/wp-json\/wp\/v2\/types\/page"}],"author":[{"embeddable":true,"href":"https:\/\/savvusann.ee\/et\/wp-json\/wp\/v2\/users\/1"}],"replies":[{"embeddable":true,"href":"https:\/\/savvusann.ee\/et\/wp-json\/wp\/v2\/comments?post=7"}],"version-history":[{"count":7,"href":"https:\/\/savvusann.ee\/et\/wp-json\/wp\/v2\/pages\/7\/revisions"}],"predecessor-version":[{"id":602,"href":"https:\/\/savvusann.ee\/et\/wp-json\/wp\/v2\/pages\/7\/revisions\/602"}],"wp:attachment":[{"href":"https:\/\/savvusann.ee\/et\/wp-json\/wp\/v2\/media?parent=7"}],"curies":[{"name":"wp","href":"https:\/\/api.w.org\/{rel}","templated":true}]}}