{"id":880,"date":"2018-09-13T12:34:34","date_gmt":"2018-09-13T09:34:34","guid":{"rendered":"https:\/\/savvusann.ee\/?page_id=880"},"modified":"2019-11-09T21:11:26","modified_gmt":"2019-11-09T19:11:26","slug":"suitsusaunanaitus","status":"publish","type":"page","link":"https:\/\/savvusann.ee\/et\/suidsusannasumfoonia\/suitsusaunanaitus\/","title":{"rendered":"Suitsusaunan\u00e4itus"},"content":{"rendered":"<h3><span style=\"color: #0e4d0e;\"><strong>Eesti Filharmoonia Kammerkoori muusikalavastuse <\/strong><\/span><\/h3>\n<h3><span style=\"color: #0e4d0e;\"><strong><a href=\"https:\/\/savvusann.ee\/wp-content\/uploads\/2019\/05\/Flaier-A5-printimiseks.pdf\" target=\"_blank\" rel=\"noopener noreferrer\">\u201eSuidsusannas\u00fcmfoonia\u201c ajal toimunud lisaprogramm<\/a>i raames avati\u00a0<\/strong><\/span><span style=\"color: #003300;\"><strong>NELJAP\u00c4EVAL, 1. AUGUSTIL 2019<\/strong><\/span><\/h3>\n<h1><strong><em><u>SUIDSUSANNAN\u00c4\u00dcT\u00dcS<\/u><\/em><\/strong><\/h1>\n<p><strong>17.00 Vana-V\u00f5romaa elavat suitsusaunakultuuri tutvustava n\u00e4ituse avamine Mooste m\u00f5isa Veskiteatris. <\/strong><\/p>\n<p>N\u00e4ituse fotograaf on Andres Treial ja projektijuht Kati Taal.<\/p>\n<p><em>P\u00e4rast Moostes suitsusaunap\u00e4evadel eksponeerimist l\u00e4heb n\u00e4itus m\u00f6\u00f6da Vana-V\u00f5romaad r\u00e4ndama. Head teed! J\u00e4rgmised peatuskohad on \u00d6kofestival 16.-18. augustil Karilatsis ja P\u00f5lva Kaubamaja kohvik.<\/em><\/p>\n<h3>Foton\u00e4itus \u201cM\u00f5skmis\u00f5 luumin\u00f5\u201d r\u00e4\u00e4gib t\u00e4nap\u00e4evase loo inimestest ajaloolisel V\u00f5rumaal, kelle jaoks suitsusaunap\u00e4rand on nende igap\u00e4evase elu loomulik osa.<\/h3>\n<p>Saun on olemas olnud eestlaste elus juba aegade algusest peale. Suitsusaunakultuuri t\u00e4pset vanust on v\u00f5imatu m\u00e4\u00e4rata, kuid lisaks eestlastele on suitsusaun levinud n\u00e4iteks ka l\u00e4tlastel ja paljudel teistel soomeugri rahvastel. L\u00f5una-Eestis, eriti V\u00f5rumaal, kuulub suitsusaunas k\u00e4imine siinsete inimeste tavap\u00e4rase elulaadi juurde. Suitsusauna olemasolu maja juures ja selle k\u00fctmine on niiv\u00f5rd loomulik, kuid samas asendamatu osa siinsete inimeste identiteedist.<\/p>\n<p>V\u00f5rokese jaoks on suitsusaun rohkem kui lihtsalt paik, kus harida puhtaks ihu. Sauna on peetud p\u00fchaks paigaks ja ka t\u00e4nap\u00e4eval suhtutakse sellesse austuse ja lugupidamisega. \u00d6eldakse, et suitsusaunas saavad puhtaks nii ihu kui ka hing. Du\u0161i all v\u00f5ib ju k\u00e4ed-jalad puhtaks pesta, kuid luud-kondid, r\u00e4\u00e4kimata hingest, vajavad korralikku saunaleili, mis puhastab m\u00f5tted, korrastab vaimset tasakaalu\u00a0 ja aitab uuele t\u00f6\u00f6n\u00e4dalale v\u00e4rskena vastu minna.\u00a0 Juba Eisen kirjutas 1934. aastal, et eestlastel on kaks p\u00fchadust: hiis ja saun.<\/p>\n<p><em>S\u00fcndimisest surmani leidsid inimelu ise\u00e4ralikud s\u00fcndmused aset saunas. Saunas s\u00fcnnitati, saunas viibiti kosja ja pulma ajal, saunas p\u00f5etati haiget, saunas lasti kuppu ja soont ja saunas heitis haige hinge. (Eisen, Matthias Johann 1934. Saun ja vihtlemine. \u2013 Eesti Rahva Muuseumi aastaraamat VIII: 29.<\/em>)<\/p>\n<p>T\u00e4nap\u00e4eval on kadunud rikkalik saunakombestik saunast kui p\u00fchast kohast, kus s\u00fcnniti, raviti ja siit ilmast lahkuti, kuid sellegipoolest on saun inimestele ka praegu midagi palju rohkemat kui pelgalt pesemiskoht. Saunaga on ka t\u00e4nap\u00e4eval seotud kindlad tavad ja kombed, mis on inimestele nii omased ja loomulikult, et neid sageli ei osatagi pidada erilisteks.<\/p>\n<p>Suitsusauna pehme maheda leili sees, pimedas ja tahmast mustas, madalas saunaruumis on inimene nii f\u00fc\u00fcsiliselt kui ka vaimselt alasti, k\u00f5igist oma kihtidest ja maskidest vaba. Nagu ka teistes p\u00fchaks peetud kohtades ei kuulu saunask\u00e4igu juurde t\u00fclitsemine, kiirustamine ja halva r\u00e4\u00e4kimine teiste kohta. Sauna juurde kuuluvad ka t\u00e4nap\u00e4eval oma saunas\u00f5nad ja \u00fctlemised, mida iga pererahvas kasutab omal viisil. \u00dcle L\u00f5una-Eesti on levinud sauna sisenedes tervitamine ja hea soovimine s\u00f5nadega \u201cJummal sekk\u00e4\u201d. Kiirustamata ja m\u00f5testatud saunask\u00e4ik pakub hoopis teistsuguse naudingu, mida ei asenda \u00fckski teine saun.<\/p>\n<p>N\u00e4itus viib meid retkele m\u00f6\u00f6da suitsusaunaga seotud valitud tegevusi alates sauna ehitamisest kuni saunaga seotud t\u00f6\u00f6deni (liha suitsutamine saunas).\u00a0 N\u00f5nda n\u00e4eb n\u00e4itusel lisaks leili viskamisele, vihtlemisele ja saunatamisele endale ka suitsusauna ehitamiseks vajalike palkide metsast v\u00e4ljavedu hobustega, sauna ja kerise ehitamist ja kerisekivide hooldamist, sauna ettevalmistamist k\u00fctmiseks, vee ja puude toomist sauna, viha tegemist, talvel kuumast saunast j\u00e4\u00e4auku h\u00fcppamist ja peale sauna puhkamist\/hinge t\u00f5mbamist.\u00a0 Kuna saunas k\u00e4iakse kogu perega ja sauna ettevalmistuse juures osalevad pidevalt ka lapsed (kasv\u00f5i passiivses rollis), on suitsusaunakombestiku edasikestmine kindlates k\u00e4tes ja ning saunask\u00e4imise nippe \u00f5pivad lapsed oma vanemate k\u00f5rvalt saunaga toimetamisi j\u00e4lgides loomulikul viisil.<\/p>\n<p>An<a href=\"https:\/\/savvusann.ee\/wp-content\/uploads\/2019\/11\/andres-treial.jpg\" data-rel=\"lightbox-image-0\" data-rl_title=\"\" data-rl_caption=\"\" title=\"\"><img decoding=\"async\" class=\"size-medium wp-image-1605 alignleft\" src=\"https:\/\/savvusann.ee\/wp-content\/uploads\/2019\/11\/andres-treial-400x400.jpg\" alt=\"\" width=\"400\" height=\"400\" srcset=\"https:\/\/savvusann.ee\/wp-content\/uploads\/2019\/11\/andres-treial-400x400.jpg 400w, https:\/\/savvusann.ee\/wp-content\/uploads\/2019\/11\/andres-treial.jpg 440w\" sizes=\"(max-width: 400px) 100vw, 400px\" \/><\/a>dres Treial on elukutseline fotograaf alates aastast 2000 ja teinud koost\u00f6\u00f6d enamuse Eestis ilmuvate suuremate ajalehtede ja ajakirjadega, viimastel aastatel on ta keskendunud reklaamfotodele.<\/p>\n<p>Antud pildil on Andres Treial v\u00e4ljumas suitsusaunast peale fotosessiooni.<\/p>\n<p>&nbsp;<\/p>\n<p>&nbsp;<\/p>\n<p>N\u00e4ituse fotode autor: Andres Treial<\/p>\n<p>N\u00e4ituse fotode tr\u00fckk: Tarmo R\u00e4mmi (Digifoto O\u00dc)<\/p>\n<p>Fotode raamid: Tom Martens<\/p>\n<p>Saatetekstide toimetajad: Kati Taal ja K\u00fclli Eichenbaum<\/p>\n<p>Saatetekstides on kasutatud jutte Uma Lehe jutuv\u00f5istluselt 2010 ja V\u00f5ru Instituudi aastatel 2010-2011 korraldatud suitsusaunateemalisest k\u00fcsitlusest.<\/p>\n<p>N\u00e4ituse loomist rahastasid Eesti Kultuurkapitali Rahvakultuuri Sihtkapital, Eesti Kultuurkapitali P\u00f5lvamaa ekspertgrupp, Eesti Kultuurkapitali V\u00f5rumaa ekspertgrupp, Rahvakultuuri Keskuse Vana V\u00f5rumaa p\u00e4rimuskultuuri toetamise meede, P\u00f5lvamaa Omavalitsuste Liit ja V\u00f5rumaa Arenduskeskus.<\/p>\n<p>&nbsp;<\/p>\n<p>&nbsp;<\/p>\n","protected":false},"excerpt":{"rendered":"<p>Eesti Filharmoonia Kammerkoori muusikalavastuse \u201eSuidsusannas\u00fcmfoonia\u201c ajal toimunud lisaprogrammi raames avati\u00a0NELJAP\u00c4EVAL, 1. AUGUSTIL 2019 SUIDSUSANNAN\u00c4\u00dcT\u00dcS 17.00 Vana-V\u00f5romaa elavat suitsusaunakultuuri tutvustava n\u00e4ituse avamine Mooste m\u00f5isa Veskiteatris. N\u00e4ituse [&hellip;]<\/p>\n","protected":false},"author":1,"featured_media":0,"parent":130,"menu_order":2,"comment_status":"closed","ping_status":"closed","template":"","meta":{"footnotes":""},"class_list":["post-880","page","type-page","status-publish","hentry"],"yoast_head":"<!-- This site is optimized with the Yoast SEO plugin v27.4 - https:\/\/yoast.com\/product\/yoast-seo-wordpress\/ -->\n<title>Suitsusaunan\u00e4itus - Savvusann<\/title>\n<meta name=\"description\" content=\"suitsusaunas\u00fcmfoonia, Mooste Folgikoda, Eesti Filharmoonia Kammerkoor, suitsusaunamaailm, n\u00e4itus suitsusaunakultuurist, suitsusauna virtuaalreaalsus, virbit\u00fcs, saunatarvete m\u00fc\u00fck, viht, t\u00f6\u00f6tuba, suitsusauna k\u00fctmine, ekskursioon suitsusaunadesse, suitsusaunakultuuri tutvustav loeng, suitsusaunade koost\u00f6\u00f6kogu, Vana-V\u00f5romaa suitsusaunade koost\u00f6\u00f6kogu\" \/>\n<meta name=\"robots\" content=\"index, follow, max-snippet:-1, max-image-preview:large, max-video-preview:-1\" \/>\n<link rel=\"canonical\" href=\"https:\/\/savvusann.ee\/et\/suidsusannasumfoonia\/suitsusaunanaitus\/\" \/>\n<meta property=\"og:locale\" content=\"et_EE\" \/>\n<meta property=\"og:type\" content=\"article\" \/>\n<meta property=\"og:title\" content=\"Suitsusaunan\u00e4itus - Savvusann\" \/>\n<meta property=\"og:description\" content=\"suitsusaunas\u00fcmfoonia, Mooste Folgikoda, Eesti Filharmoonia Kammerkoor, suitsusaunamaailm, n\u00e4itus suitsusaunakultuurist, suitsusauna virtuaalreaalsus, virbit\u00fcs, saunatarvete m\u00fc\u00fck, viht, t\u00f6\u00f6tuba, suitsusauna k\u00fctmine, ekskursioon suitsusaunadesse, suitsusaunakultuuri tutvustav loeng, suitsusaunade koost\u00f6\u00f6kogu, Vana-V\u00f5romaa suitsusaunade koost\u00f6\u00f6kogu\" \/>\n<meta property=\"og:url\" content=\"https:\/\/savvusann.ee\/et\/suidsusannasumfoonia\/suitsusaunanaitus\/\" \/>\n<meta property=\"og:site_name\" content=\"Savvusann\" \/>\n<meta property=\"article:modified_time\" content=\"2019-11-09T19:11:26+00:00\" \/>\n<meta property=\"og:image\" content=\"https:\/\/savvusann.ee\/wp-content\/uploads\/2019\/11\/andres-treial-400x400.jpg\" \/>\n<meta name=\"twitter:card\" content=\"summary_large_image\" \/>\n<meta name=\"twitter:label1\" content=\"Est. reading time\" \/>\n\t<meta name=\"twitter:data1\" content=\"3 minutit\" \/>\n<script type=\"application\/ld+json\" class=\"yoast-schema-graph\">{\"@context\":\"https:\\\/\\\/schema.org\",\"@graph\":[{\"@type\":\"WebPage\",\"@id\":\"https:\\\/\\\/savvusann.ee\\\/et\\\/suidsusannasumfoonia\\\/suitsusaunanaitus\\\/\",\"url\":\"https:\\\/\\\/savvusann.ee\\\/et\\\/suidsusannasumfoonia\\\/suitsusaunanaitus\\\/\",\"name\":\"Suitsusaunan\u00e4itus - Savvusann\",\"isPartOf\":{\"@id\":\"https:\\\/\\\/savvusann.ee\\\/et\\\/#website\"},\"primaryImageOfPage\":{\"@id\":\"https:\\\/\\\/savvusann.ee\\\/et\\\/suidsusannasumfoonia\\\/suitsusaunanaitus\\\/#primaryimage\"},\"image\":{\"@id\":\"https:\\\/\\\/savvusann.ee\\\/et\\\/suidsusannasumfoonia\\\/suitsusaunanaitus\\\/#primaryimage\"},\"thumbnailUrl\":\"https:\\\/\\\/savvusann.ee\\\/wp-content\\\/uploads\\\/2019\\\/11\\\/andres-treial-400x400.jpg\",\"datePublished\":\"2018-09-13T09:34:34+00:00\",\"dateModified\":\"2019-11-09T19:11:26+00:00\",\"description\":\"suitsusaunas\u00fcmfoonia, Mooste Folgikoda, Eesti Filharmoonia Kammerkoor, suitsusaunamaailm, n\u00e4itus suitsusaunakultuurist, suitsusauna virtuaalreaalsus, virbit\u00fcs, saunatarvete m\u00fc\u00fck, viht, t\u00f6\u00f6tuba, suitsusauna k\u00fctmine, ekskursioon suitsusaunadesse, suitsusaunakultuuri tutvustav loeng, suitsusaunade koost\u00f6\u00f6kogu, Vana-V\u00f5romaa suitsusaunade koost\u00f6\u00f6kogu\",\"breadcrumb\":{\"@id\":\"https:\\\/\\\/savvusann.ee\\\/et\\\/suidsusannasumfoonia\\\/suitsusaunanaitus\\\/#breadcrumb\"},\"inLanguage\":\"et\",\"potentialAction\":[{\"@type\":\"ReadAction\",\"target\":[\"https:\\\/\\\/savvusann.ee\\\/et\\\/suidsusannasumfoonia\\\/suitsusaunanaitus\\\/\"]}]},{\"@type\":\"ImageObject\",\"inLanguage\":\"et\",\"@id\":\"https:\\\/\\\/savvusann.ee\\\/et\\\/suidsusannasumfoonia\\\/suitsusaunanaitus\\\/#primaryimage\",\"url\":\"https:\\\/\\\/savvusann.ee\\\/wp-content\\\/uploads\\\/2019\\\/11\\\/andres-treial-400x400.jpg\",\"contentUrl\":\"https:\\\/\\\/savvusann.ee\\\/wp-content\\\/uploads\\\/2019\\\/11\\\/andres-treial-400x400.jpg\"},{\"@type\":\"BreadcrumbList\",\"@id\":\"https:\\\/\\\/savvusann.ee\\\/et\\\/suidsusannasumfoonia\\\/suitsusaunanaitus\\\/#breadcrumb\",\"itemListElement\":[{\"@type\":\"ListItem\",\"position\":1,\"name\":\"Home\",\"item\":\"https:\\\/\\\/savvusann.ee\\\/et\\\/\"},{\"@type\":\"ListItem\",\"position\":2,\"name\":\"Suidsusannas\u00fcmfoonia\",\"item\":\"https:\\\/\\\/savvusann.ee\\\/et\\\/suidsusannasumfoonia\\\/\"},{\"@type\":\"ListItem\",\"position\":3,\"name\":\"Suitsusaunan\u00e4itus\"}]},{\"@type\":\"WebSite\",\"@id\":\"https:\\\/\\\/savvusann.ee\\\/et\\\/#website\",\"url\":\"https:\\\/\\\/savvusann.ee\\\/et\\\/\",\"name\":\"Savvusann\",\"description\":\"Vana-V\u00f5romaa Savvusann\",\"potentialAction\":[{\"@type\":\"SearchAction\",\"target\":{\"@type\":\"EntryPoint\",\"urlTemplate\":\"https:\\\/\\\/savvusann.ee\\\/et\\\/?s={search_term_string}\"},\"query-input\":{\"@type\":\"PropertyValueSpecification\",\"valueRequired\":true,\"valueName\":\"search_term_string\"}}],\"inLanguage\":\"et\"}]}<\/script>\n<!-- \/ Yoast SEO plugin. -->","yoast_head_json":{"title":"Suitsusaunan\u00e4itus - Savvusann","description":"suitsusaunas\u00fcmfoonia, Mooste Folgikoda, Eesti Filharmoonia Kammerkoor, suitsusaunamaailm, n\u00e4itus suitsusaunakultuurist, suitsusauna virtuaalreaalsus, virbit\u00fcs, saunatarvete m\u00fc\u00fck, viht, t\u00f6\u00f6tuba, suitsusauna k\u00fctmine, ekskursioon suitsusaunadesse, suitsusaunakultuuri tutvustav loeng, suitsusaunade koost\u00f6\u00f6kogu, Vana-V\u00f5romaa suitsusaunade koost\u00f6\u00f6kogu","robots":{"index":"index","follow":"follow","max-snippet":"max-snippet:-1","max-image-preview":"max-image-preview:large","max-video-preview":"max-video-preview:-1"},"canonical":"https:\/\/savvusann.ee\/et\/suidsusannasumfoonia\/suitsusaunanaitus\/","og_locale":"et_EE","og_type":"article","og_title":"Suitsusaunan\u00e4itus - Savvusann","og_description":"suitsusaunas\u00fcmfoonia, Mooste Folgikoda, Eesti Filharmoonia Kammerkoor, suitsusaunamaailm, n\u00e4itus suitsusaunakultuurist, suitsusauna virtuaalreaalsus, virbit\u00fcs, saunatarvete m\u00fc\u00fck, viht, t\u00f6\u00f6tuba, suitsusauna k\u00fctmine, ekskursioon suitsusaunadesse, suitsusaunakultuuri tutvustav loeng, suitsusaunade koost\u00f6\u00f6kogu, Vana-V\u00f5romaa suitsusaunade koost\u00f6\u00f6kogu","og_url":"https:\/\/savvusann.ee\/et\/suidsusannasumfoonia\/suitsusaunanaitus\/","og_site_name":"Savvusann","article_modified_time":"2019-11-09T19:11:26+00:00","og_image":[{"url":"https:\/\/savvusann.ee\/wp-content\/uploads\/2019\/11\/andres-treial-400x400.jpg","type":"","width":"","height":""}],"twitter_card":"summary_large_image","twitter_misc":{"Est. reading time":"3 minutit"},"schema":{"@context":"https:\/\/schema.org","@graph":[{"@type":"WebPage","@id":"https:\/\/savvusann.ee\/et\/suidsusannasumfoonia\/suitsusaunanaitus\/","url":"https:\/\/savvusann.ee\/et\/suidsusannasumfoonia\/suitsusaunanaitus\/","name":"Suitsusaunan\u00e4itus - Savvusann","isPartOf":{"@id":"https:\/\/savvusann.ee\/et\/#website"},"primaryImageOfPage":{"@id":"https:\/\/savvusann.ee\/et\/suidsusannasumfoonia\/suitsusaunanaitus\/#primaryimage"},"image":{"@id":"https:\/\/savvusann.ee\/et\/suidsusannasumfoonia\/suitsusaunanaitus\/#primaryimage"},"thumbnailUrl":"https:\/\/savvusann.ee\/wp-content\/uploads\/2019\/11\/andres-treial-400x400.jpg","datePublished":"2018-09-13T09:34:34+00:00","dateModified":"2019-11-09T19:11:26+00:00","description":"suitsusaunas\u00fcmfoonia, Mooste Folgikoda, Eesti Filharmoonia Kammerkoor, suitsusaunamaailm, n\u00e4itus suitsusaunakultuurist, suitsusauna virtuaalreaalsus, virbit\u00fcs, saunatarvete m\u00fc\u00fck, viht, t\u00f6\u00f6tuba, suitsusauna k\u00fctmine, ekskursioon suitsusaunadesse, suitsusaunakultuuri tutvustav loeng, suitsusaunade koost\u00f6\u00f6kogu, Vana-V\u00f5romaa suitsusaunade koost\u00f6\u00f6kogu","breadcrumb":{"@id":"https:\/\/savvusann.ee\/et\/suidsusannasumfoonia\/suitsusaunanaitus\/#breadcrumb"},"inLanguage":"et","potentialAction":[{"@type":"ReadAction","target":["https:\/\/savvusann.ee\/et\/suidsusannasumfoonia\/suitsusaunanaitus\/"]}]},{"@type":"ImageObject","inLanguage":"et","@id":"https:\/\/savvusann.ee\/et\/suidsusannasumfoonia\/suitsusaunanaitus\/#primaryimage","url":"https:\/\/savvusann.ee\/wp-content\/uploads\/2019\/11\/andres-treial-400x400.jpg","contentUrl":"https:\/\/savvusann.ee\/wp-content\/uploads\/2019\/11\/andres-treial-400x400.jpg"},{"@type":"BreadcrumbList","@id":"https:\/\/savvusann.ee\/et\/suidsusannasumfoonia\/suitsusaunanaitus\/#breadcrumb","itemListElement":[{"@type":"ListItem","position":1,"name":"Home","item":"https:\/\/savvusann.ee\/et\/"},{"@type":"ListItem","position":2,"name":"Suidsusannas\u00fcmfoonia","item":"https:\/\/savvusann.ee\/et\/suidsusannasumfoonia\/"},{"@type":"ListItem","position":3,"name":"Suitsusaunan\u00e4itus"}]},{"@type":"WebSite","@id":"https:\/\/savvusann.ee\/et\/#website","url":"https:\/\/savvusann.ee\/et\/","name":"Savvusann","description":"Vana-V\u00f5romaa Savvusann","potentialAction":[{"@type":"SearchAction","target":{"@type":"EntryPoint","urlTemplate":"https:\/\/savvusann.ee\/et\/?s={search_term_string}"},"query-input":{"@type":"PropertyValueSpecification","valueRequired":true,"valueName":"search_term_string"}}],"inLanguage":"et"}]}},"_links":{"self":[{"href":"https:\/\/savvusann.ee\/et\/wp-json\/wp\/v2\/pages\/880","targetHints":{"allow":["GET"]}}],"collection":[{"href":"https:\/\/savvusann.ee\/et\/wp-json\/wp\/v2\/pages"}],"about":[{"href":"https:\/\/savvusann.ee\/et\/wp-json\/wp\/v2\/types\/page"}],"author":[{"embeddable":true,"href":"https:\/\/savvusann.ee\/et\/wp-json\/wp\/v2\/users\/1"}],"replies":[{"embeddable":true,"href":"https:\/\/savvusann.ee\/et\/wp-json\/wp\/v2\/comments?post=880"}],"version-history":[{"count":35,"href":"https:\/\/savvusann.ee\/et\/wp-json\/wp\/v2\/pages\/880\/revisions"}],"predecessor-version":[{"id":1618,"href":"https:\/\/savvusann.ee\/et\/wp-json\/wp\/v2\/pages\/880\/revisions\/1618"}],"up":[{"embeddable":true,"href":"https:\/\/savvusann.ee\/et\/wp-json\/wp\/v2\/pages\/130"}],"wp:attachment":[{"href":"https:\/\/savvusann.ee\/et\/wp-json\/wp\/v2\/media?parent=880"}],"curies":[{"name":"wp","href":"https:\/\/api.w.org\/{rel}","templated":true}]}}